{"id":9588,"date":"2023-01-20T16:49:29","date_gmt":"2023-01-20T15:49:29","guid":{"rendered":"https:\/\/birdbusters.eu\/product\/mole-repellent\/"},"modified":"2025-10-31T11:01:39","modified_gmt":"2025-10-31T10:01:39","slug":"maulwurf-abweisend","status":"publish","type":"product","link":"https:\/\/birdbusters.eu\/de\/produkt\/maulwurf-abweisend\/","title":{"rendered":"Maulwurfvertreiber"},"content":{"rendered":"<h2>Der m\u00e4chtige maulwurfschreck &#8211; Sch\u00fctzen Sie Ihren Garten und Gr\u00fcnbereich vor Sch\u00e4dlingen<\/h2>\n<p>Maulw\u00fcrfe k\u00f6nnen Ihrem Gr\u00fcnbereich und Garten erheblichen Schaden zuf\u00fcgen, indem sie unansehnliche H\u00f6hlen graben und die Wurzeln Ihrer Pflanzen zerst\u00f6ren. Gl\u00fccklicherweise ist unser Maulwurf-Abwehr eine wirksame L\u00f6sung, um diese Sch\u00e4dlinge fernzuhalten und Ihren Au\u00dfenbereich und Garten frisch zu halten.<\/p>\n<p>Diese Abwehr ist einfach zu verwenden und sicher f\u00fcr Ihre Familie und die Umwelt. H\u00e4ngen Sie es einfach um Ihren Garten und Gr\u00fcnbereich herum auf und lassen Sie es seine Arbeit tun. Die aktiven Zutaten der Abwehr erzeugen einen unangenehmen Geruch, den Maulw\u00fcrfe nicht m\u00f6gen, was sie dazu veranlasst, Ihr Land zu meiden und nach einem geeigneteren Lebensraum zu suchen.<\/p>\n<p>Neben seiner Effektivit\u00e4t ist unsere Maulwurf-Abwehr auch langfristig. Nach einer Behandlung bietet es bis zu zehn Monate Schutz, so dass Sie nicht so viel Zeit und Energie auf die \u00dcberwachung von Maulw\u00fcrfen verwenden m\u00fcssen und mehr Zeit haben, Ihren sch\u00f6nen Au\u00dfenbereich und Garten zu genie\u00dfen.<\/p>\n<p>Bei Bird Busters sind wir bestrebt, unseren Kunden hochwertige Produkte zu bieten, die Ergebnisse liefern. Unsere Maulwurf-Abwehr ist keine Ausnahme. Ob Sie Erfahrung im Gartenbau haben oder erst beginnen, ist unsere Maulwurf-Abwehr ein wichtiger Werkzeug, um Ihren Gr\u00fcnbereich und Garten gesund und sch\u00f6n zu halten.<\/p>\n<p>Warum warten Sie noch? Bestellen Sie jetzt Ihre Maulwurf-Abwehr und sch\u00fctzen Sie Ihren Garten und Gr\u00fcnbereich vor Sch\u00e4dlingen.<\/p>\n<h3>Merkmale<\/h3>\n<ul style=\"list-style-type: circle;\">\n<li>Eingebautes motorbetriebenes Ger\u00e4usch- und Vibrationselement f\u00fcr die effektivste Art und Weise, grabende Nagetiere zu vertreiben<\/li>\n<li>Zuf\u00e4llige Schall- und Vibrationsemission sowie zuf\u00e4llige Intervalle f\u00fcr beste Aussto\u00dfwirkung und Energieeffizienz<\/li>\n<li>4 Alkalibatterien der Gr\u00f6\u00dfe D (LR20) (nicht enthalten) bieten 10-monatigen Betrieb, Tag und Nacht, ohne jegliche Wettereinschr\u00e4nkungen<\/li>\n<li>Humane und umweltfreundliche Art; Keine Fallen, kein Gas, kein Gift<\/li>\n<li>100 % wasserdicht, einfacher Batteriewechsel und wartungsfrei<\/li>\n<li>Solide Konstruktion mit Aluminiumschaft und langlebigem ABS-Kunststoff f\u00fcr langj\u00e4hrige Nutzung<\/li>\n<li>Unsch\u00e4dlich f\u00fcr Menschen, Haustiere, W\u00fcrmer und andere unterirdische Insekten<\/li>\n<\/ul>\n","protected":false},"excerpt":{"rendered":"<p>Extrem effektiver Maulwurfj\u00e4ger, der auch das humanste, umweltfreundlichste und sicherste Abwehrmittel gegen Maulw\u00fcrfe ist.<\/p>\n<p>Abmessungen: 41,5 x 6,5 cm<\/p>\n<p>Gewicht: 370 gr<\/p>\n<p>Effektive Abdeckung: innerhalb von 1500 m2 ohne Hindernisse<\/p>\n<p>&nbsp;<\/p>\n","protected":false},"featured_media":13838,"template":"","meta":{"_themeisle_gutenberg_block_has_review":false},"product_brand":[],"product_cat":[166],"product_tag":[],"class_list":{"0":"post-9588","1":"product","2":"type-product","3":"status-publish","4":"has-post-thumbnail","6":"product_cat-tiervertreiber","8":"first","9":"instock","10":"taxable","11":"shipping-taxable","12":"purchasable","13":"product-type-simple"},"_links":{"self":[{"href":"https:\/\/birdbusters.eu\/de\/wp-json\/wp\/v2\/product\/9588","targetHints":{"allow":["GET"]}}],"collection":[{"href":"https:\/\/birdbusters.eu\/de\/wp-json\/wp\/v2\/product"}],"about":[{"href":"https:\/\/birdbusters.eu\/de\/wp-json\/wp\/v2\/types\/product"}],"wp:featuredmedia":[{"embeddable":true,"href":"https:\/\/birdbusters.eu\/de\/wp-json\/wp\/v2\/media\/13838"}],"wp:attachment":[{"href":"https:\/\/birdbusters.eu\/de\/wp-json\/wp\/v2\/media?parent=9588"}],"wp:term":[{"taxonomy":"product_brand","embeddable":true,"href":"https:\/\/birdbusters.eu\/de\/wp-json\/wp\/v2\/product_brand?post=9588"},{"taxonomy":"product_cat","embeddable":true,"href":"https:\/\/birdbusters.eu\/de\/wp-json\/wp\/v2\/product_cat?post=9588"},{"taxonomy":"product_tag","embeddable":true,"href":"https:\/\/birdbusters.eu\/de\/wp-json\/wp\/v2\/product_tag?post=9588"}],"curies":[{"name":"wp","href":"https:\/\/api.w.org\/{rel}","templated":true}]}}