{"id":1934,"date":"2019-07-15T22:04:51","date_gmt":"2019-07-15T20:04:51","guid":{"rendered":"https:\/\/birdbusters.eu\/tietoa-birdbustersista\/"},"modified":"2019-08-28T20:05:38","modified_gmt":"2019-08-28T18:05:38","slug":"tietoa-birdbustersista","status":"publish","type":"page","link":"https:\/\/birdbusters.eu\/fi\/tietoa-birdbustersista\/","title":{"rendered":"Tietoa Birdbustersista"},"content":{"rendered":"<h2><span style=\"font-size: 14pt;\">Meid\u00e4n tarinamme<\/span><\/h2>\n<p style=\"text-align: justify;\">Kaikki alkoi maatilalta Pohjois-Virossa, kun huomasimme, ett\u00e4 sudet olivat ruvenneet systemaattisesti hy\u00f6kk\u00e4\u00e4m\u00e4\u00e4n lampaiden kimppuun. Yritimme monin eri tavoin pelottaa pedot pois, mutta ne vain palasivat aina. Ei juuri auttanut, ett\u00e4\u00a0oli kes\u00e4, ja sudenpennut\u00a0olivat jo kasvaneet tarpeeksi mets\u00e4stystunteja varten. Valitettavasti lampaitamme n\u00e4ht\u00e4v\u00e4sti pidettiin t\u00e4ydellisen\u00e4 harjoittelukohteena.\u00a0Ei tarvinne mainita, ett\u00e4 aamuisin laitumella kohtaamamme n\u00e4ky oli sanoinkuvaamattoman kauhea.<\/p>\n<p><img loading=\"lazy\" decoding=\"async\" class=\"alignright wp-image-110\" src=\"https:\/\/nirgu.ee\/wp-content\/uploads\/2015\/09\/Scaryman-5-388x300.jpg\" alt=\"\" width=\"302\" height=\"234\" title=\"\"><!--more-->Viron hallitukselta saa vastaaviin tapauksiin tietty\u00e4 rahallista tukea, mutta sen m\u00e4\u00e4r\u00e4 ole l\u00e4hesk\u00e4\u00e4n riitt\u00e4v\u00e4 uuden lauman hankkimiseksi. Eik\u00e4 pid\u00e4 unohtaa vaadittavaa loputonta byrokratiaa.<\/p>\n<p style=\"text-align: left;\">Joten meid\u00e4n oli keksitt\u00e4v\u00e4 pian jotain toimivampaa. Aloimme etsi\u00e4 tehokkaampia keinoja susien pelottamiseksi. Yksi asia, mihin kiinnitimme nopeasti huomiota, oli kaasutykki. Saimme nopeasti selville, ett\u00e4 kukaan ei myy niit\u00e4 Virossa, joten eri kontaktien kautta saimme lopulta Liettuasta ensimm\u00e4isen mallitykkimme.<\/p>\n<p style=\"text-align: left;\">Valitettavasti tykist\u00e4 l\u00e4htev\u00e4 \u00e4\u00e4ni oli liian kova, ja siten lampaat olivat jatkuvasti stressaantuneita sen \u00e4\u00e4nest\u00e4. Niin voimakas paukuttaminen oli lopetettava ja tykki oli myyt\u00e4v\u00e4. Yll\u00e4tt\u00e4en kuitenkin tuhoel\u00e4inten torjuntaan liittyv\u00e4 kysynt\u00e4 kasvoi niin suureksi, ett\u00e4 lopulta p\u00e4\u00e4dyimme tilaamaan kymmenitt\u00e4in kaasutykkej\u00e4 muille. Yksi asia johti toiseen ja n\u00e4in Nirgu-verkkokauppa (virolainen Birdbusters-verkkokauppa) oli syntynyt.<\/p>\n<p>Lis\u00e4ksi ihmiset alkoivat kysy\u00e4 meilt\u00e4 neuvoja ja k\u00e4\u00e4ntyiv\u00e4t puoleemme eritt\u00e4in mielenkiintoisten ongelmien kanssa. Esimerkiksi er\u00e4s tuttava valitti, ett\u00e4 linnut n\u00e4ytt\u00e4v\u00e4t pilaavan vain h\u00e4nen autoaan. Riippumatta siit\u00e4, mihin h\u00e4n pys\u00e4k\u00f6i, linnut hy\u00f6kk\u00e4siv\u00e4t h\u00e4nen autoonsa. K\u00e4vi ilmi, ett\u00e4 haikarat n\u00e4ytt\u00e4v\u00e4t yritt\u00e4v\u00e4n pelotella ihmisi\u00e4 ikkunoiden tai lasiovien kautta &#8211; tosiasiassa he kuitenkin pelk\u00e4\u00e4v\u00e4t n\u00e4kem\u00e4\u00e4ns\u00e4 &#8220;toista haikaraa&#8221;, jonka he n\u00e4kev\u00e4t heijastuksesta.<\/p>\n<p>Nyky\u00e4\u00e4n muuttolintujen ongelmat ovat p\u00e4ivitt\u00e4inen huolenaihe, ja tekemist\u00e4 riitt\u00e4\u00e4 my\u00f6s katoilla viihtyvien lokkien ja kyyhkysten k\u00e4sittelyss\u00e4. Viimeisin &#8220;trendi&#8221; ovat tikat, jotka n\u00e4ytt\u00e4v\u00e4t haluavan purkaa taloja &#8211; he valitsevat puisen sein\u00e4n tai tuulilasin ja alkavat tehd\u00e4 reiki\u00e4.<\/p>\n<h2><span style=\"font-size: 14pt;\">Missiomme<\/span><\/h2>\n<p>&nbsp;<\/p>\n<table style=\"width: 100%; border-collapse: collapse;\" border=\"0\">\n<tbody>\n<tr>\n<td style=\"width: 45.9607%;\"><img loading=\"lazy\" decoding=\"async\" class=\" wp-image-156 aligncenter\" src=\"https:\/\/nirgu.ee\/wp-content\/uploads\/2015\/10\/birds-470x156.jpg\" alt=\"\" width=\"416\" height=\"138\" title=\"\"><\/td>\n<td style=\"width: 53.9301%;\">T\u00e4n\u00e4 p\u00e4iv\u00e4n\u00e4 meill\u00e4 on jo 1 000 tyytyv\u00e4ist\u00e4 asiakasta. Valikoimissamme on yli 50 karkotinta ja kasvatamme niiden m\u00e4\u00e4r\u00e4\u00e4 jatkuvasti voidaksemme tarjota kaikkein tehokkaimpia keinoja lintujen karkottamiseksi ja el\u00e4inten poissa pit\u00e4miseksi. Me etsimme jatkuvasti uusia innovatiivisia ja tehokkaita karkotuskeinoja avuksesi.<\/td>\n<\/tr>\n<\/tbody>\n<\/table>\n","protected":false},"excerpt":{"rendered":"<p>Meid\u00e4n tarinamme Kaikki alkoi maatilalta Pohjois-Virossa, kun huomasimme, ett\u00e4 sudet olivat ruvenneet systemaattisesti hy\u00f6kk\u00e4\u00e4m\u00e4\u00e4n lampaiden kimppuun. Yritimme monin eri tavoin pelottaa pedot pois, mutta ne vain palasivat aina. Ei juuri auttanut, ett\u00e4\u00a0oli kes\u00e4, ja sudenpennut\u00a0olivat jo kasvaneet tarpeeksi mets\u00e4stystunteja varten. Valitettavasti lampaitamme n\u00e4ht\u00e4v\u00e4sti pidettiin t\u00e4ydellisen\u00e4 harjoittelukohteena.\u00a0Ei tarvinne mainita, ett\u00e4 aamuisin laitumella kohtaamamme n\u00e4ky oli sanoinkuvaamattoman [&hellip;]<\/p>\n","protected":false},"author":1,"featured_media":0,"parent":0,"menu_order":0,"comment_status":"closed","ping_status":"closed","template":"","meta":{"_themeisle_gutenberg_block_has_review":false,"footnotes":""},"class_list":["post-1934","page","type-page","status-publish","hentry"],"_links":{"self":[{"href":"https:\/\/birdbusters.eu\/fi\/wp-json\/wp\/v2\/pages\/1934","targetHints":{"allow":["GET"]}}],"collection":[{"href":"https:\/\/birdbusters.eu\/fi\/wp-json\/wp\/v2\/pages"}],"about":[{"href":"https:\/\/birdbusters.eu\/fi\/wp-json\/wp\/v2\/types\/page"}],"author":[{"embeddable":true,"href":"https:\/\/birdbusters.eu\/fi\/wp-json\/wp\/v2\/users\/1"}],"replies":[{"embeddable":true,"href":"https:\/\/birdbusters.eu\/fi\/wp-json\/wp\/v2\/comments?post=1934"}],"version-history":[{"count":6,"href":"https:\/\/birdbusters.eu\/fi\/wp-json\/wp\/v2\/pages\/1934\/revisions"}],"predecessor-version":[{"id":2464,"href":"https:\/\/birdbusters.eu\/fi\/wp-json\/wp\/v2\/pages\/1934\/revisions\/2464"}],"wp:attachment":[{"href":"https:\/\/birdbusters.eu\/fi\/wp-json\/wp\/v2\/media?parent=1934"}],"curies":[{"name":"wp","href":"https:\/\/api.w.org\/{rel}","templated":true}]}}