{"id":1967,"date":"2019-07-26T10:22:25","date_gmt":"2019-07-26T08:22:25","guid":{"rendered":"https:\/\/birdbusters.eu\/?page_id=1967"},"modified":"2026-02-23T14:38:53","modified_gmt":"2026-02-23T13:38:53","slug":"kayttoehdot","status":"publish","type":"page","link":"https:\/\/birdbusters.eu\/fi\/kayttoehdot\/","title":{"rendered":"VERKKOKAUPAN MYYNTIEHDOT"},"content":{"rendered":"<p>Verkkokaupan birdbusters.eu (j\u00e4ljemp\u00e4n\u00e4: Verkkokauppa) omistaja on Salu OU\u0308 (yhteis\u00f6tunnus 12600389), kotipaikka Kunderi 27-10, Tallinna, Viro.<\/p>\n<h3><strong>Myyntiehdot sek\u00e4 tuote- ja hintatiedot<\/strong><\/h3>\n<p>Verkkokaupassa asioimiseen sovelletaan myyntiehtoja.<\/p>\n<p>Verkkokaupan hinnat on merkitty kunkin tuotteen yhteyteen. Tuotteen hintaan lis\u00e4t\u00e4\u00e4n toimitusmaksu. Kaikki hinnat ovat saatavilla euroina (EUR), Ruotsin kruunuina (SEK) ja Sveitsin frankeina (CHF).<\/p>\n<p>Toimitusmaksun m\u00e4\u00e4r\u00e4 riippuu toimitusosoitteesta ja toimitustavasta. Toimitusmaksun m\u00e4\u00e4r\u00e4 ilmoitetaan tilauksen vahvistamisen yhteydess\u00e4.<\/p>\n<p>Tuotetiedot on merkitty Verkkokaupassa kunkin tuotteen yhteyteen.<\/p>\n<h3><strong>Tilauksen tekeminen<\/strong><\/h3>\n<p>Haluttu tuote lis\u00e4t\u00e4\u00e4n ostoskoriin. Tuotteen tilaamista varten annetaan vaaditut tiedot ja valitaan sopiva toimitustapa. T\u00e4m\u00e4n j\u00e4lkeen asiakas n\u00e4kee lopullisen maksettavan ostohinnan, joka maksetaan turvallisesti pankkilinkin kautta tai muulla maksutavalla.<\/p>\n<p>Verkkokaupassa maksaminen on mahdollista seuraavien pankkien kautta:<\/p>\n<ul>\n<li>Latviassa: Swedbank, SEB, Citadele, Luminor;<\/li>\n<li>Liettuassa: Swedbank, SEB, Luminor;<\/li>\n<li>Suomessa: Danske, Handelsbanken, Nordea, Oma S\u00e4\u00e4st\u00f6pankki, Pohjola, Aktia, \u00c5landsbanken, POP Pankki, S-Pankki, S\u00e4\u00e4st\u00f6pankki.<\/li>\n<\/ul>\n<p>Lis\u00e4ksi verkkokaupassa on mahdollista maksaa PayPalissa Visalla ja Mastercardilla.<\/p>\n<p>Huom! Pankkilinkill\u00e4 maksettaessa on lopuksi valittava \u201dTakaisin verkkokauppaan\u201d.<\/p>\n<p>Tilauksen vahvistamisen j\u00e4lkeen asiakkaan s\u00e4hk\u00f6postiosoitteeseen l\u00e4hetet\u00e4\u00e4n tilausvahvistus ja lasku. Jos vahvistusta ei kymmeness\u00e4 minuutissa tule, ota yhteytt\u00e4 verkkokauppaan joko s\u00e4hk\u00f6postitse <a href=\"https:\/\/birdbusters.eu\/fi\/\">birdbusters.eu<\/a> tai puhelimitse +3725267138. Asiakastuki palvelee viroksi, englanniksi ja ven\u00e4j\u00e4ksi.<\/p>\n<p>Myyntisopimus tulee voimaan, kun ostosumma on saapunut Verkkokaupan pankkitilille.<\/p>\n<p>Jos tilattua tuotetta ei voida toimittaa tuotteen loppumisen tai muun syyn vuoksi, asiakkaalle ilmoitetaan ensi tilassa ja tuotteen myyntihinta palautetaan toimituskuluineen viipym\u00e4tt\u00e4 tai viimeist\u00e4\u00e4n 14 vuorokautta ilmoituksen l\u00e4hett\u00e4misest\u00e4.<\/p>\n<h3><strong>Toimitus<\/strong><\/h3>\n<p>Tavarat toimitetaan maailmanlaajuisesti. Tarkista saatavilla olevat maat ostoskorista. Jos maatasi ei ole luettelossa, ota meihin yhteytt\u00e4, niin lis\u00e4\u00e4mme maasi, jos mahdollista.<\/p>\n<p>Tilaus toimitetaan pakettiautomaatteihin tai kuriirin v\u00e4lityksell\u00e4. Toimitusvaihtoehdot tulevat n\u00e4kyviin, kun olet valinnut kohdemaan ja sy\u00f6tt\u00e4nyt osoitteen kassalla.<\/p>\n<p>Toimituskulut maksaa asiakas. Hintatiedot n\u00e4kyv\u00e4t toimitustavan vieress\u00e4.<\/p>\n<p>Toimitusajat vaihtelevat maan ja toimitustavan mukaan. Virossa, Suomessa, Latviassa ja Liettuassa tilaukset toimitetaan perille yleens\u00e4 3\u201310 ty\u00f6p\u00e4iv\u00e4n kuluessa kauppasopimuksen voimaantulosta. Kaikkiin Euroopan maihin tehdyt tilaukset saapuvat taatusti 18 arkip\u00e4iv\u00e4n kuluessa ja tilaukset Euroopan unionin ulkopuolelle kest\u00e4\u00e4 jopa 5 viikkoa.<\/p>\n<p>Toimitusajat voivat olla pidempi\u00e4 kiireisin\u00e4 aikoina, kuten joulu ja musta perjantai.<\/p>\n<p>Emme ole vastuussa odottamattomista ongelmista johtuvista toimitusviiveist\u00e4.<\/p>\n<p>Tuotteen saatavuus varastossamme voi vaikutta toimitusaikaan. Verkkokaupalla on poikkeustapauksissa oikeus l\u00e4hett\u00e4\u00e4 tuote enint\u00e4\u00e4n 45 kalenterip\u00e4iv\u00e4n kuluessa.<\/p>\n<p>Ilmoitamme tiedossamme olevista viiv\u00e4styksist\u00e4. Jos tilauksesi ei ole saapunut toivottuun p\u00e4iv\u00e4m\u00e4\u00e4r\u00e4\u00e4n menness\u00e4, ota meihin yhteytt\u00e4 info@birdbusters.eu.<\/p>\n<p>Verkkokauppa ja kuljetusyritys eiv\u00e4t ole vastuussa toimituksen viiv\u00e4stymisest\u00e4 ja mahdollisista sekaannuksista, jos niiden syyn\u00e4 on tilauksen yhteydess\u00e4 asiakkaan antamat virheelliset tai puutteelliset tiedot.<\/p>\n<p>Kaikki tilaukset toimitetaan Euroopan Unionista.<\/p>\n<h3><strong>Palautuspolitiikka<\/strong><\/h3>\n<p><strong>14 p\u00e4iv\u00e4n palautusoikeus: <\/strong>Voit peruuttaa tilauksesi ja palautta tuotteet 14 p\u00e4iv\u00e4n kuluessa toimituksesta. L\u00e4ht\u00f6laskenta alkaa, kun sin\u00e4 tai valitsemasi kolmas osapuoli (ei toimituspalvelu) vastaanottaa tuotteet. Muista l\u00e4hett\u00e4\u00e4 tuotteet takaisin tai esitt\u00e4\u00e4 palautustodistus t\u00e4m\u00e4n ajan kuluessa.<\/p>\n<p><strong>Palautusehdot:\u00a0<\/strong><\/p>\n<p>Tuotteet tulee palauttaa alkuper\u00e4isess\u00e4 pakkauksessaan ja kaikki etiketit kiinnitettyin\u00e4. Jos hintalappu tai pakkaus on vaurioitunut, sovelletaan kohtuullisia poikkeuksia. K\u00e4ytettyj\u00e4 tuotteita ei kuitenkaan voi palauttaa.<\/p>\n<p>Mik\u00e4li paketti vaikuttaa vaurioituneen vastaanotettaessa, vastaanottajan on otettava paketista selke\u00e4t valokuvat ennen sen avaamista. N\u00e4ist\u00e4 kuvista tulee n\u00e4ky\u00e4 n\u00e4kyv\u00e4sti pakkauksen ulkopinnan vauriot. Vastaanottajan tulee l\u00e4hett\u00e4\u00e4 kuvat tilausnumeroineen ja lyhyt kuvaus vahingoista mahdollisimman pian asiakaspalvelumme osoitteeseen info@birdbusters.eu. Jos pakkauksen kuntoa ei dokumentoida ennen avaamista, se voi vaikuttaa oikeuteen hyvitykseen tai vaihtoon.<\/p>\n<p>14 p\u00e4iv\u00e4n palautusoikeuden k\u00e4ytt\u00e4miseksi tuotteita ei saa k\u00e4ytt\u00e4\u00e4 tavalla, joka ylitt\u00e4\u00e4 tarpeen tavaran luonteen, ominaisuuksien ja toiminnan varmistamiseksi samalla tavalla kuin tuotetta fyysisest\u00e4 kaupasta ostettaessa.<\/p>\n<p>N\u00e4kyv\u00e4 kuluminen tai v\u00e4\u00e4rink\u00e4ytt\u00f6 voi johtaa palautuksen ep\u00e4\u00e4miseen tai pienemp\u00e4\u00e4n palautussummaan tavaran arvon alenemisen mukaisesti.<\/p>\n<p>Palautusoikeus raukeaa, jos tilaaja on oikeushenkil\u00f6.<\/p>\n<p><strong>Palautus:\u00a0<\/strong>L\u00e4het\u00e4 palautuspyynt\u00f6 s\u00e4hk\u00f6postitse info@birdbusters.eu viimeist\u00e4\u00e4n 14 p\u00e4iv\u00e4n kuluessa tavaran vastaanottamisesta.<\/p>\n<p><strong>Palautuskulut:\u00a0<\/strong>Sinun on katettava palautuskulut, ellei palautuksen syyn\u00e4 ole tilauksen vastaisuus tai tuote on virheellinen tai viallinen.<\/p>\n<p><strong>Vastuu:\u00a0<\/strong>Olet vastuussa tuotteesta, kunnes se saapuu turvallisesti meille. Varmista, ett\u00e4 se on hyvin pakattu, jotta se ei vahingoitu kuljetuksen aikana.<\/p>\n<p><strong>Palautukset:\u00a0<\/strong>Palautukset k\u00e4sitell\u00e4\u00e4n mahdollisimman pian, mutta viimeist\u00e4\u00e4n 14 p\u00e4iv\u00e4n kuluessa palautetun tuotteen vastaanottamisesta. Hyvitys suoritetaan samalle tilille, jolta maksu on suoritettu.<\/p>\n<p>T\u00e4ysi tilauksen palautus sis\u00e4lt\u00e4\u00e4 toimituskulut.<\/p>\n<p>Osittaisesta palautuksesta toimituskuluja ei palauteta.<\/p>\n<p>Verkkokaupalla on oikeus kielt\u00e4yty\u00e4 palautuksesta, kunnes palautettava tavara on vastaanotettu tai ostaja on toimittanut todisteen tuotteiden palauttamisesta sen mukaan, kumpi tapahtuu ensin.<\/p>\n<p>Mik\u00e4li ostaja on valinnut muun toimitustavan kuin verkkokaupan tarjoama halvin tavanomainen toimitustapa, kauppa ei ole velvollinen korvaamaan tavanomaisen toimituskulun ylitt\u00e4v\u00e4\u00e4 kustannuksia.<\/p>\n<p>Verkkokaupalla on oikeus vet\u00e4yty\u00e4 myynnist\u00e4 ja vaatia ostajaa palauttamaan tavarat, jos tuotteen merkitty hinta verkkokaupassa on virheellisesti huomattavasti alhaisempi kuin tavaran markkinahinta.<\/p>\n<p>Verkkokauppa ei ota vastuuta mahdollisista vahingoista, joita ostajalle on aiheutunut teknisist\u00e4 ongelmista (ongelmista verkkokaupan k\u00e4yt\u00f6ss\u00e4\u00e4), mukaan lukien tilatun tuotteen viiv\u00e4stymisest\u00e4. T\u00e4ss\u00e4 tekniset ongelmat tulkitaan myyj\u00e4st\u00e4 riippumattomiksi teknisiksi ongelmiksi, kuten Internet-yhteyden katkeaminen, palvelinh\u00e4iri\u00f6t jne. <strong>\u00a0<\/strong><\/p>\n<h3><strong>Vaatimukset\u00a0<\/strong><\/h3>\n<p>Verkkokauppa vastaa myytyjen tuotteiden vaatimustenvastaisuudesta tai toimitushetkell\u00e4 ilmenneist\u00e4 puutteista, jotka ilmenev\u00e4t kahden vuoden sis\u00e4ll\u00e4. Oletamme, ett\u00e4 kaikki kuuden kuujauden kuluessa havaitut viat olivat olemassa toimituksesta, ja jos olemme ep\u00e4varmoja, meill\u00e4 on velvollisuus todistaa toisin.<\/p>\n<p>Ostajan tulee ilmoittaa Verkkokaupalle virheist\u00e4 kahden kuukauden kuluessa l\u00e4hett\u00e4m\u00e4ll\u00e4 Verkkokaupalle s\u00e4hk\u00f6postin osoitteeseen info@birdbusters.eu tai soittamalla numeroon +372 5267138.<\/p>\n<p>Emme vastaa vahingoista, jotka johtuvat ostajan tuottamuksesta tai huolimattomuudesta, tuotteen v\u00e4\u00e4rink\u00e4yt\u00f6st\u00e4 tai luonnollisesta kulumisesta normaalin k\u00e4yt\u00f6n aikana.<\/p>\n<p>Jos verkkokaupasta ostetuissa tuotteissa on virheit\u00e4, joista olemme vastuussa, korjaamme tai vaihdamme vialliset tuotteet. Jos tuotetta ei voida korjata tai vaihtaa, hyvit\u00e4mme viallisen tuotteen.<\/p>\n<p>Vastaamme valitukseen kirjallisesti 15 p\u00e4iv\u00e4n kuluessa.<\/p>\n<p>Vian ilmoittamista varten tulee l\u00e4hett\u00e4\u00e4 vastaava hakemus s\u00e4hk\u00f6postitse info@birdbusters.eu. Hakemuksen tulee sis\u00e4lt\u00e4\u00e4:<\/p>\n<ul>\n<li>Nimi ja yhteystiedot<\/li>\n<li>Valituksen p\u00e4iv\u00e4m\u00e4\u00e4r\u00e4<\/li>\n<li>Kuvaus viasta<\/li>\n<li>Tilausnumero<\/li>\n<li>Kuvia viasta.<\/li>\n<\/ul>\n<p><strong>Henkil\u00f6tietojen k\u00e4sitteleminen<\/strong><\/p>\n<p>Verkkokauppa k\u00e4ytt\u00e4\u00e4 asiakkaan antamia henkil\u00f6tietoja ainoastaan tilausten k\u00e4sittelyyn ja toimittamiseen asiakkaalle. Verkkokaupan omistaja Salu O\u00dc on henkil\u00f6tietoja k\u00e4sittelev\u00e4 vastaava henkil\u00f6 ja se luovuttaa tiedot valtuuttamalleen kumppanille Pakipoint O\u00dc:lle, jolla on oikeus luovuttaa tiedot edelleen tilauksen toimittamista varten kuljetusyritykselle. Maksutiedot Verkkokauppa luovuttaa valtuuttamalleen maksupalveluiden tarjoajalle, Maksekeskus AS:lle.<\/p>\n<p><strong>Riitatilanteet<\/strong><\/p>\n<p>Jos asiakkaalla on Verkkokauppaa koskeva valitus, se on l\u00e4hetett\u00e4v\u00e4 s\u00e4hk\u00f6postitse osoitteeseen info@birdbusters.eu.<\/p>\n<p>Jos asiakas ja Verkkokauppa eiv\u00e4t pysty sopimaan riitaa, asiakas voi vedota Viron kuluttajavalituslautakuntaan. Valitusmenettelyst\u00e4 voi lukea tarkemmin\u00a0<a href=\"https:\/\/komisjon.ee\/et\/avalduse-esitamine\" target=\"_blank\" rel=\"noopener\">t\u00e4st\u00e4<\/a>. Verkkokaupan ja asiakkaan v\u00e4liset riidat kuuluvat kuluttajavalituslautakunnan toimivaltaan. Kuluttajan tekem\u00e4n valituksen k\u00e4sittely lautakunnassa ei maksa kuluttajalle mit\u00e4\u00e4n. Asiakas voi vedota my\u00f6s Euroopan unionin\u00a0<a href=\"https:\/\/ec.europa.eu\/consumers\/odr\/main\/index.cfm?event=main.home2.show&amp;lng=ET\" target=\"_blank\" rel=\"noopener\">kuluttajakeskuksen<\/a>.<\/p>\n<p>&nbsp;<\/p>\n","protected":false},"excerpt":{"rendered":"<p>Verkkokaupan birdbusters.eu (j\u00e4ljemp\u00e4n\u00e4: Verkkokauppa) omistaja on Salu OU\u0308 (yhteis\u00f6tunnus 12600389), kotipaikka Kunderi 27-10, Tallinna, Viro. Myyntiehdot sek\u00e4 tuote- ja hintatiedot Verkkokaupassa asioimiseen sovelletaan myyntiehtoja. Verkkokaupan hinnat on merkitty kunkin tuotteen yhteyteen. Tuotteen hintaan lis\u00e4t\u00e4\u00e4n toimitusmaksu. Kaikki hinnat ovat saatavilla euroina (EUR), Ruotsin kruunuina (SEK) ja Sveitsin frankeina (CHF). Toimitusmaksun m\u00e4\u00e4r\u00e4 riippuu toimitusosoitteesta ja toimitustavasta. Toimitusmaksun [&hellip;]<\/p>\n","protected":false},"author":1,"featured_media":0,"parent":0,"menu_order":0,"comment_status":"closed","ping_status":"closed","template":"","meta":{"_themeisle_gutenberg_block_has_review":false,"footnotes":""},"class_list":["post-1967","page","type-page","status-publish","hentry"],"_links":{"self":[{"href":"https:\/\/birdbusters.eu\/fi\/wp-json\/wp\/v2\/pages\/1967","targetHints":{"allow":["GET"]}}],"collection":[{"href":"https:\/\/birdbusters.eu\/fi\/wp-json\/wp\/v2\/pages"}],"about":[{"href":"https:\/\/birdbusters.eu\/fi\/wp-json\/wp\/v2\/types\/page"}],"author":[{"embeddable":true,"href":"https:\/\/birdbusters.eu\/fi\/wp-json\/wp\/v2\/users\/1"}],"replies":[{"embeddable":true,"href":"https:\/\/birdbusters.eu\/fi\/wp-json\/wp\/v2\/comments?post=1967"}],"version-history":[{"count":17,"href":"https:\/\/birdbusters.eu\/fi\/wp-json\/wp\/v2\/pages\/1967\/revisions"}],"predecessor-version":[{"id":13759,"href":"https:\/\/birdbusters.eu\/fi\/wp-json\/wp\/v2\/pages\/1967\/revisions\/13759"}],"wp:attachment":[{"href":"https:\/\/birdbusters.eu\/fi\/wp-json\/wp\/v2\/media?parent=1967"}],"curies":[{"name":"wp","href":"https:\/\/api.w.org\/{rel}","templated":true}]}}