{"id":3077,"date":"2020-03-20T09:45:27","date_gmt":"2020-03-20T08:45:27","guid":{"rendered":"https:\/\/birdbusters.eu\/?page_id=3077"},"modified":"2020-03-20T09:46:25","modified_gmt":"2020-03-20T08:46:25","slug":"lintuparvi-voi-syoda-paivassa-500-kg-tyrnimarjoja-miten-sen-voi-estaa","status":"publish","type":"page","link":"https:\/\/birdbusters.eu\/fi\/lintuparvi-voi-syoda-paivassa-500-kg-tyrnimarjoja-miten-sen-voi-estaa\/","title":{"rendered":"Lintuparvi voi sy\u00f6d\u00e4 p\u00e4iv\u00e4ss\u00e4 500 kg tyrnimarjoja \u2013 miten sen voi est\u00e4\u00e4?"},"content":{"rendered":"<p><strong>\u201cJos kottarais- ja varisparvi lent\u00e4\u00e4 tyrnipellolle, ne voivat sy\u00f6d\u00e4 p\u00e4iv\u00e4ss\u00e4 jopa 500 kg marjoja. Ne sy\u00f6v\u00e4t ensin kaikki yl\u00e4oksien marjat ja sen j\u00e4lkeen my\u00f6s alimmaiset,\u201d Peeter Enning P\u00e4rnumaalla sijaitsevalta Sellan tilalta kuvailee lintujen viljelij\u00f6ille aiheuttamaa vahinkoa.<\/strong><\/p>\n<p><!--more--><\/p>\n<p>Linnut ovat viljelij\u00f6ille syksyisin suuri ongelma. Tyrnimarjat kypsyv\u00e4t juuri syksyll\u00e4, kun useat linnut valmistautuvat lent\u00e4m\u00e4\u00e4n pois ja aloittavat ns. varastojen tankkauksen. Linnut lent\u00e4v\u00e4t parvissa ry\u00f6st\u00e4m\u00e4\u00e4n tyrnipensaita ja voivat aiheuttaa kasvattajille paljon vahinkoa.<\/p>\n<p>Peeter Enning toteaa, ett\u00e4\u00a0<a href=\"https:\/\/birdbusters.eu\/fi\/tuote\/elektroninen-propaanitykkilinnunpelatin\/\">kaasutykit<\/a> ovat korvaamaton apuv\u00e4line. Kyseess\u00e4 on s\u00e4\u00e4nkest\u00e4v\u00e4 mekaaninen tykki, jonka \u00e4\u00e4nenvoimakkuutta voidaan verrata haulikon laukaukseen. Pamahdusv\u00e4li voidaan s\u00e4\u00e4t\u00e4\u00e4 yhdest\u00e4 minuutista 30 minuuttiin. Kaasutykki\u00e4 voidaan k\u00e4ytt\u00e4\u00e4 my\u00f6s villisikojen ja susien karkotukseen.<\/p>\n<p>Koska linnut ovat ovelia, Enning suosittelee k\u00e4ytt\u00e4m\u00e4\u00e4n tykkien lis\u00e4ksi my\u00f6s muita karkotusv\u00e4lineit\u00e4. Tykit tulisi h\u00e4nen mukaansa sijoittaa 200 metrin v\u00e4lein, ja h\u00e4n suosittelee k\u00e4ytt\u00e4m\u00e4\u00e4n lis\u00e4ksi hahmoja sek\u00e4 nauhoja. Karkotusmenetelmi\u00e4 tulisi k\u00e4ytt\u00e4\u00e4 ehk\u00e4isev\u00e4sti, sill\u00e4 lintuja on hankala karkottaa, jos ne ovat jo p\u00e4\u00e4sseet marjojen makuun.<\/p>\n<p>Suosittelemme ostamaan lis\u00e4ksi <a href=\"https:\/\/birdbusters.eu\/fi\/tuote\/kolmijalka-kaasutykkeihin\/\" target=\"_blank\" rel=\"noopener\">tykin<\/a> statiivin, jonka avulla tykill\u00e4 voidaan ampua 360 asteen kulmassa.<\/p>\n<p>Yksi tehokkaimpia tapoja lintujen karkottamiseen on leija. Leijan on ehdottomasti lennett\u00e4v\u00e4 pensaiden yll\u00e4, mik\u00e4 tarkoittaa, ett\u00e4 sen on oltava melko <a href=\"https:\/\/birdbusters.eu\/fi\/tuote\/linnunpelatin-9-metrin-vavalla\/\" target=\"_blank\" rel=\"noopener\">pitk\u00e4n<\/a> seip\u00e4\u00e4n p\u00e4\u00e4ss\u00e4.<\/p>\n","protected":false},"excerpt":{"rendered":"<p>\u201cJos kottarais- ja varisparvi lent\u00e4\u00e4 tyrnipellolle, ne voivat sy\u00f6d\u00e4 p\u00e4iv\u00e4ss\u00e4 jopa 500 kg marjoja. Ne sy\u00f6v\u00e4t ensin kaikki yl\u00e4oksien marjat ja sen j\u00e4lkeen my\u00f6s alimmaiset,\u201d Peeter Enning P\u00e4rnumaalla sijaitsevalta Sellan tilalta kuvailee lintujen viljelij\u00f6ille aiheuttamaa vahinkoa.<\/p>\n","protected":false},"author":1,"featured_media":1544,"parent":0,"menu_order":0,"comment_status":"closed","ping_status":"closed","template":"","meta":{"_themeisle_gutenberg_block_has_review":false,"footnotes":""},"class_list":["post-3077","page","type-page","status-publish","has-post-thumbnail","hentry"],"_links":{"self":[{"href":"https:\/\/birdbusters.eu\/fi\/wp-json\/wp\/v2\/pages\/3077","targetHints":{"allow":["GET"]}}],"collection":[{"href":"https:\/\/birdbusters.eu\/fi\/wp-json\/wp\/v2\/pages"}],"about":[{"href":"https:\/\/birdbusters.eu\/fi\/wp-json\/wp\/v2\/types\/page"}],"author":[{"embeddable":true,"href":"https:\/\/birdbusters.eu\/fi\/wp-json\/wp\/v2\/users\/1"}],"replies":[{"embeddable":true,"href":"https:\/\/birdbusters.eu\/fi\/wp-json\/wp\/v2\/comments?post=3077"}],"version-history":[{"count":2,"href":"https:\/\/birdbusters.eu\/fi\/wp-json\/wp\/v2\/pages\/3077\/revisions"}],"predecessor-version":[{"id":3079,"href":"https:\/\/birdbusters.eu\/fi\/wp-json\/wp\/v2\/pages\/3077\/revisions\/3079"}],"wp:featuredmedia":[{"embeddable":true,"href":"https:\/\/birdbusters.eu\/fi\/wp-json\/wp\/v2\/media\/1544"}],"wp:attachment":[{"href":"https:\/\/birdbusters.eu\/fi\/wp-json\/wp\/v2\/media?parent=3077"}],"curies":[{"name":"wp","href":"https:\/\/api.w.org\/{rel}","templated":true}]}}