{"id":11505,"date":"2023-11-22T17:12:02","date_gmt":"2023-11-22T16:12:02","guid":{"rendered":"https:\/\/birdbusters.eu\/product\/automatic-bird-laser\/"},"modified":"2025-10-31T11:01:13","modified_gmt":"2025-10-31T10:01:13","slug":"laser-torjuntalaite","status":"publish","type":"product","link":"https:\/\/birdbusters.eu\/fi\/tuote\/laser-torjuntalaite\/","title":{"rendered":"Laser torjuntalaite"},"content":{"rendered":"<p>T\u00e4ysautomaattinen lintujen laser torjuntalaite on tehokkain laserlaite tuholaislintujen torjuntaan. Laserin s\u00e4teet liikkuvat edestakaisin jopa <strong>350 astetta vaakasuunnassa ja 60 astetta pystysuunnassa<\/strong>. Linnut n\u00e4kev\u00e4t lasers\u00e4teen fyysisen\u00e4 vaarana ja pakenevat.<\/p>\n<p>Laite on erityisen hy\u00f6dyllinen maataloudessa ja puutarhataloudessa hanhia, ankkoja ja varisia vastaan. Hedelm\u00e4tarhoissa se on tehokas kyyhkysi\u00e4, korvidoita ja tiaisia \u200b\u200bvastaan. Kerrostaloissa se karkottaa lokkeja, kyyhkysi\u00e4 ja varisia. Jos kyyhkyset ovat kuitenkin jo ilmoittaneet alueen pesim\u00e4- tai ruokintapaikakseen, laser ei aja niit\u00e4 pois.<\/p>\n<p>T\u00e4m\u00e4 malli on suunniteltu ensisijaisesti ulkok\u00e4ytt\u00f6\u00f6n h\u00e4m\u00e4r\u00e4ss\u00e4. Se on tehokkain pilvisess\u00e4, sateisessa tai sumuisessa s\u00e4\u00e4ss\u00e4 sek\u00e4 aamuisin ja iltaisin, jolloin linnut ovat aktiivisimpia. Kantama pilvisell\u00e4 taivaalla on jopa 2 kilometri\u00e4.<\/p>\n<p>Kirkkaassa auringonvalossa lasers\u00e4de ei n\u00e4y selv\u00e4sti, joten laite ei ole yht\u00e4 tehokas kuin h\u00e4m\u00e4r\u00e4ss\u00e4.<\/p>\n<p>Lintujen laser torjuntalaite on t\u00e4ysin \u00e4\u00e4net\u00f6n, joten se ei h\u00e4iritse l\u00e4hell\u00e4 olevia ihmisi\u00e4. Se on my\u00f6s s\u00e4\u00e4nkest\u00e4v\u00e4 (IP66) ja toimii -15 &#8211; 30 \u2103 l\u00e4mp\u00f6tiloissa.<\/p>\n<p>Koska lasers\u00e4teiden liike on arvaamaton, tottumisvaikutusta ei ole. Jos laseria k\u00e4ytet\u00e4\u00e4n johdonmukaisesti, linnut alkavat v\u00e4ltt\u00e4\u00e4 aluetta kokonaan.<\/p>\n<p>Automaattinen laser torjuntalaite on eritt\u00e4in helppo asentaa. Voit asettaa kantaman painikkeilla ja laite on toimintavalmis muutamassa minuutissa. Toimii joko 12V akulla tai vaihtoehtoisesti aurinkopaneelista (jopa talvikuukausina). Muita lis\u00e4varusteita ovat vedenpit\u00e4v\u00e4 adapteri laserin kytkemiseksi s\u00e4hk\u00f6verkkoon.<\/p>\n<p>HUOM! Automaattinen laser torjuntalaite kuljetetaan ja toimitetaan lavalla!<\/p>\n","protected":false},"excerpt":{"rendered":"<p>Voimakas ja tehokas automaattinen lintujen laser torjuntalaite on t\u00e4ysautomaattinen laite, joka karkottaa lintuja pitkilt\u00e4 et\u00e4isyyksilt\u00e4 vaaka- ja pystysuoralla lasers\u00e4teell\u00e4. Erityisen tehokas alueilla, joissa vaakasuuntainen s\u00e4de ei yksin riit\u00e4. Se on eritt\u00e4in tehokas hedelm\u00e4tarhoissa, viinitarhoissa ja my\u00f6s kattojen suojaamisessa, kun rakennukset ovat erikorkuisia.<\/p>\n<p>Mitat: 46 x 46 x 70<\/p>\n<p>Paino: 22 kg<\/p>\n","protected":false},"featured_media":11506,"template":"","meta":{"_themeisle_gutenberg_block_has_review":false},"product_brand":[],"product_cat":[55,56],"product_tag":[],"class_list":{"0":"post-11505","1":"product","2":"type-product","3":"status-publish","4":"has-post-thumbnail","6":"product_cat-lintujen-laserkarkottimet","7":"product_cat-lintukarkottimet","9":"first","10":"onbackorder","11":"taxable","12":"shipping-taxable","13":"purchasable","14":"product-type-simple"},"_links":{"self":[{"href":"https:\/\/birdbusters.eu\/fi\/wp-json\/wp\/v2\/product\/11505","targetHints":{"allow":["GET"]}}],"collection":[{"href":"https:\/\/birdbusters.eu\/fi\/wp-json\/wp\/v2\/product"}],"about":[{"href":"https:\/\/birdbusters.eu\/fi\/wp-json\/wp\/v2\/types\/product"}],"wp:featuredmedia":[{"embeddable":true,"href":"https:\/\/birdbusters.eu\/fi\/wp-json\/wp\/v2\/media\/11506"}],"wp:attachment":[{"href":"https:\/\/birdbusters.eu\/fi\/wp-json\/wp\/v2\/media?parent=11505"}],"wp:term":[{"taxonomy":"product_brand","embeddable":true,"href":"https:\/\/birdbusters.eu\/fi\/wp-json\/wp\/v2\/product_brand?post=11505"},{"taxonomy":"product_cat","embeddable":true,"href":"https:\/\/birdbusters.eu\/fi\/wp-json\/wp\/v2\/product_cat?post=11505"},{"taxonomy":"product_tag","embeddable":true,"href":"https:\/\/birdbusters.eu\/fi\/wp-json\/wp\/v2\/product_tag?post=11505"}],"curies":[{"name":"wp","href":"https:\/\/api.w.org\/{rel}","templated":true}]}}