{"id":11735,"date":"2023-12-11T11:36:04","date_gmt":"2023-12-11T10:36:04","guid":{"rendered":"https:\/\/birdbusters.eu\/product\/laser-bird-deterrent-for-indoor-and-outdoor-use-with-timer-remote-control\/"},"modified":"2025-11-02T13:45:51","modified_gmt":"2025-11-02T12:45:51","slug":"voimakas-laser-sisa-ja-ulko-olosuhteisiin","status":"publish","type":"product","link":"https:\/\/birdbusters.eu\/fi\/tuote\/voimakas-laser-sisa-ja-ulko-olosuhteisiin\/","title":{"rendered":"Voimakas laser sis\u00e4- ja ulko-olosuhteisiin"},"content":{"rendered":"<p>Laserin voi kytke\u00e4 p\u00e4\u00e4lle ja p\u00e4\u00e4lt\u00e4 suoraan tai k\u00e4ytt\u00e4m\u00e4ll\u00e4 kaukos\u00e4\u00e4dint\u00e4. Kaukos\u00e4\u00e4timess\u00e4 on kaksi toimintoa:<\/p>\n<ul>\n<li>p\u00e4\u00e4lle- ja p\u00e4\u00e4lt\u00e4kytkent\u00e4<\/li>\n<li>ajastin (2, 4, 6 tai 8 tuntia)<\/li>\n<\/ul>\n<p>Suojeltavat alueet: rakennukset, hangaarit, puutarhat, pellot.<\/p>\n<div style=\"width: 640px;\" class=\"wp-video\"><video class=\"wp-video-shortcode\" id=\"video-11735-1\" width=\"640\" height=\"360\" preload=\"metadata\" controls=\"controls\"><source type=\"video\/mp4\" src=\"https:\/\/birdbusters.eu\/wp-content\/uploads\/2025\/10\/1-watt-laser-animal-repeller.mp4?_=1\" \/><a href=\"https:\/\/birdbusters.eu\/wp-content\/uploads\/2025\/10\/1-watt-laser-animal-repeller.mp4\">https:\/\/birdbusters.eu\/wp-content\/uploads\/2025\/10\/1-watt-laser-animal-repeller.mp4<\/a><\/video><\/div>\n<p>&nbsp;<\/p>\n<h2 class=\"text-xl font-bold text-text-100 mt-1 -mb-0.5\">Edistynyt Laserlintukarkote \u2013 Tekniset Tiedot ja Suorituskyky<\/h2>\n<p class=\"whitespace-normal break-words\">Lintulaserlaite on suunniteltu ensisijaisesti k\u00e4ytett\u00e4v\u00e4ksi heikossa valaistuksessa, mutta sit\u00e4 voidaan k\u00e4ytt\u00e4\u00e4 my\u00f6s p\u00e4iv\u00e4nvalossa. Se sopii kaikille alueille, jotka tarvitsevat suojaa lintujen tunkeutumiselta.<\/p>\n<p class=\"whitespace-normal break-words\">Laserlaitteiden alueellinen kattavuus riippuu ymp\u00e4rist\u00f6st\u00e4: pime\u00e4ss\u00e4 lasers\u00e4de n\u00e4kyy paremmin kuin kirkkaassa valossa; suhteellisen avoimilla alueilla se n\u00e4kyy paremmin kuin paikoissa, joissa monet puut tai pensaat est\u00e4v\u00e4t s\u00e4teit\u00e4.<\/p>\n<p class=\"whitespace-normal break-words\">Lintulaserissa on tehokkaat 1000 milliwatin (mW) vihre\u00e4t s\u00e4teet. S\u00e4teet luovat useita kuvioita, jotka esiintyv\u00e4t satunnaisessa j\u00e4rjestyksess\u00e4. Bird-X Laser on ohjelmoitu toimimaan 5 minuuttia ja pit\u00e4m\u00e4\u00e4n sitten 5 minuutin tauon.<\/p>\n<p class=\"whitespace-normal break-words\">Laitteen k\u00e4ytt\u00f6i\u00e4n pident\u00e4miseksi anna laitteen j\u00e4\u00e4hty\u00e4 30 minuuttia 6-8 tunnin k\u00e4yt\u00f6n j\u00e4lkeen.<\/p>\n<p class=\"whitespace-normal break-words\">Lasers\u00e4teen maksimikantama on 300 metri\u00e4, tehokas kantama 100 metri\u00e4 ja maksimikattavuus noin 180-200 m\u00b2. Laser tarjoaa yksisuuntaisen kattavuuden, ja levityskulma on enint\u00e4\u00e4n 30 astetta molemmille puolille keskustasta (yhteens\u00e4 60 astetta). Sijoittelusta riippuen toinen yksikk\u00f6 tarjoaa lis\u00e4\u00e4ntyneen synergistisen kattavuuden, ja siksi useita laitteita suositellaan.<\/p>\n<p class=\"whitespace-normal break-words\">Laitteen toimintaa voidaan ohjata eri tavoin: suoraan tai kaukos\u00e4\u00e4timell\u00e4. Kaukos\u00e4\u00e4dint\u00e4 voidaan k\u00e4ytt\u00e4\u00e4 sen p\u00e4\u00e4lle ja pois kytkemiseen sek\u00e4 k\u00e4ytt\u00e4miseen tietyiss\u00e4 kestossa (2, 4, 6 tai 8 tuntia). Kaukos\u00e4\u00e4timen tehokas vastaanottomatka on noin 20 metri\u00e4.<\/p>\n<h2 class=\"text-xl font-bold text-text-100 mt-1 -mb-0.5\">Laserlintukarkotteen Keskeiset Edut<\/h2>\n<p class=\"whitespace-normal break-words\">Laserin t\u00e4rkein etu on, ett\u00e4 se tarjoaa hiljaisen ja tehokkaan ratkaisun lintujen karkottamiseen. Lis\u00e4ksi laser on t\u00e4ysin \u00e4\u00e4net\u00f6n, joten se ei h\u00e4iritse l\u00e4hist\u00f6ll\u00e4 olevia ihmisi\u00e4.<\/p>\n<p class=\"whitespace-normal break-words\">Koska pakoreaktio laukeaa linnun selviytymisvaistosta, toisin kuin useimmat muut karkotusmetodit, siihen ei synny tottumisvaikutusta. Laserin johdonmukaisella k\u00e4yt\u00f6ll\u00e4 linnut lopulta luokittelevat alueen liian vaaralliseksi eiv\u00e4tk\u00e4 palaa takaisin.<\/p>\n<p class=\"whitespace-normal break-words\">Laserlintukarkote on luotettava monien lintulajien kohdalla. Esimerkiksi kyyhkyset, p\u00e4\u00e4skyset, varpuset, kottaraiset ja muut pienet linnut pysyv\u00e4t poissa lasertekniikan ansiosta.<\/p>\n<h2 class=\"text-xl font-bold text-text-100 mt-1 -mb-0.5\">Usein Kysytyt Kysymykset<\/h2>\n<h3 class=\"text-lg font-bold text-text-100 mt-1 -mb-1.5\">Mit\u00e4 lintulajeja lintulaserlaite voi karkottaa?<\/h3>\n<p class=\"whitespace-normal break-words\">Laserlintukarkote on luotettava monien lintulajien kohdalla. Esimerkiksi kyyhkyset, p\u00e4\u00e4skyset, varpuset, kottaraiset ja muut pienet linnut pysyv\u00e4t poissa lasertekniikan ansiosta.<\/p>\n<h3 class=\"text-lg font-bold text-text-100 mt-1 -mb-1.5\">Miten lintulaserlaite toimii?<\/h3>\n<p class=\"whitespace-normal break-words\">Laite tarjoaa t\u00e4ysin automaattisen karkotuksen ja karkottaa linnut liikkuvalla lasers\u00e4teell\u00e4. Linnut havaitsevat lasers\u00e4teen l\u00e4hestyv\u00e4n\u00e4 fyysisen\u00e4 uhkana ja pakenevat havaitulta vaaralta.<\/p>\n<h3 class=\"text-lg font-bold text-text-100 mt-1 -mb-1.5\">Onko t\u00e4m\u00e4 lintulaserlaite tehokas lintuja vastaan?<\/h3>\n<p class=\"whitespace-normal break-words\">Kyll\u00e4, ep\u00e4ilem\u00e4tt\u00e4! On kiistaton tosiasia, ett\u00e4 lintulaserlaite est\u00e4\u00e4 tehokkaasti monenlaisia lintuja vierailemasta tietyill\u00e4 alueilla. Linnut havaitsevat l\u00e4hestyv\u00e4n lasers\u00e4teen fyysisen\u00e4 uhkana. T\u00e4m\u00e4 laukaisee halutun pakoreaktion.<\/p>\n<p class=\"whitespace-normal break-words\">Laserin johdonmukaisella k\u00e4yt\u00f6ll\u00e4 linnut lopulta luokittelevat alueen vaaralliseksi eiv\u00e4tk\u00e4 palaa takaisin.<\/p>\n<h3 class=\"text-lg font-bold text-text-100 mt-1 -mb-1.5\">Voivatko linnut tottua laserlaitteeseen?<\/h3>\n<p class=\"whitespace-normal break-words\">Koska linnut eiv\u00e4t voi ennustaa lasers\u00e4teen reitti\u00e4 etuk\u00e4teen, toisin kuin useimmilla muilla karkotusmetodeilla, tottumisvaikutusta ei synny. Tehokkuus pysyy siksi johdonmukaisena ajan my\u00f6t\u00e4.<\/p>\n<h3 class=\"text-lg font-bold text-text-100 mt-1 -mb-1.5\">Kuinka tehokas t\u00e4m\u00e4 laserlintukarkote on verrattuna muihin karkotustoimenpiteisiin?<\/h3>\n<p class=\"whitespace-normal break-words\">Optiisena lintukarkotusmetodina laserlintukarkote on osoittautunut eritt\u00e4in tehokkaaksi lintuja vastaan.<\/p>\n<p class=\"whitespace-normal break-words\">Verrattuna muihin karkotustoimenpiteisiin laserin k\u00e4ytt\u00f6 ei vaikuta ymp\u00e4rist\u00f6\u00f6n mill\u00e4\u00e4n tavalla. Laite karkottaa lintuja suurilta alueilta ja on t\u00e4ysin \u00e4\u00e4net\u00f6n.<\/p>\n<p class=\"whitespace-normal break-words\">Lis\u00e4ksi laite on vaaraton linnuille.<\/p>\n<h3 class=\"text-lg font-bold text-text-100 mt-1 -mb-1.5\">Miksi lasers\u00e4de on vihre\u00e4?<\/h3>\n<p class=\"whitespace-normal break-words\">Vihre\u00e4 on v\u00e4ri, joka toimii parhaiten lintujen karkottamisessa. Se erottuu hyvin useimmilla pinnoilla ja on selv\u00e4sti n\u00e4kyviss\u00e4 linnuille.<\/p>\n<h3 class=\"text-lg font-bold text-text-100 mt-1 -mb-1.5\">Miten tilaan?<\/h3>\n<p class=\"whitespace-normal break-words\">Lis\u00e4\u00e4 tuote ostoskoriin. Jos haluat muuttaa m\u00e4\u00e4r\u00e4\u00e4 tai poistaa tuotteen, voit tehd\u00e4 sen nyt. Jos ostoskorin sis\u00e4lt\u00f6 on oikein, sy\u00f6t\u00e4 kaikki vaaditut tiedot tarkasti ja valitse maksutapa. Kun tilaus on onnistunut, saat meilt\u00e4 vahvistuksen s\u00e4hk\u00f6postitse.<\/p>\n<h2 class=\"text-xl font-bold text-text-100 mt-1 -mb-0.5\">Tietoa Bird Bustersista<\/h2>\n<p class=\"whitespace-normal break-words\">Jos sinulla on ongelmia ei-toivottujen lintujen kanssa, ota yhteytt\u00e4 Bird Bustersin asiantuntijoihin. Tarjoamme valikoiman ymp\u00e4rist\u00f6yst\u00e4v\u00e4llisi\u00e4 tuotteita, jotka ratkaisevat tuhoel\u00e4inongelmasi ja tyydytt\u00e4v\u00e4t kaikki.<\/p>\n<p class=\"whitespace-normal break-words\">Missiomme on auttaa ihmisi\u00e4 suojaamaan puutarhansa, parvekkeensa, hedelm\u00e4puunsa ja kasvit linnuilta. Tee itsesi mukavaksi ja ker\u00e4\u00e4 uusia ideoita!<\/p>\n","protected":false},"excerpt":{"rendered":"<p>Lintujen pit\u00e4miseksi sadosta ja elintarvikevarastoista loitolla niiden torjuntaan tulisi k\u00e4ytt\u00e4\u00e4 jotakin, mit\u00e4 ne eiv\u00e4t vie siet\u00e4\u00e4.<\/p>\n<h2>Voimakas laser sis\u00e4- ja ulko-olosuhteisiin on tarkoitettu kyyhkysten, varpusien, p\u00e4\u00e4skysten ym. lintujen karkottamiseen.<\/h2>\n","protected":false},"featured_media":11736,"template":"","meta":{"_themeisle_gutenberg_block_has_review":false},"product_brand":[],"product_cat":[55,56],"product_tag":[],"class_list":{"0":"post-11735","1":"product","2":"type-product","3":"status-publish","4":"has-post-thumbnail","6":"product_cat-lintujen-laserkarkottimet","7":"product_cat-lintukarkottimet","9":"first","10":"onbackorder","11":"taxable","12":"shipping-taxable","13":"purchasable","14":"product-type-simple"},"_links":{"self":[{"href":"https:\/\/birdbusters.eu\/fi\/wp-json\/wp\/v2\/product\/11735","targetHints":{"allow":["GET"]}}],"collection":[{"href":"https:\/\/birdbusters.eu\/fi\/wp-json\/wp\/v2\/product"}],"about":[{"href":"https:\/\/birdbusters.eu\/fi\/wp-json\/wp\/v2\/types\/product"}],"wp:featuredmedia":[{"embeddable":true,"href":"https:\/\/birdbusters.eu\/fi\/wp-json\/wp\/v2\/media\/11736"}],"wp:attachment":[{"href":"https:\/\/birdbusters.eu\/fi\/wp-json\/wp\/v2\/media?parent=11735"}],"wp:term":[{"taxonomy":"product_brand","embeddable":true,"href":"https:\/\/birdbusters.eu\/fi\/wp-json\/wp\/v2\/product_brand?post=11735"},{"taxonomy":"product_cat","embeddable":true,"href":"https:\/\/birdbusters.eu\/fi\/wp-json\/wp\/v2\/product_cat?post=11735"},{"taxonomy":"product_tag","embeddable":true,"href":"https:\/\/birdbusters.eu\/fi\/wp-json\/wp\/v2\/product_tag?post=11735"}],"curies":[{"name":"wp","href":"https:\/\/api.w.org\/{rel}","templated":true}]}}