{"id":11895,"date":"2023-12-11T11:57:17","date_gmt":"2023-12-11T10:57:17","guid":{"rendered":"https:\/\/birdbusters.eu\/?post_type=product&#038;p=11895"},"modified":"2025-10-31T10:59:40","modified_gmt":"2025-10-31T09:59:40","slug":"pyoriva-lintupelotuslaser-sisa-ja-ulkokayttoon","status":"publish","type":"product","link":"https:\/\/birdbusters.eu\/fi\/tuote\/pyoriva-lintupelotuslaser-sisa-ja-ulkokayttoon\/","title":{"rendered":"Py\u00f6riv\u00e4 lintupelotuslaser sis\u00e4- ja ulkok\u00e4ytt\u00f6\u00f6n"},"content":{"rendered":"<p>Laser voidaan kytke\u00e4 p\u00e4\u00e4lle ja pois p\u00e4\u00e4lt\u00e4 suoraan tai kaukos\u00e4\u00e4timell\u00e4. Kaukos\u00e4\u00e4timess\u00e4 on kaksi toimintoa:<\/p>\n<p>kytke\u00e4 p\u00e4\u00e4lle ja pois p\u00e4\u00e4lt\u00e4<br \/>\najastin (2, 4, 6 tai 8 tuntia)<br \/>\nSuoja-alueet: rakennukset, hangaarit, puutarhat, pellot<br \/>\n<div style=\"width: 640px;\" class=\"wp-video\"><video class=\"wp-video-shortcode\" id=\"video-11895-1\" width=\"640\" height=\"360\" preload=\"metadata\" controls=\"controls\"><source type=\"video\/mp4\" src=\"https:\/\/birdbusters.eu\/wp-content\/uploads\/2023\/12\/2023-Bird-laser-control.mp4?_=1\" \/><a href=\"https:\/\/birdbusters.eu\/wp-content\/uploads\/2023\/12\/2023-Bird-laser-control.mp4\">https:\/\/birdbusters.eu\/wp-content\/uploads\/2023\/12\/2023-Bird-laser-control.mp4<\/a><\/video><\/div><\/p>\n<p>Laserissa on voimakkaat 1000 millimetrin (mW) vihre\u00e4t s\u00e4teet. S\u00e4teet luovat erilaisia \u200b\u200bkuvioita, jotka esiintyv\u00e4t satunnaisessa j\u00e4rjestyksess\u00e4. Bird-X Laser on esiohjelmoitu est\u00e4m\u00e4\u00e4n tuholaisia sopeutumasta jatkuvaan h\u00e4iri\u00f6\u00f6n. Se koostuu ON\/OFF-jaksosta, 5 minuutin lasers\u00e4teen n\u00e4ytt\u00f6jaksosta, jota seuraa 5 minuutin tauko. T\u00e4t\u00e4 sykli\u00e4 yll\u00e4pidet\u00e4\u00e4n Bird-X Laserin toimiessa.<\/p>\n<p>Pident\u00e4\u00e4ksesi laitteen k\u00e4ytt\u00f6ik\u00e4\u00e4, anna laitteen j\u00e4\u00e4hty\u00e4 30 minuuttia 6-8 tunnin k\u00e4yt\u00f6n j\u00e4lkeen.<\/p>\n<p>Laserin tehoalue riippuu ymp\u00e4rist\u00f6st\u00e4: se n\u00e4kyy paremmin pime\u00e4ss\u00e4 kuin valossa, n\u00e4kyy paremmin suhteellisen avoimella alueella kuin paikassa, jossa on paljon pensaita tai puita, jotka est\u00e4v\u00e4t s\u00e4teit\u00e4 jne. T\u00e4m\u00e4n lasers\u00e4teen maksimikantama pime\u00e4ss\u00e4 on 300 metri\u00e4, tehollinen et\u00e4isyys 100m, suurin peittoalue noin 400 m2. Peitt\u00e4vyys on kakkuviipaleen muotoinen, enint\u00e4\u00e4n 30 astetta keskelt\u00e4 molemmille sivuille (yhteens\u00e4 60 astetta). Laitteen py\u00f6riv\u00e4 liike mahdollistaa 120 asteen lasers\u00e4teen peiton. Sijoittelusta riippuen toinen laite tarjoaisi suuremman synergistisen peiton; Siksi useiden lasereiden k\u00e4ytt\u00f6 on eritt\u00e4in suositeltavaa, erityisesti paikassa, jossa linnut ovat k\u00e4yneet pidemp\u00e4\u00e4n tai kun alue on poikkeuksellisen houkutteleva (ruokavarastot). Laite on kosteudenkest\u00e4v\u00e4 ja soveltuu k\u00e4ytett\u00e4v\u00e4ksi my\u00f6s p\u00f6lyisiss\u00e4 ymp\u00e4rist\u00f6iss\u00e4.<\/p>\n","protected":false},"excerpt":{"rendered":"<p>Lintujen pit\u00e4miseksi loitolla sato- tai ruokavarastoista niiden karkottamiseen tulee k\u00e4ytt\u00e4\u00e4 jotain, jota ne eiv\u00e4t kest\u00e4. T\u00e4m\u00e4 lintujen pelotuslaser on suunniteltu karkottamaan kyyhkysi\u00e4, varpusia, p\u00e4\u00e4skysi\u00e4 ja muita lintuja.<\/p>\n","protected":false},"featured_media":11896,"template":"","meta":{"_themeisle_gutenberg_block_has_review":false},"product_brand":[],"product_cat":[55,56],"product_tag":[],"class_list":{"0":"post-11895","1":"product","2":"type-product","3":"status-publish","4":"has-post-thumbnail","6":"product_cat-lintujen-laserkarkottimet","7":"product_cat-lintukarkottimet","9":"first","10":"instock","11":"taxable","12":"shipping-taxable","13":"purchasable","14":"product-type-simple"},"_links":{"self":[{"href":"https:\/\/birdbusters.eu\/fi\/wp-json\/wp\/v2\/product\/11895","targetHints":{"allow":["GET"]}}],"collection":[{"href":"https:\/\/birdbusters.eu\/fi\/wp-json\/wp\/v2\/product"}],"about":[{"href":"https:\/\/birdbusters.eu\/fi\/wp-json\/wp\/v2\/types\/product"}],"wp:featuredmedia":[{"embeddable":true,"href":"https:\/\/birdbusters.eu\/fi\/wp-json\/wp\/v2\/media\/11896"}],"wp:attachment":[{"href":"https:\/\/birdbusters.eu\/fi\/wp-json\/wp\/v2\/media?parent=11895"}],"wp:term":[{"taxonomy":"product_brand","embeddable":true,"href":"https:\/\/birdbusters.eu\/fi\/wp-json\/wp\/v2\/product_brand?post=11895"},{"taxonomy":"product_cat","embeddable":true,"href":"https:\/\/birdbusters.eu\/fi\/wp-json\/wp\/v2\/product_cat?post=11895"},{"taxonomy":"product_tag","embeddable":true,"href":"https:\/\/birdbusters.eu\/fi\/wp-json\/wp\/v2\/product_tag?post=11895"}],"curies":[{"name":"wp","href":"https:\/\/api.w.org\/{rel}","templated":true}]}}