{"id":12080,"date":"2024-05-07T15:00:43","date_gmt":"2024-05-07T13:00:43","guid":{"rendered":"https:\/\/birdbusters.eu\/?post_type=product&#038;p=12080"},"modified":"2026-01-21T11:48:24","modified_gmt":"2026-01-21T10:48:24","slug":"super-plus-linnunpelotin-copy-2","status":"publish","type":"product","link":"https:\/\/birdbusters.eu\/fi\/tuote\/super-plus-linnunpelotin-copy-2\/","title":{"rendered":"Super Plus -linnunpelotin"},"content":{"rendered":"<p>Kahdella tehokkaalla ja pelottavalla tekniikalla varustettu <strong>SUPER PLUS -LINNUNPELOTIN<\/strong> k\u00e4ytt\u00e4\u00e4 petolintujen \u00e4\u00e4nten ja lintujen h\u00e4t\u00e4isen \u00e4\u00e4ntelyn digitaalisesti t\u00e4ydennettyj\u00e4 tallenteita. Laitteeseen on integroitu huippuvoimakkaat LED-salamalamput, jotka aiheuttavat visuaalisen vaikutuksen vahinkolinnuille ja muille valoa pelk\u00e4\u00e4ville el\u00e4imille, ja pit\u00e4v\u00e4t ne suojeltavalta alueelta tehokkaasti loitolla.<\/p>\n<p>Liikkeeseen reagoiva PIR-tila mahdollistaa lintujen ja muiden el\u00e4inten pelottamisen niiden todella l\u00e4hestyess\u00e4. N\u00e4in alue pysyy niille kauemmin pelottavana. Suuremman alueen (enint\u00e4\u00e4n 4.500 m<sup>2<\/sup>) suojaamiseen voit k\u00e4ytt\u00e4\u00e4 intervallia 5-30 minuuttia, jolloin laite tuottaa \u00e4\u00e4ni\u00e4 ja vilkuttaa valoja automaattisesti.<\/p>\n<p>&nbsp;<\/p>\n<p><strong>Suojeltavat alueet:<\/strong><\/p>\n<p>Maatilat, nurmikot, puutarhat, pihat, altaat, hedelm\u00e4tarhat, viinitarhat, navetat, kalalammet, purret, telttapaikat, tehtaat, varastot, kaikenlaisten muiden kiinteist\u00f6jen turvallisuus<\/p>\n<p><strong>Vaikuttaa lintuihin ja villiel\u00e4imiin:<\/strong><\/p>\n<p>Tikat, varpuset, kyyhkyset, mustarastaat, varikset, kottaraiset, muut lintulajit;<\/p>\n<p>Vahinkoel\u00e4imet kuten j\u00e4nikset, oravat, kauriit, villisiat, karhut, apinat jne\u2026<\/p>\n<p>&nbsp;<\/p>\n<p>&nbsp;<\/p>\n<p>TOIMINNOT \u2013 Vahinkolintujen, el\u00e4inten ja tunkeilijoiden tehokkaaseen torjuntaan bioakustisten \u00e4\u00e4nten ja huippuvoimakkaiden LED-salamalamppujen avulla, kun liiketunnistin havaitsee niiden liikett\u00e4 PIR-tilassa tai laitteen AUTO-tilassa s\u00e4\u00e4detyll\u00e4 aikav\u00e4lill\u00e4 5-30 minuuttia.<\/p>\n<p>SIJAINTIRAJOITUSTA EI OLE &#8211; 6 x D-paristot (LR20) mahdollistavat laitteen asentamisen juuri sinulle sopivaan paikkaan ja laite on helppo siirt\u00e4\u00e4 seuraavaan paikkaan.<\/p>\n<p>INHIMILLINEN &#8211; SUPER PLUS -LINNUPELOTIN toimii n\u00e4kym\u00e4tt\u00f6m\u00e4n\u00e4 esteen\u00e4 yhdist\u00e4m\u00e4ll\u00e4 petolintujen bioakustiikan ja superkirkkaat valonv\u00e4l\u00e4hdykset, joilla luodaan linnuille ja villiel\u00e4imille ep\u00e4miellytt\u00e4v\u00e4 alue. En\u00e4\u00e4 ei ole lintu- tai el\u00e4inongelmia ja sekaannusta!<\/p>\n<p>KAKSI SY\u00d6TT\u00d6VIRTAVAIHTOEHTOA &#8211; SUPER PLUS -LINNUNPELOTIN toimii 6 D-kokoisella paristolla tai virtaverkosta lis\u00e4varusteena olevan adapterin avulla. Kuusi D-kokoista paristoa voivat PIR-tilassa k\u00e4ynnist\u00e4\u00e4 laitteen tuhansia kertoja. Sis\u00e4\u00e4nrakennettu 9 V tasavirtasis\u00e4\u00e4ntulo mahdollistaa laitteen kytkemisen s\u00e4hk\u00f6verkkoon. Adapteri on lis\u00e4varuste.<\/p>\n<p>JOUSTAVA JA HELPPO S\u00c4\u00c4T\u00c4MINEN \u2013 Sis\u00e4\u00e4nrakennettu ohjauspaneeli s\u00e4\u00e4t\u00f6nuppeineen erilaisia s\u00e4\u00e4t\u00f6j\u00e4 varten.<\/p>\n<p>&nbsp;<\/p>\n<p><strong>TEKNISET TIEDOT<\/strong>:<\/p>\n<p>Mitat: 145x145x340 mm<\/p>\n<p>Paino: 860 g (ilman paristoja)<\/p>\n<p>Virtal\u00e4hde: 6 D-kokoista alkaliparistoa (LR20). <strong>Paristot eiv\u00e4t ole tuotteen mukana.<\/strong><\/p>\n<p>Sy\u00f6tt\u00f6virta: (adapteri lis\u00e4varusteena) 100-240 VAC, 50\/60 Hz. Ulostulo: 9 VDC (<em>female plug<\/em>)<\/p>\n<p>\u00c4\u00e4ni: bioakustiset linnun\u00e4\u00e4net, petolinnun \u00e4\u00e4net ja lintujen h\u00e4t\u00e4inen \u00e4\u00e4ntely<\/p>\n<p>Vilkkuvat valot: 3 huippuvoimakasta LEDi\u00e4<\/p>\n<p>Vaikutusalue: AUTO MODE: jopa 4.500 m<sup>2<\/sup> (kun \u00e4\u00e4nenvoimakkuuden s\u00e4\u00e4t\u00f6nuppi on k\u00e4\u00e4nnetty suurimpaan asentoon)<\/p>\n<p>PIR-RE\u017dIIM: viuhkan muotoinen alue 130 astetta, et\u00e4isyys enint\u00e4\u00e4n 12 metri\u00e4<\/p>\n<p>Valmistettu TAIWANISSA<\/p>\n","protected":false},"excerpt":{"rendered":"<p>Bioakustisia \u00e4\u00e4ni\u00e4 ja vilkkuvia valoja tuottava <strong>Super Plus -linnunpelotin<\/strong> on tehokas ja ymp\u00e4rist\u00f6yst\u00e4v\u00e4llinen tapa karkottaa p\u00e4\u00e4osa linnuista ja villiel\u00e4imist\u00e4 suojeltavalta alueelta pois.<\/p>\n[video width=\"700\" height=\"394\" mp4=\"https:\/\/birdbusters.eu\/wp-content\/uploads\/2021\/12\/Best-bird-deterrent-1-2.mp4\"][\/video]\n","protected":false},"featured_media":7464,"template":"","meta":{"_themeisle_gutenberg_block_has_review":false},"product_brand":[],"product_cat":[52],"product_tag":[],"class_list":{"0":"post-12080","1":"product","2":"type-product","3":"status-publish","4":"has-post-thumbnail","6":"product_cat-lintukarkotin","8":"first","9":"instock","10":"taxable","11":"shipping-taxable","12":"purchasable","13":"product-type-simple"},"_links":{"self":[{"href":"https:\/\/birdbusters.eu\/fi\/wp-json\/wp\/v2\/product\/12080","targetHints":{"allow":["GET"]}}],"collection":[{"href":"https:\/\/birdbusters.eu\/fi\/wp-json\/wp\/v2\/product"}],"about":[{"href":"https:\/\/birdbusters.eu\/fi\/wp-json\/wp\/v2\/types\/product"}],"wp:featuredmedia":[{"embeddable":true,"href":"https:\/\/birdbusters.eu\/fi\/wp-json\/wp\/v2\/media\/7464"}],"wp:attachment":[{"href":"https:\/\/birdbusters.eu\/fi\/wp-json\/wp\/v2\/media?parent=12080"}],"wp:term":[{"taxonomy":"product_brand","embeddable":true,"href":"https:\/\/birdbusters.eu\/fi\/wp-json\/wp\/v2\/product_brand?post=12080"},{"taxonomy":"product_cat","embeddable":true,"href":"https:\/\/birdbusters.eu\/fi\/wp-json\/wp\/v2\/product_cat?post=12080"},{"taxonomy":"product_tag","embeddable":true,"href":"https:\/\/birdbusters.eu\/fi\/wp-json\/wp\/v2\/product_tag?post=12080"}],"curies":[{"name":"wp","href":"https:\/\/api.w.org\/{rel}","templated":true}]}}