{"id":12558,"date":"2021-12-05T16:50:29","date_gmt":"2021-12-05T15:50:29","guid":{"rendered":"https:\/\/birdbusters.eu\/?post_type=product&#038;p=12558"},"modified":"2026-03-30T09:00:03","modified_gmt":"2026-03-30T07:00:03","slug":"linnunpelatin-super-birdchaser","status":"publish","type":"product","link":"https:\/\/birdbusters.eu\/fi\/tuote\/linnunpelatin-super-birdchaser\/","title":{"rendered":"Linnunpel\u00e4tin Super Birdchaser Plus"},"content":{"rendered":"<h2><strong>Kuinka t\u00e4m\u00e4 linnunpel\u00e4tin toimii<\/strong><\/h2>\n<p>Linnunpel\u00e4tin <strong>Super Birdchaser Plus<\/strong> on tehokas <a href=\"\/?product_cat=lintujen-aanikarkottimet\">\u00e4\u00e4nikarkotin<\/a>, joka auttaa pit\u00e4m\u00e4\u00e4n kiinteist\u00f6si vapaana linnuista. T\u00e4m\u00e4 karkotin hy\u00f6dynt\u00e4\u00e4 saalistuslintujen kutsuja, ahdistuneiden lintujen varoitushuutoja ja kirkkaita LED-valoja luodakseen vihamielisen ymp\u00e4rist\u00f6n tuholinnuille ja jyrsij\u00f6ille. Laite toistaa nauhoitettuja petolintujen, kuten haukkojen ja p\u00f6ll\u00f6jen, \u00e4\u00e4ni\u00e4 sek\u00e4 pienempien lintujen h\u00e4t\u00e4huutoja, pelottaen pois lintuja, kuten varpusia, mustarastaita ja kottaraisia.<\/p>\n<p>Kirkkaat LED-valot toimivat visuaalisena pelotteena, joka tehostaa vaaran tunnetta. Passiivinen infrapuna-anturi (PIR) kattaa 130 asteen alueen ja havaitsee liikett\u00e4 jopa 12 metrin et\u00e4isyydelt\u00e4. Laite suojaa noin 163 neli\u00f6metrin alueen, ja kun el\u00e4imet tai linnut tulevat valvotulle alueelle, PIR-anturi laukeaa aktivoiden sek\u00e4 \u00e4\u00e4net ett\u00e4 tehokkaat LED-valot.<\/p>\n<p>Linnunpel\u00e4tin on eritt\u00e4in tehokas monenlaisiin tuholaislintuihin ja jyrsij\u00f6ihin, kuten varpusiin, mustarastaisiin, kottaraisiin, rottiin, hiiriin ja kaneihin.<\/p>\n<h3><strong>T\u00e4rkeimm\u00e4t ominaisuudet<\/strong><\/h3>\n<ul>\n<li><strong>Akustinen ja visuaalinen karkotusj\u00e4rjestelm\u00e4:<\/strong> Linnunpel\u00e4tin Super Birdchaser Plus hy\u00f6dynt\u00e4\u00e4 edistyneit\u00e4 lintujen hallintatekniikoita. Realististen petolintujen kutsujen, ahdistuneiden lintujen huutojen ja kirkkaiden v\u00e4lkkyvien valojen yhdistelm\u00e4 luo moniaistisen kokemuksen, joka karkottaa linnut ja jyrsij\u00e4t tehokkaasti.<\/li>\n<li><strong>Paristok\u00e4ytt\u00f6inen maksimaaliseen liikkuvuuteen:<\/strong> Laite toimii kuudella D-koon alkaliparistolla, mik\u00e4 antaa joustavuutta sijoittaa se minne tahansa kiinteist\u00f6ll\u00e4si. T\u00e4m\u00e4 tekee siit\u00e4 ihanteellisen suurille alueille, kuten maatiloille, puutarhoille ja viinitarhoille, joissa strateginen sijoitus on avainasemassa. Koska pistorasioita ei tarvita, Super Birdchaser Plus voidaan asentaa helposti juuri sinne, miss\u00e4 sit\u00e4 eniten tarvitaan.<\/li>\n<li><strong>Kaksi virtavaihtoehtoa:<\/strong> Akkuk\u00e4yt\u00f6n lis\u00e4ksi Super Birdchaser Plusissa on sis\u00e4\u00e4nrakennettu virtapistoke, jonka avulla laitteen voi liitt\u00e4\u00e4 verkkovirtaan jatkuvaa k\u00e4ytt\u00f6\u00e4 varten.<\/li>\n<li><strong>Laaja kattavuus:<\/strong> Super Birdchaser Plus tarjoaa kaksi toimintatilaa. AUTO-tilassa laite kattaa jopa 1 acre alueen, kun \u00e4\u00e4nenvoimakkuus on asetettu korkeimmalle. PIR-tilassa laite antaa kohdistetun suojan 130 asteen viuhkamaisella alueella ja jopa 12 metrin et\u00e4isyydell\u00e4, kattaen noin 163 neli\u00f6metri\u00e4. T\u00e4m\u00e4 tekee siit\u00e4 tehokkaan sek\u00e4 laajoissa avoimissa tiloissa ett\u00e4 tarkempaa suojaa vaativissa kohteissa.<\/li>\n<li><strong>Huoltovapaa ja s\u00e4\u00e4nkest\u00e4v\u00e4:<\/strong> Ulkok\u00e4ytt\u00f6\u00f6n suunniteltu Super Birdchaser Plus on varustettu kest\u00e4v\u00e4ll\u00e4 ABS-muovikotelolla, joka on sek\u00e4 s\u00e4\u00e4nkest\u00e4v\u00e4 ett\u00e4 huoltovapaa. Kun laite on asennettu, se tarjoaa jatkuvan suojan ilman jatkuvaa huoltoa.<\/li>\n<\/ul>\n<h3><strong>Sovellukset<\/strong><\/h3>\n<p>Super Birdchaser Plusin monipuolisuus tekee siit\u00e4 sopivan k\u00e4ytett\u00e4v\u00e4ksi maatiloilla, puutarhoissa, hedelm\u00e4- ja viinitarhoissa sek\u00e4 varastoissa ja tehtaissa.<\/p>\n<h3><strong>Tekniset tiedot<\/strong><\/h3>\n<ul>\n<li><strong>Mitat:<\/strong> 145 x 145 x 340 mm<\/li>\n<li><strong>Paino:<\/strong> 860 g (vain p\u00e4\u00e4yksikk\u00f6)<\/li>\n<li><strong>Virtal\u00e4hde:<\/strong> 6 x D-kokoista alkaliparistoa (LR20)<\/li>\n<li><strong>\u00c4\u00e4ni:<\/strong> Haukkojen ja p\u00f6ll\u00f6jen saalistus\u00e4\u00e4net sek\u00e4 ahdistuneita lintuhuutoja<\/li>\n<li><strong>Vilkkuvat valot:<\/strong> 3 eritt\u00e4in kirkasta LED-valoa<\/li>\n<li><strong>Suojaus:<\/strong>\n<ul>\n<li>AUTO-tila: Jopa 1 acre<\/li>\n<li>PIR-tila: 130\u00b0 viuhkamainen alue, et\u00e4isyys jopa 12 metri\u00e4 (163 neli\u00f6metri\u00e4)<\/li>\n<\/ul>\n<\/li>\n<li><strong>Materiaali:<\/strong> Kest\u00e4v\u00e4 ABS-muovikotelo<\/li>\n<\/ul>\n<h2><strong>Usein kysytyt kysymykset<\/strong><\/h2>\n<p><strong>Kuinka Super Birdchaser Plus toimii?<\/strong><br \/>\nLinnunpel\u00e4tin Super Birdchaser Plus pelottelee tuholaislintuja ja jyrsij\u00f6it\u00e4 yhdist\u00e4m\u00e4ll\u00e4 petoel\u00e4inten huudot, ahdistuneiden lintujen varoitus\u00e4\u00e4net ja kirkkaat vilkkuvat valot. T\u00e4m\u00e4 yhdistelm\u00e4 luo vihamielisen ymp\u00e4rist\u00f6n, joka karkottaa tehokkaasti linnut ja pienemm\u00e4t el\u00e4imet suojeltavalta alueelta.<\/p>\n<p><strong>Mit\u00e4 lintuja ja el\u00e4imi\u00e4 Super Birdchaser Plus karkottaa?<\/strong><br \/>\nSuper Birdchaser Plus on tehokas monia lintuja vastaan, mukaan lukien varpuset, mustarastaat ja kottaraiset. Se karkottaa my\u00f6s pieni\u00e4 el\u00e4imi\u00e4, kuten oravia, kaneja, hiiri\u00e4 ja rottia.<\/p>\n<p><strong>Kuinka suuren alueen Super Birdchaser Plus voi suojata?<\/strong><br \/>\nLaitteessa on kaksi toimintatilaa:<\/p>\n<ul>\n<li><strong>AUTO-tila:<\/strong> Kattaa enint\u00e4\u00e4n 1 hehtaarin alueen, kun \u00e4\u00e4nenvoimakkuus on asetettu maksimiin.<\/li>\n<li><strong>PIR-tila:<\/strong> Suojaa 130 asteen viuhkamaista aluetta, jopa 12 metrin et\u00e4isyydell\u00e4, kattaen noin 163 neli\u00f6metri\u00e4.<\/li>\n<\/ul>\n","protected":false},"excerpt":{"rendered":"<p>Linnunpel\u00e4tin Super Birdchaser Plus on tehokas ratkaisu lintujen ja villiel\u00e4inten torjuntaan. Se yhdist\u00e4\u00e4 \u00e4\u00e4ni- ja valopelotteet, ja sopii monipuolisiin k\u00e4ytt\u00f6tarkoituksiin, suojaten maatiloja, puutarhoja ja varastoja tehokkaasti.<\/p>\n<p>Mitat: 145 x 145 x 340 mm<br \/>\nPaino: 860 g<br \/>\nValmistusmaa: Taiwan<\/p>\n","protected":false},"featured_media":8991,"template":"","meta":{"_themeisle_gutenberg_block_has_review":false},"product_brand":[],"product_cat":[52,50],"product_tag":[],"class_list":{"0":"post-12558","1":"product","2":"type-product","3":"status-publish","4":"has-post-thumbnail","6":"product_cat-lintukarkotin","7":"product_cat-linnunpelattimet","9":"first","10":"instock","11":"taxable","12":"shipping-taxable","13":"purchasable","14":"product-type-simple"},"_links":{"self":[{"href":"https:\/\/birdbusters.eu\/fi\/wp-json\/wp\/v2\/product\/12558","targetHints":{"allow":["GET"]}}],"collection":[{"href":"https:\/\/birdbusters.eu\/fi\/wp-json\/wp\/v2\/product"}],"about":[{"href":"https:\/\/birdbusters.eu\/fi\/wp-json\/wp\/v2\/types\/product"}],"wp:featuredmedia":[{"embeddable":true,"href":"https:\/\/birdbusters.eu\/fi\/wp-json\/wp\/v2\/media\/8991"}],"wp:attachment":[{"href":"https:\/\/birdbusters.eu\/fi\/wp-json\/wp\/v2\/media?parent=12558"}],"wp:term":[{"taxonomy":"product_brand","embeddable":true,"href":"https:\/\/birdbusters.eu\/fi\/wp-json\/wp\/v2\/product_brand?post=12558"},{"taxonomy":"product_cat","embeddable":true,"href":"https:\/\/birdbusters.eu\/fi\/wp-json\/wp\/v2\/product_cat?post=12558"},{"taxonomy":"product_tag","embeddable":true,"href":"https:\/\/birdbusters.eu\/fi\/wp-json\/wp\/v2\/product_tag?post=12558"}],"curies":[{"name":"wp","href":"https:\/\/api.w.org\/{rel}","templated":true}]}}