{"id":12944,"date":"2025-06-16T11:02:32","date_gmt":"2025-06-16T09:02:32","guid":{"rendered":"https:\/\/birdbusters.eu\/?post_type=product&#038;p=12944"},"modified":"2025-08-25T14:19:40","modified_gmt":"2025-08-25T12:19:40","slug":"linnunpelotushamahakki-12-m","status":"publish","type":"product","link":"https:\/\/birdbusters.eu\/fi\/tuote\/linnunpelotushamahakki-12-m\/","title":{"rendered":"Linnunpelotush\u00e4m\u00e4h\u00e4kki 1,2 m"},"content":{"rendered":"<p>Siin\u00e4 miss\u00e4 <a href=\"https:\/\/birdbusters.eu\/fi\/tuote\/lintupiikit\/\">lintupiikit<\/a> ovat tehokas v\u00e4line lintujen torjumiseen ahtailta pinnoilta, kuten parvekkeen kaiteet ja katonharjat, linnunpelotush\u00e4m\u00e4h\u00e4kill\u00e4 voi suojata suurempia tasaisia pintoja. Py\u00f6riv\u00e4n linnunpelotush\u00e4m\u00e4h\u00e4kin halkaisija on 1,20 m, suuremman pinnan osalta h\u00e4m\u00e4h\u00e4kkej\u00e4 voi sijoittaa vieretysten. Sopii lokkien, kyyhkysten ja muiden isompien lintujen torjumiseen. Ihanteellinen apulainen jahtien ja kelluvien laiturien suojaamiseen.<\/p>\n<p><strong>Miten toimii: <\/strong>metallilankojen liike h\u00e4iritsee lintuja ja est\u00e4\u00e4 laskeutumisen.<\/p>\n<p><strong>Asentaminen: <\/strong>voi kiinnitt\u00e4\u00e4 3 ruuvilla tai silikoniliimalla.<\/p>\n<p>Tilaa kiinnitysv\u00e4line tilap\u00e4iseen kiinnitt\u00e4miseen jahdin puomiin, hiekkatyynyyn tai johonkin muuhun kohteeseen.<\/p>\n<p><strong>Lis\u00e4tietoa: <\/strong>halkaisija 1,20 m<\/p>\n<p><iframe loading=\"lazy\" title=\"Birds Off Boats - Bird Spider Bird Deterrent\" width=\"500\" height=\"281\" src=\"https:\/\/www.youtube.com\/embed\/321UhUBkOEs?feature=oembed\" frameborder=\"0\" allow=\"accelerometer; autoplay; clipboard-write; encrypted-media; gyroscope; picture-in-picture; web-share\" referrerpolicy=\"strict-origin-when-cross-origin\" allowfullscreen><\/iframe><\/p>\n","protected":false},"excerpt":{"rendered":"<p>Py\u00f6riv\u00e4 linnunpelotush\u00e4m\u00e4h\u00e4kki ei anna <strong>lokkien<\/strong> laskeutua. Erityisen sopiva <strong>pursien ja moottoriveneiden<\/strong> suojaamiseen satamassa.<\/p>\n<p>Linnut rakastavat valita lep\u00e4\u00e4miseen korkeampia paikkoja, joista on turvallinen seurata ymp\u00e4rist\u00f6\u00e4 ja puuhata. Valitettavasti se ei ole aina ihmisten hyv\u00e4ksytt\u00e4viss\u00e4 \u2013 jatkuviin linnun\u00e4\u00e4niin liittyv\u00e4t ulosteista aiheutuvat saasteet.<\/p>\n","protected":false},"featured_media":13061,"template":"","meta":{"_themeisle_gutenberg_block_has_review":false},"product_brand":[],"product_cat":[56,106],"product_tag":[],"class_list":{"0":"post-12944","1":"product","2":"type-product","3":"status-publish","4":"has-post-thumbnail","6":"product_cat-lintukarkottimet","7":"product_cat-lintupiikit","9":"first","10":"instock","11":"taxable","12":"shipping-taxable","13":"purchasable","14":"product-type-simple"},"_links":{"self":[{"href":"https:\/\/birdbusters.eu\/fi\/wp-json\/wp\/v2\/product\/12944","targetHints":{"allow":["GET"]}}],"collection":[{"href":"https:\/\/birdbusters.eu\/fi\/wp-json\/wp\/v2\/product"}],"about":[{"href":"https:\/\/birdbusters.eu\/fi\/wp-json\/wp\/v2\/types\/product"}],"wp:featuredmedia":[{"embeddable":true,"href":"https:\/\/birdbusters.eu\/fi\/wp-json\/wp\/v2\/media\/13061"}],"wp:attachment":[{"href":"https:\/\/birdbusters.eu\/fi\/wp-json\/wp\/v2\/media?parent=12944"}],"wp:term":[{"taxonomy":"product_brand","embeddable":true,"href":"https:\/\/birdbusters.eu\/fi\/wp-json\/wp\/v2\/product_brand?post=12944"},{"taxonomy":"product_cat","embeddable":true,"href":"https:\/\/birdbusters.eu\/fi\/wp-json\/wp\/v2\/product_cat?post=12944"},{"taxonomy":"product_tag","embeddable":true,"href":"https:\/\/birdbusters.eu\/fi\/wp-json\/wp\/v2\/product_tag?post=12944"}],"curies":[{"name":"wp","href":"https:\/\/api.w.org\/{rel}","templated":true}]}}