{"id":14537,"date":"2026-04-21T08:43:35","date_gmt":"2026-04-21T06:43:35","guid":{"rendered":"https:\/\/birdbusters.eu\/?post_type=product&#038;p=14537"},"modified":"2026-04-21T11:17:56","modified_gmt":"2026-04-21T09:17:56","slug":"kotka-hahmo-lintujen-karkotin-aaneton","status":"publish","type":"product","link":"https:\/\/birdbusters.eu\/fi\/tuote\/kotka-hahmo-lintujen-karkotin-aaneton\/","title":{"rendered":"Kotka-hahmo, -lintujen karkotin, \u00e4\u00e4net\u00f6n"},"content":{"rendered":"<p>Kotka-hahmo on varustettu py\u00f6riv\u00e4ll\u00e4 laakerilla, joka mahdollistaa hahmon k\u00e4\u00e4nty\u00e4 helposti tuulessa.<\/p>\n<p>Suojeltavat alueet: parvekkeet, puutarhat, terassit, vihannestarhat, rakennukset, veneet, pellot<\/p>\n<p>Asentaminen: Siivet tulee painaa niille varattuihin loviin ja kiinnitt\u00e4\u00e4 mukana olevilla ruuveilla. Kiinnit\u00e4 kotka kannattimella sein\u00e4lle tai tolppaan. Huolehdi siit\u00e4, ett\u00e4 hahmolla on riitt\u00e4v\u00e4sti tilaa py\u00f6ri\u00e4.<\/p>\n<p>Saavutettava vaikutus: ei-toivottujen lintujen pelottaminen ja visuaalisella vaikutuksella<\/p>\n<p>Mitat: 43 x 35 x 19 cm<\/p>\n<p>Pakkauksen mitat 51 x 19 x 19 cm<\/p>\n","protected":false},"excerpt":{"rendered":"<p>Eritt\u00e4in sopiva ei-toivottujen lintujen torjumiseen terassilta, puutarhasta, pelloilta ja rakennuksista.<\/p>\n","protected":false},"featured_media":7642,"template":"","meta":{"_themeisle_gutenberg_block_has_review":false},"product_brand":[],"product_cat":[269,267,93,90,242,89],"product_tag":[],"class_list":{"0":"post-14537","1":"product","2":"type-product","3":"status-publish","4":"has-post-thumbnail","6":"product_cat-starenabwehr","7":"product_cat-taubenabwehr","8":"product_cat-akustische-vogelabwehr","9":"product_cat-vogelabwehrmittel","10":"product_cat-vogelabwehr-im-garten","11":"product_cat-visuelle-vogelabschreckungen","13":"first","14":"onbackorder","15":"taxable","16":"shipping-taxable","17":"purchasable","18":"product-type-simple"},"_links":{"self":[{"href":"https:\/\/birdbusters.eu\/fi\/wp-json\/wp\/v2\/product\/14537","targetHints":{"allow":["GET"]}}],"collection":[{"href":"https:\/\/birdbusters.eu\/fi\/wp-json\/wp\/v2\/product"}],"about":[{"href":"https:\/\/birdbusters.eu\/fi\/wp-json\/wp\/v2\/types\/product"}],"wp:featuredmedia":[{"embeddable":true,"href":"https:\/\/birdbusters.eu\/fi\/wp-json\/wp\/v2\/media\/7642"}],"wp:attachment":[{"href":"https:\/\/birdbusters.eu\/fi\/wp-json\/wp\/v2\/media?parent=14537"}],"wp:term":[{"taxonomy":"product_brand","embeddable":true,"href":"https:\/\/birdbusters.eu\/fi\/wp-json\/wp\/v2\/product_brand?post=14537"},{"taxonomy":"product_cat","embeddable":true,"href":"https:\/\/birdbusters.eu\/fi\/wp-json\/wp\/v2\/product_cat?post=14537"},{"taxonomy":"product_tag","embeddable":true,"href":"https:\/\/birdbusters.eu\/fi\/wp-json\/wp\/v2\/product_tag?post=14537"}],"curies":[{"name":"wp","href":"https:\/\/api.w.org\/{rel}","templated":true}]}}