{"id":14674,"date":"2025-09-19T12:02:57","date_gmt":"2025-09-19T10:02:57","guid":{"rendered":"https:\/\/birdbusters.eu\/product\/heijastava-pollo-lintukarkoitin\/"},"modified":"2026-04-29T17:42:31","modified_gmt":"2026-04-29T15:42:31","slug":"heijastava-pollo-lintukarkoitin","status":"publish","type":"product","link":"https:\/\/birdbusters.eu\/fi\/tuote\/heijastava-pollo-lintukarkoitin\/","title":{"rendered":"Heijastava p\u00f6ll\u00f6 &#8211; holografinen lintukarkoitin"},"content":{"rendered":"<p>T\u00e4m\u00e4 p\u00f6ll\u00f6nmuotoinen lintukarkoitin on tehokas ja esteettinen ratkaisu puutarhan ja kodin pit\u00e4miseksi lintuvapaana. Kaksiv\u00e4rinen heijastava muotoilu (punainen ja hopea) heijastaa auringonvaloa, luoden valov\u00e4l\u00e4hdyksi\u00e4, jotka h\u00e4mment\u00e4v\u00e4t lintuja. Kaksi alapuolen kelloa lis\u00e4\u00e4v\u00e4t \u00e4\u00e4nipelotteen, joka toimii sek\u00e4 tuulen ett\u00e4 liikkeen kanssa.<\/p>\n<p>Kevyt riippuva muotoilu mahdollistaa p\u00f6ll\u00f6n sijoittamisen kuistille, terassille, puutarhaan, puiden oksille, puutarhamuurille tai ikkunoiden eteen est\u00e4m\u00e4\u00e4n lintuja lent\u00e4m\u00e4st\u00e4 sis\u00e4\u00e4n ja vahingoittamasta puutarhatuotteita. Setti sis\u00e4lt\u00e4\u00e4 ripustusnarun ja kaksi metallista kelloa.<\/p>\n<p>Parhaiden tulosten saavuttamiseksi k\u00e4yt\u00e4 useita p\u00f6ll\u00f6j\u00e4 samanaikaisesti ja anna niiden liikkua vapaasti tuulessa. T\u00e4m\u00e4 suojaa puutarhaasi hedelm\u00e4- ja vihannestuholaisilta, pit\u00e4\u00e4 linnut turvallisella et\u00e4isyydell\u00e4 ja auttaa est\u00e4m\u00e4\u00e4n niit\u00e4 lent\u00e4m\u00e4st\u00e4 ikkunoihin.<\/p>\n<h3>K\u00e4ytt\u00f6paikat: (vihannes)puutarhat, venelaituri, maatalousalueet, parvekkeet, teollisuusalueet, veneet, katot, terassit, lammet<\/h3>\n<h3>Vaikuttavat lajit: kyyhkyt, varikset, naakat, harakat, kottaraiset, sorsat, tikat<\/h3>\n","protected":false},"excerpt":{"rendered":"<p>Heijastava p\u00f6ll\u00f6 on p\u00f6ll\u00f6nmuotoinen lintukarkoitin, jolla on holografinen efekti, joka yhdist\u00e4\u00e4 visuaaliset ja akustiset vaikutukset.<\/p>\n<p>Pinta kimmelt\u00e4\u00e4 auringossa ja kellot pit\u00e4v\u00e4t linnut poissa suojaten puutarhaasi, terassiasi ja ikkunoitasi.<\/p>\n","protected":false},"featured_media":14106,"template":"","meta":{"_themeisle_gutenberg_block_has_review":false,"rank_math_focus_keyword":"heijastava p\u00f6ll\u00f6 lintukarkoitin","rank_math_title":"Heijastava P\u00f6ll\u00f6 - Holografinen Lintukarkoitin | Bird Busters","rank_math_description":"Heijastava p\u00f6ll\u00f6 holografisella efektill\u00e4 - yhdist\u00e4\u00e4 visuaaliset ja akustiset vaikutukset. Suojaa puutarhan, terassin ja ikkunat lintujen vaurioilta.","rank_math_canonical_url":"","rank_math_facebook_title":"","rank_math_facebook_description":"","rank_math_facebook_image":"","rank_math_twitter_title":"","rank_math_twitter_description":"","rank_math_twitter_image":"","rank_math_schema_FAQPage":[]},"product_brand":[],"product_cat":[276,273,56,50,241,185,272],"product_tag":[],"class_list":{"0":"post-14674","1":"product","2":"type-product","3":"status-publish","4":"has-post-thumbnail","6":"product_cat-kottaraisten-torjunta","7":"product_cat-kyyhkysten-torjunta","8":"product_cat-lintukarkottimet","9":"product_cat-linnunpelattimet","10":"product_cat-puutarhan-lintujen-torjunta","11":"product_cat-tikkakarkotin-tehokas-suoja-tikkojen-aiheuttamilta-vahingoilta","12":"product_cat-varisten-torjunta","14":"first","15":"instock","16":"taxable","17":"shipping-taxable","18":"purchasable","19":"product-type-simple"},"_links":{"self":[{"href":"https:\/\/birdbusters.eu\/fi\/wp-json\/wp\/v2\/product\/14674","targetHints":{"allow":["GET"]}}],"collection":[{"href":"https:\/\/birdbusters.eu\/fi\/wp-json\/wp\/v2\/product"}],"about":[{"href":"https:\/\/birdbusters.eu\/fi\/wp-json\/wp\/v2\/types\/product"}],"wp:featuredmedia":[{"embeddable":true,"href":"https:\/\/birdbusters.eu\/fi\/wp-json\/wp\/v2\/media\/14106"}],"wp:attachment":[{"href":"https:\/\/birdbusters.eu\/fi\/wp-json\/wp\/v2\/media?parent=14674"}],"wp:term":[{"taxonomy":"product_brand","embeddable":true,"href":"https:\/\/birdbusters.eu\/fi\/wp-json\/wp\/v2\/product_brand?post=14674"},{"taxonomy":"product_cat","embeddable":true,"href":"https:\/\/birdbusters.eu\/fi\/wp-json\/wp\/v2\/product_cat?post=14674"},{"taxonomy":"product_tag","embeddable":true,"href":"https:\/\/birdbusters.eu\/fi\/wp-json\/wp\/v2\/product_tag?post=14674"}],"curies":[{"name":"wp","href":"https:\/\/api.w.org\/{rel}","templated":true}]}}