{"id":14678,"date":"2025-08-11T10:17:38","date_gmt":"2025-08-11T08:17:38","guid":{"rendered":"https:\/\/birdbusters.eu\/product\/hiekkasakkiaddilonglegs\/"},"modified":"2026-04-29T16:14:54","modified_gmt":"2026-04-29T14:14:54","slug":"hiekkasakkiaddilonglegs","status":"publish","type":"product","link":"https:\/\/birdbusters.eu\/fi\/tuote\/hiekkasakkiaddilonglegs\/","title":{"rendered":"Hiekkas\u00e4kki lokkikarkoittimelle &#8220;Daddi Long Legs&#8221;"},"content":{"rendered":"<p>Hiekkas\u00e4kki tarjoaa pysyv\u00e4n alustan lintukarkoittimelle ilman liimausta tai poraamista. Se on valmistettu s\u00e4\u00e4nkest\u00e4v\u00e4st\u00e4 polyesterist\u00e4, joka on kest\u00e4v\u00e4 ulkok\u00e4ytt\u00f6\u00f6n. Takana on polyesterikaistale kumilla est\u00e4m\u00e4\u00e4n naarmut veneess\u00e4. Helppo t\u00e4ytt\u00e4\u00e4 hiekalla, kerran t\u00e4ytettyn\u00e4 se pysyy vakaana monissa tuulisissa olosuhteissa.<\/p>\n<p>Kaksi muovikahvaa ja mukana tulevat ruostumattoman ter\u00e4ksen M4 x 12 mm ruuvit varmistavat nopean kokoamisen. Sivukahvat mahdollistavat lis\u00e4kiinnitysvaihtoehtoja k\u00e4ytt\u00e4en k\u00f6ysi\u00e4 tai kuminauhoja.<\/p>\n","protected":false},"excerpt":{"rendered":"<p>Hiekkas\u00e4kki mahdollistaa lintukarkoittimen &#8220;Daddi Long Legs&#8221; k\u00e4yt\u00f6n kaikkialla, miss\u00e4 on ongelmia lintujen kanssa ja miss\u00e4 liikkuvuus on t\u00e4rke\u00e4\u00e4: jahtit ja veneet, venelaiturit, savupiipput ja tuuletusaukot katoilla.<\/p>\n<p>S\u00e4\u00e4nkest\u00e4v\u00e4 hiekkas\u00e4kki vahvasta polyesterist\u00e4, joka varmistaa lintukarkoittimen vakauden tuulisissa olosuhteissa.<\/p>\n","protected":false},"featured_media":14082,"template":"","meta":{"_themeisle_gutenberg_block_has_review":false,"rank_math_focus_keyword":"Daddi Long Legs hiekkas\u00e4kki","rank_math_title":"Hiekkas\u00e4kki Daddi Long Legs lokkikarkoittimelle | Bird Busters","rank_math_description":"S\u00e4\u00e4nkest\u00e4v\u00e4 hiekkas\u00e4kki Daddi Long Legs -lokkikarkoittimelle. Sopii veneisiin, laitureihin, katoille ja savupiippuihin.","rank_math_canonical_url":"","rank_math_facebook_title":"","rank_math_facebook_description":"","rank_math_facebook_image":"","rank_math_twitter_title":"","rank_math_twitter_description":"","rank_math_twitter_image":"","rank_math_schema_FAQPage":[]},"product_brand":[],"product_cat":[106,236,226,274],"product_tag":[],"class_list":{"0":"post-14678","1":"product","2":"type-product","3":"status-publish","4":"has-post-thumbnail","6":"product_cat-lintupiikit","7":"product_cat-lintujen-torjunta-rakennuksissa-ja-katoilla","8":"product_cat-lintujen-torjunta-satamissa-laitureilla-ja-veneissa","9":"product_cat-lokkien-karkotus","11":"first","12":"instock","13":"taxable","14":"shipping-taxable","15":"purchasable","16":"product-type-simple"},"_links":{"self":[{"href":"https:\/\/birdbusters.eu\/fi\/wp-json\/wp\/v2\/product\/14678","targetHints":{"allow":["GET"]}}],"collection":[{"href":"https:\/\/birdbusters.eu\/fi\/wp-json\/wp\/v2\/product"}],"about":[{"href":"https:\/\/birdbusters.eu\/fi\/wp-json\/wp\/v2\/types\/product"}],"wp:featuredmedia":[{"embeddable":true,"href":"https:\/\/birdbusters.eu\/fi\/wp-json\/wp\/v2\/media\/14082"}],"wp:attachment":[{"href":"https:\/\/birdbusters.eu\/fi\/wp-json\/wp\/v2\/media?parent=14678"}],"wp:term":[{"taxonomy":"product_brand","embeddable":true,"href":"https:\/\/birdbusters.eu\/fi\/wp-json\/wp\/v2\/product_brand?post=14678"},{"taxonomy":"product_cat","embeddable":true,"href":"https:\/\/birdbusters.eu\/fi\/wp-json\/wp\/v2\/product_cat?post=14678"},{"taxonomy":"product_tag","embeddable":true,"href":"https:\/\/birdbusters.eu\/fi\/wp-json\/wp\/v2\/product_tag?post=14678"}],"curies":[{"name":"wp","href":"https:\/\/api.w.org\/{rel}","templated":true}]}}