{"id":14752,"date":"2026-05-01T23:02:53","date_gmt":"2026-05-01T21:02:53","guid":{"rendered":"https:\/\/birdbusters.eu\/product\/aurinkokayttoinen-linnunpelatin-360-pyorivilla-peililla-ja-aanisignaalilla\/"},"modified":"2026-05-01T23:02:53","modified_gmt":"2026-05-01T21:02:53","slug":"aurinkokayttoinen-linnunpelatin-360-pyorivilla-peililla-ja-aanisignaalilla","status":"publish","type":"product","link":"https:\/\/birdbusters.eu\/fi\/tuote\/aurinkokayttoinen-linnunpelatin-360-pyorivilla-peililla-ja-aanisignaalilla\/","title":{"rendered":"Aurinkok\u00e4ytt\u00f6inen linnunpelatin 360\u00b0 py\u00f6rivill\u00e4 peilill\u00e4 ja \u00e4\u00e4nisignaalilla"},"content":{"rendered":"<p>Pid\u00e4 linnut poissa terassiltasi, katoltasi tai puutarhastasi t\u00e4ll\u00e4 \u00e4lykk\u00e4\u00e4ll\u00e4 ja ymp\u00e4rist\u00f6yst\u00e4v\u00e4llisell\u00e4 ratkaisulla. T\u00e4m\u00e4 linnunpelatin k\u00e4ytt\u00e4\u00e4 aurinkoenergiaa, tuulta ja valon heijastusta.<\/p>\n<h2>Miten se toimii<\/h2>\n<p>Laite toimii t\u00e4ysin automaattisesti tuulivoimalla. Aurinkopaneeli aktivoi j\u00e4rjestelm\u00e4n p\u00e4iv\u00e4nvalossa. Tuuli py\u00f6ritt\u00e4\u00e4 peilej\u00e4 ja peilipinnat hajottavat auringonvaloa eri suuntiin. Jatkuva liike ja valov\u00e4l\u00e4hdykset h\u00e4iritsev\u00e4t lintuja.<\/p>\n<h2>Ominaisuudet<\/h2>\n<ul>\n<li>Ei vaadi paristoja tai s\u00e4hk\u00f6liit\u00e4nt\u00e4\u00e4<\/li>\n<li>S\u00e4\u00e4nkest\u00e4v\u00e4 ymp\u00e4rivuotiseen k\u00e4ytt\u00f6\u00f6n<\/li>\n<li>Helppo asennus katoille, terasseille ja parvekkaille<\/li>\n<li>360 asteen py\u00f6riminen<\/li>\n<li>Ymp\u00e4rist\u00f6yst\u00e4v\u00e4llinen eik\u00e4 vahingoita lintuja<\/li>\n<\/ul>\n","protected":false},"excerpt":{"rendered":"<p>Laite toimii t\u00e4ysin automaattisesti tuulivoimalla. Aurinkopaneeli aktivoi j\u00e4rjestelm\u00e4n p\u00e4iv\u00e4nvalossa. Tuuli py\u00f6ritt\u00e4\u00e4 peilej\u00e4 ja peilipinnat hajottavat auringonvaloa eri suuntiin. Jatkuva liike ja valov\u00e4l\u00e4hdykset h\u00e4iritsev\u00e4t lintuja. Lis\u00e4tehosteena laitteessa on \u00e4\u00e4nisignaali.<\/p>\n","protected":false},"featured_media":14702,"template":"","meta":{"_themeisle_gutenberg_block_has_review":false,"rank_math_focus_keyword":"aurinkok\u00e4ytt\u00f6inen linnunpelatin py\u00f6riv\u00e4 peili","rank_math_title":"Aurinkok\u00e4ytt\u00f6inen Linnunpelatin 360\u00b0 Py\u00f6riv\u00e4ll\u00e4 Peilill\u00e4 | Bird Busters","rank_math_description":"Aurinkok\u00e4ytt\u00f6inen linnunpelatin 360\u00b0 py\u00f6riv\u00e4ll\u00e4 peilill\u00e4 ja \u00e4\u00e4nisignaalilla. Ei paristoja. Ihanteellinen terasseille, katoille ja puutarhoihin.","rank_math_canonical_url":"","rank_math_facebook_title":"","rank_math_facebook_description":"","rank_math_facebook_image":"","rank_math_twitter_title":"","rank_math_twitter_description":"","rank_math_twitter_image":"","rank_math_schema_FAQPage":[]},"product_brand":[],"product_cat":[50,51],"product_tag":[],"class_list":{"0":"post-14752","1":"product","2":"type-product","3":"status-publish","4":"has-post-thumbnail","6":"product_cat-linnunpelattimet","7":"product_cat-visuaaliset-linnunpelattimet","9":"first","10":"instock","11":"taxable","12":"shipping-taxable","13":"purchasable","14":"product-type-simple"},"_links":{"self":[{"href":"https:\/\/birdbusters.eu\/fi\/wp-json\/wp\/v2\/product\/14752","targetHints":{"allow":["GET"]}}],"collection":[{"href":"https:\/\/birdbusters.eu\/fi\/wp-json\/wp\/v2\/product"}],"about":[{"href":"https:\/\/birdbusters.eu\/fi\/wp-json\/wp\/v2\/types\/product"}],"wp:featuredmedia":[{"embeddable":true,"href":"https:\/\/birdbusters.eu\/fi\/wp-json\/wp\/v2\/media\/14702"}],"wp:attachment":[{"href":"https:\/\/birdbusters.eu\/fi\/wp-json\/wp\/v2\/media?parent=14752"}],"wp:term":[{"taxonomy":"product_brand","embeddable":true,"href":"https:\/\/birdbusters.eu\/fi\/wp-json\/wp\/v2\/product_brand?post=14752"},{"taxonomy":"product_cat","embeddable":true,"href":"https:\/\/birdbusters.eu\/fi\/wp-json\/wp\/v2\/product_cat?post=14752"},{"taxonomy":"product_tag","embeddable":true,"href":"https:\/\/birdbusters.eu\/fi\/wp-json\/wp\/v2\/product_tag?post=14752"}],"curies":[{"name":"wp","href":"https:\/\/api.w.org\/{rel}","templated":true}]}}