{"id":14758,"date":"2026-05-01T23:05:14","date_gmt":"2026-05-01T21:05:14","guid":{"rendered":"https:\/\/birdbusters.eu\/product\/elektroninen-lintukarkotin-kaasukanuunalla-kolmijalalla-ja-aurinkopaneelilla\/"},"modified":"2026-05-01T23:05:14","modified_gmt":"2026-05-01T21:05:14","slug":"elektroninen-lintukarkotin-kaasukanuunalla-kolmijalalla-ja-aurinkopaneelilla","status":"publish","type":"product","link":"https:\/\/birdbusters.eu\/fi\/tuote\/elektroninen-lintukarkotin-kaasukanuunalla-kolmijalalla-ja-aurinkopaneelilla\/","title":{"rendered":"Elektroninen lintukarkotin kaasukanuunalla, kolmijalalla ja aurinkopaneelilla"},"content":{"rendered":"<p>ALANKO PRO3 on tehokas elektroninen kaasukanuuna lintujen ja villiel\u00e4inten karkottamiseen. Se k\u00e4ytt\u00e4\u00e4 LPG-kaasupulloa (enint\u00e4\u00e4n 20 bar) ja soveltuu ihanteellisesti pelloille, viinitarhoille, mehil\u00e4istarhoille ja lentokentille. Laite tuottaa enint\u00e4\u00e4n 135 dB:n r\u00e4j\u00e4hdys\u00e4\u00e4ni\u00e4.<\/p>\n<h2>Pakettiin sis\u00e4ltyy<\/h2>\n<ul>\n<li>ALANKO PRO3 elektroninen \u00e4\u00e4nitykki\u00e4 LCD-n\u00e4yt\u00f6ll\u00e4<\/li>\n<li>Laukausv\u00e4li: 2\u201360 minuuttia<\/li>\n<li>Per\u00e4kk\u00e4iset laukaukset: 1\u20134<\/li>\n<li>Kattavuus: jopa 5000 m\u00b2<\/li>\n<li>TRP01 py\u00f6riv\u00e4 kolmijalka (nostaa kanuunan 1,5 m, k\u00e4\u00e4ntyy 10\u00b0 per laukaus)<\/li>\n<li>SP01 aurinkopaneeli (12W, monikide)<\/li>\n<\/ul>\n<h2>K\u00e4ytt\u00f6alueet<\/h2>\n<ul>\n<li>Hedelm\u00e4- ja marjapuutarhat lintuja, villisikoja ja karhuja vastaan<\/li>\n<li>Lentokent\u00e4t lintujen torjuntaan kiitoteidell\u00e4<\/li>\n<li>Kalanviljely, viinitarhat, mehil\u00e4istarhot karhuja vastaan<\/li>\n<\/ul>\n","protected":false},"excerpt":{"rendered":"<p>Tehokas ja kest\u00e4v\u00e4 elektroninen lintukarkotin suurille alueille. Paketti sis\u00e4lt\u00e4\u00e4 ALANKO PRO3 -laitteen, py\u00f6riv\u00e4n kolmijalan ja aurinkopaneelin. Suojaa satoa, mehil\u00e4istarhoja ja tuotantoalueita lintujen, villisikojen ja karhujen haittavaikutuksilta. Toimii 12V akulla (ei sis\u00e4lly). LPG-kaasupullo ei sis\u00e4lly.<\/p>\n","protected":false},"featured_media":14720,"template":"","meta":{"_themeisle_gutenberg_block_has_review":false,"rank_math_focus_keyword":"elektroninen lintukarkotin kaasukanuuna aurinkopaneeli","rank_math_title":"Elektroninen Lintukarkotin Kaasukanuunalla ja Aurinkopaneelilla | Bird Busters","rank_math_description":"ALANKO PRO3 elektroninen lintukarkotin kaasukanuunalla, kolmijalalla ja aurinkopaneelilla. Jopa 5000 m\u00b2 kattavuus. 135 dB r\u00e4j\u00e4hdykset. Pelloille, viinitarhoille ja lentokentille.","rank_math_canonical_url":"","rank_math_facebook_title":"","rank_math_facebook_description":"","rank_math_facebook_image":"","rank_math_twitter_title":"","rank_math_twitter_description":"","rank_math_twitter_image":"","rank_math_schema_FAQPage":[]},"product_brand":[],"product_cat":[21,6],"product_tag":[],"class_list":{"0":"post-14758","1":"product","2":"type-product","3":"status-publish","4":"has-post-thumbnail","6":"product_cat-bird-bangers","7":"product_cat-bird-deterrents","9":"first","10":"instock","11":"taxable","12":"shipping-taxable","13":"purchasable","14":"product-type-simple"},"_links":{"self":[{"href":"https:\/\/birdbusters.eu\/fi\/wp-json\/wp\/v2\/product\/14758","targetHints":{"allow":["GET"]}}],"collection":[{"href":"https:\/\/birdbusters.eu\/fi\/wp-json\/wp\/v2\/product"}],"about":[{"href":"https:\/\/birdbusters.eu\/fi\/wp-json\/wp\/v2\/types\/product"}],"wp:featuredmedia":[{"embeddable":true,"href":"https:\/\/birdbusters.eu\/fi\/wp-json\/wp\/v2\/media\/14720"}],"wp:attachment":[{"href":"https:\/\/birdbusters.eu\/fi\/wp-json\/wp\/v2\/media?parent=14758"}],"wp:term":[{"taxonomy":"product_brand","embeddable":true,"href":"https:\/\/birdbusters.eu\/fi\/wp-json\/wp\/v2\/product_brand?post=14758"},{"taxonomy":"product_cat","embeddable":true,"href":"https:\/\/birdbusters.eu\/fi\/wp-json\/wp\/v2\/product_cat?post=14758"},{"taxonomy":"product_tag","embeddable":true,"href":"https:\/\/birdbusters.eu\/fi\/wp-json\/wp\/v2\/product_tag?post=14758"}],"curies":[{"name":"wp","href":"https:\/\/api.w.org\/{rel}","templated":true}]}}