{"id":1750,"date":"2018-11-30T09:11:37","date_gmt":"2018-11-30T08:11:37","guid":{"rendered":"https:\/\/birdbusters.eu\/product\/palokarkikarkotin\/"},"modified":"2025-12-08T17:20:35","modified_gmt":"2025-12-08T16:20:35","slug":"palokarkikarkotin","status":"publish","type":"product","link":"https:\/\/birdbusters.eu\/fi\/tuote\/palokarkikarkotin\/","title":{"rendered":"Palok\u00e4rkikarkotin \u2013 tehokas puut\u00f6ist\u00e4 pit\u00e4v\u00e4 r\u00e4hn\u00e4pelotin taloihin, m\u00f6keille ja pihoille"},"content":{"rendered":"<h3 data-start=\"1314\" data-end=\"1389\">\ud83d\udee1\ufe0f Miksi r\u00e4hnit ja tikkaset hakkaavat \u2013 ja miksi kannattaa suojautua<\/h3>\n<ul data-start=\"1391\" data-end=\"1743\">\n<li data-start=\"1391\" data-end=\"1474\">\n<p data-start=\"1393\" data-end=\"1474\">Ne etsiv\u00e4t <strong data-start=\"1404\" data-end=\"1416\">ravintoa<\/strong> \u2014 puuverhouksen alta voi l\u00f6yty\u00e4 toukkia tai hy\u00f6nteisi\u00e4.<\/p>\n<\/li>\n<li data-start=\"1475\" data-end=\"1605\">\n<p data-start=\"1477\" data-end=\"1605\">Ne merkitsev\u00e4t <strong data-start=\"1492\" data-end=\"1529\">reviiri\u00e4 ja ruokailu-\/pes\u00e4paikkaa<\/strong> rummuttamalla puuseini\u00e4 \u2014 akustiikka talon sein\u00e4ss\u00e4 on usein miellytt\u00e4v\u00e4.<\/p>\n<\/li>\n<li data-start=\"1606\" data-end=\"1743\">\n<p data-start=\"1608\" data-end=\"1743\">Jos aiheeseen ei puututa, voi seurauksena olla <strong data-start=\"1655\" data-end=\"1701\">reiki\u00e4, eristevaurioita ja kosteusongelmia<\/strong> \u2014 etenkin vanhemmissa puurakennuksissa.<\/p>\n<\/li>\n<\/ul>\n<h3 data-start=\"1750\" data-end=\"1790\">\ud83d\udd0d Kuinka Palok\u00e4rkikarkotin toimii<\/h3>\n<p data-start=\"1792\" data-end=\"1952\">Palok\u00e4rkikarkotin on visuaalinen linnunpelotin, joka perustuu palok\u00e4rjen \/ tikka-hahmoon ja usein heijastavaan pintaan tai liikkeeseen (tuulen vaikutuksesta).<\/p>\n<ul data-start=\"1954\" data-end=\"2303\">\n<li data-start=\"1954\" data-end=\"2046\">\n<p data-start=\"1956\" data-end=\"2046\">R\u00e4hnit tulkitsevat hahmon kilpailijaksi tai petolinnuksi \u2014 alue n\u00e4ytt\u00e4ytyy vaarallisena.<\/p>\n<\/li>\n<li data-start=\"2047\" data-end=\"2109\">\n<p data-start=\"2049\" data-end=\"2109\">T\u00e4m\u00e4 <strong data-start=\"2054\" data-end=\"2078\">pelottaa linnun pois<\/strong> ja v\u00e4hent\u00e4\u00e4 hakkaamishaluja.<\/p>\n<\/li>\n<li data-start=\"2110\" data-end=\"2217\">\n<p data-start=\"2112\" data-end=\"2217\">Metalli- tai s\u00e4\u00e4nkest\u00e4v\u00e4 rakenne varmistaa longeviteetin sek\u00e4 ulkotiloissa ett\u00e4 veneiss\u00e4 \/ laitureilla.<\/p>\n<\/li>\n<li data-start=\"2218\" data-end=\"2303\">\n<p data-start=\"2220\" data-end=\"2303\">Asennus on helppo \u2014 kiinnitys seiniin, terasseihin, laitureihin tai puupintoihin.<\/p>\n<\/li>\n<\/ul>\n<h3 data-start=\"2310\" data-end=\"2343\">\ud83c\udfe1 Soveltuvat k\u00e4ytt\u00f6kohteet<\/h3>\n<ul data-start=\"2345\" data-end=\"2479\">\n<li data-start=\"2345\" data-end=\"2376\">\n<p data-start=\"2347\" data-end=\"2376\">Puurakennukset ja kes\u00e4m\u00f6kit<\/p>\n<\/li>\n<li data-start=\"2377\" data-end=\"2405\">\n<p data-start=\"2379\" data-end=\"2405\">Pihat ja ulkorakennukset<\/p>\n<\/li>\n<li data-start=\"2406\" data-end=\"2437\">\n<p data-start=\"2408\" data-end=\"2437\">Veneet, laiturit ja satamat<\/p>\n<\/li>\n<li data-start=\"2438\" data-end=\"2479\">\n<p data-start=\"2440\" data-end=\"2479\">Varastot, puutarhat ja muut ulkotilat<\/p>\n<\/li>\n<\/ul>\n<p data-start=\"2481\" data-end=\"2581\">Useamman karkottimen sijoittaminen eri puolille rakennusta tai pihaa tehostaa suojauksen vaikutusta.<\/p>\n<h3 data-start=\"2588\" data-end=\"2644\">\ud83c\udf3f Turvallinen ja ymp\u00e4rist\u00f6yst\u00e4v\u00e4llinen vaihtoehto<\/h3>\n<ul data-start=\"2646\" data-end=\"2841\">\n<li data-start=\"2646\" data-end=\"2726\">\n<p data-start=\"2648\" data-end=\"2726\">Ei \u00e4\u00e4nt\u00e4, ei kemikaaleja, ei vahinkoa linnuille \u2014 pelkk\u00e4 visuaalinen pelote.<\/p>\n<\/li>\n<li data-start=\"2727\" data-end=\"2776\">\n<p data-start=\"2729\" data-end=\"2776\">Ei jatkuvaa huoltoa, ei paristoja tai s\u00e4hk\u00f6\u00e4.<\/p>\n<\/li>\n<li data-start=\"2777\" data-end=\"2841\">\n<p data-start=\"2779\" data-end=\"2841\">Pitk\u00e4ik\u00e4inen, s\u00e4\u00e4nkest\u00e4v\u00e4 ja ymp\u00e4rist\u00f6yst\u00e4v\u00e4llinen ratkaisu.<\/p>\n<\/li>\n<\/ul>\n<h3 data-start=\"2848\" data-end=\"2888\">\u2705 Miksi valita juuri t\u00e4m\u00e4 karkotin<\/h3>\n<ul data-start=\"2890\" data-end=\"3287\">\n<li data-start=\"2890\" data-end=\"3031\">\n<p data-start=\"2892\" data-end=\"3031\">Suunniteltu erityisesti r\u00e4hnien ja tikkasten torjuntaan \u2014 ei yleinen \u201clintukarkotin\u201d, vaan kipin\u00e4huomioitu rakennus- ja puulajitarkoitus.<\/p>\n<\/li>\n<li data-start=\"3032\" data-end=\"3122\">\n<p data-start=\"3034\" data-end=\"3122\">Toimii tehokkaasti sek\u00e4 taloissa ett\u00e4 rannikon, veneiden ja laitureiden l\u00e4heisyydess\u00e4.<\/p>\n<\/li>\n<li data-start=\"3123\" data-end=\"3197\">\n<p data-start=\"3125\" data-end=\"3197\">Yhdist\u00e4m\u00e4ll\u00e4 useita karkottimia saat parhaan suojan laajalle alueelle.<\/p>\n<\/li>\n<li data-start=\"3198\" data-end=\"3287\">\n<p data-start=\"3200\" data-end=\"3287\">Pitk\u00e4n kokemuksen taustalla oleva luotettava ratkaisu luonnonl\u00e4heisiin ymp\u00e4rist\u00f6ihin.<\/p>\n<\/li>\n<\/ul>\n<h2 data-start=\"2923\" data-end=\"2982\">\ud83e\udeb6 <strong data-start=\"2929\" data-end=\"2982\">FAQ: Palok\u00e4rkikarkotin \u2013 Usein kysytyt kysymykset<\/strong><\/h2>\n<h3 data-start=\"2984\" data-end=\"3041\">\u2753 1. Mik\u00e4 on Palok\u00e4rkikarkotin ja kenelle se sopii?<\/h3>\n<p data-start=\"3042\" data-end=\"3244\">Palok\u00e4rkikarkotin on <strong data-start=\"3063\" data-end=\"3096\">visuaalinen lintujen karkotin<\/strong>, joka on suunniteltu erityisesti <strong data-start=\"3130\" data-end=\"3189\">r\u00e4hnien ja palok\u00e4rjen aiheuttamien vahinkojen ehk\u00e4isyyn<\/strong>. Se sopii taloihin, m\u00f6keille, pihoille ja veneisiin.<\/p>\n<h3 data-start=\"3246\" data-end=\"3288\">\u2753 2. Miten Palok\u00e4rkikarkotin toimii?<\/h3>\n<p data-start=\"3289\" data-end=\"3490\">Karkotin hy\u00f6dynt\u00e4\u00e4 heijastavaa pintaa ja luonnollista liikett\u00e4, jotka <strong data-start=\"3359\" data-end=\"3413\">pelottavat linnut pois ilman \u00e4\u00e4nt\u00e4 tai kemikaaleja<\/strong>. Se luo vaikutelman, ett\u00e4 alueella on jo toinen lintuyksil\u00f6 tai petolintu.<\/p>\n<h3 data-start=\"3492\" data-end=\"3551\">\u2753 3. Voiko Palok\u00e4rkikarkotinta k\u00e4ytt\u00e4\u00e4 ymp\u00e4ri vuoden?<\/h3>\n<p data-start=\"3552\" data-end=\"3655\">Kyll\u00e4 voi. Tuote on <strong data-start=\"3572\" data-end=\"3602\">s\u00e4\u00e4nkest\u00e4v\u00e4 ja huoltovapaa<\/strong>, ja se toimii yht\u00e4 hyvin kes\u00e4ll\u00e4 kuin talvellakin.<\/p>\n<h3 data-start=\"3657\" data-end=\"3713\">\u2753 4. Onko Palok\u00e4rkikarkotin turvallinen linnuille?<\/h3>\n<p data-start=\"3714\" data-end=\"3843\">Kyll\u00e4. Se on <strong data-start=\"3727\" data-end=\"3764\">t\u00e4ysin el\u00e4inyst\u00e4v\u00e4llinen ratkaisu<\/strong>, joka ei vahingoita lintuja eik\u00e4 aiheuta melua tai haittaa muille el\u00e4imille.<\/p>\n","protected":false},"excerpt":{"rendered":"<p data-start=\"767\" data-end=\"1079\">Puutalon, m\u00f6kin tai varaston puuverhous houkuttelee monesti r\u00e4hni\u00e4 etsim\u00e4\u00e4n ravintoa tai pes\u00e4paikkaa \u2014 tuloksena voi olla rumputavaa hakkaamista, reik\u00e4\u00e4seiniss\u00e4 ja vaurioita puupinnoissa. Erityisesti tikat ja palok\u00e4rjet (r\u00e4hnit) saattavat pahimmillaan tuhota puupintoja toistuvalla hakkaamisella.<\/p>\n<p data-start=\"1081\" data-end=\"1307\"><strong data-start=\"1081\" data-end=\"1102\">Palok\u00e4rkikarkotin<\/strong> on suunniteltu suojaamaan rakennuksia, veneit\u00e4 ja piharakennuksia n\u00e4ilt\u00e4 r\u00e4hnien aiheuttamilta vahingoilta.<br data-start=\"1210\" data-end=\"1213\" \/>Se tarjoaa luonnollisen, kemikaalittoman ja \u00e4\u00e4nt\u00e4 aiheuttamattoman ratkaisun r\u00e4hniongelmaan.<\/p>\n<p>&nbsp;<\/p>\n","protected":false},"featured_media":1588,"template":"","meta":{"_themeisle_gutenberg_block_has_review":false},"product_brand":[],"product_cat":[50,185,51],"product_tag":[],"class_list":{"0":"post-1750","1":"product","2":"type-product","3":"status-publish","4":"has-post-thumbnail","6":"product_cat-linnunpelattimet","7":"product_cat-tikkakarkotin-tehokas-suoja-tikkojen-aiheuttamilta-vahingoilta","8":"product_cat-visuaaliset-linnunpelattimet","10":"first","11":"instock","12":"taxable","13":"shipping-taxable","14":"purchasable","15":"product-type-simple"},"_links":{"self":[{"href":"https:\/\/birdbusters.eu\/fi\/wp-json\/wp\/v2\/product\/1750","targetHints":{"allow":["GET"]}}],"collection":[{"href":"https:\/\/birdbusters.eu\/fi\/wp-json\/wp\/v2\/product"}],"about":[{"href":"https:\/\/birdbusters.eu\/fi\/wp-json\/wp\/v2\/types\/product"}],"wp:featuredmedia":[{"embeddable":true,"href":"https:\/\/birdbusters.eu\/fi\/wp-json\/wp\/v2\/media\/1588"}],"wp:attachment":[{"href":"https:\/\/birdbusters.eu\/fi\/wp-json\/wp\/v2\/media?parent=1750"}],"wp:term":[{"taxonomy":"product_brand","embeddable":true,"href":"https:\/\/birdbusters.eu\/fi\/wp-json\/wp\/v2\/product_brand?post=1750"},{"taxonomy":"product_cat","embeddable":true,"href":"https:\/\/birdbusters.eu\/fi\/wp-json\/wp\/v2\/product_cat?post=1750"},{"taxonomy":"product_tag","embeddable":true,"href":"https:\/\/birdbusters.eu\/fi\/wp-json\/wp\/v2\/product_tag?post=1750"}],"curies":[{"name":"wp","href":"https:\/\/api.w.org\/{rel}","templated":true}]}}