{"id":1753,"date":"2018-08-30T09:06:39","date_gmt":"2018-08-30T07:06:39","guid":{"rendered":"https:\/\/birdbusters.eu\/product\/bird-scarer-kite-9m\/"},"modified":"2025-11-03T10:11:02","modified_gmt":"2025-11-03T09:11:02","slug":"linnunpelatin-9-metrin-vavalla","status":"publish","type":"product","link":"https:\/\/birdbusters.eu\/fi\/tuote\/linnunpelatin-9-metrin-vavalla\/","title":{"rendered":"Linnunpel\u00e4tin-leija 9 m \u2013 tehokas ja luonnollinen ratkaisu lintujen torjuntaan"},"content":{"rendered":"<p><iframe loading=\"lazy\" title=\"Bird repellent kites on harbour\" width=\"500\" height=\"281\" src=\"https:\/\/www.youtube.com\/embed\/p6I04j4kwmo?feature=oembed\" frameborder=\"0\" allow=\"accelerometer; autoplay; clipboard-write; encrypted-media; gyroscope; picture-in-picture; web-share\" referrerpolicy=\"strict-origin-when-cross-origin\" allowfullscreen><\/iframe><\/p>\n<h2><strong>Kuinka lintupel\u00e4tin toimii<\/strong><\/h2>\n<p>Pienemm\u00e4t linnut v\u00e4ltt\u00e4v\u00e4t petolintuja, koska ne muodostavat merkitt\u00e4v\u00e4n uhan. Erityisesti haukat ovat petolintuja, jotka saalistavat kynsill\u00e4\u00e4n iskem\u00e4ll\u00e4 ylh\u00e4\u00e4lt\u00e4. Jos haukkaa muistuttava lintupel\u00e4tin n\u00e4ytt\u00e4\u00e4 lent\u00e4v\u00e4n p\u00e4\u00e4n yl\u00e4puolella, muut linnut eiv\u00e4t todenn\u00e4k\u00f6isesti l\u00e4hesty sit\u00e4. Kun leija liikkuu arvaamattomasti tuulessa, se luo illuusion todellisesta haukkamets\u00e4styksest\u00e4 ja saa tuholaislinnut pakenemaan alueelta.<\/p>\n<h2><strong>T\u00e4rkeimm\u00e4t ominaisuudet<\/strong><\/h2>\n<p><strong>El\u00e4m\u00e4ntapainen haukan liike<\/strong><br \/>\nLintuleija lintupel\u00e4tin on suunniteltu j\u00e4ljittelem\u00e4\u00e4n haukkojen luonnollisia liikkeit\u00e4. Leija kutoo, leijuu ja sukeltaa jatkuvasti tuulessa. Tuholaislinnut, jotka tunnistavat haukan mahdolliseksi uhkaksi, pysyv\u00e4t poissa alueelta, jossa leija partioi. Koska leija on jatkuvassa liikkeess\u00e4, linnut eiv\u00e4t totu sen l\u00e4sn\u00e4oloon, mik\u00e4 varmistaa pitk\u00e4aikaisen tehokkuuden.<\/p>\n<p><strong>Laaja alueen kattavuus<\/strong><br \/>\nYksi leijan vaikuttavimmista ominaisuuksista on sen kyky kattaa laajoja alueita. T\u00e4m\u00e4 tekee siit\u00e4 sopivan suurille ulkoalueille, joita on vaikea suojata muilla karkotusmenetelmill\u00e4. Teleskooppitangon ansiosta leija voi lent\u00e4\u00e4 useita metrej\u00e4 maanpinnan yl\u00e4puolella, mik\u00e4 antaa sille tarvittavan n\u00e4kyvyyden ja tehoaa lintuihin merkitt\u00e4vilt\u00e4 et\u00e4isyyksilt\u00e4.<\/p>\n<p><strong>S\u00e4\u00e4nkest\u00e4v\u00e4<\/strong><br \/>\nLintuleija on rakennettu kest\u00e4m\u00e4\u00e4n vaihtelevia ulko-olosuhteita. Se on ommeltu ja vahvistettu kriittisist\u00e4 kohdista kest\u00e4vyyden varmistamiseksi. On kuitenkin t\u00e4rke\u00e4\u00e4 huomata, ett\u00e4 leija tulee sitoa kiinni kovalla tuulella vaurioiden est\u00e4miseksi.<\/p>\n<p><strong>Helppo asennus ja v\u00e4h\u00e4inen huolto<\/strong><br \/>\nT\u00e4m\u00e4 lintupel\u00e4tin on uskomattoman helppo asentaa. Sen mukana tulee 9-metrinen teleskooppitanko, jota voidaan helposti jatkaa. Sarja sis\u00e4lt\u00e4\u00e4 kaiken, mit\u00e4 tarvitset aloittaaksesi: leijan, teleskooppitangon, punotun johdon k\u00e4\u00e4ntyv\u00e4ll\u00e4, kiinnitysk\u00f6yden ja kattavat ohjeet. Yksinkertaisen rakenteen ansiosta se on nopea koota, ja se vaatii vain v\u00e4h\u00e4n huoltoa asennuksen j\u00e4lkeen. Varmista vain, ett\u00e4 leija tarkastetaan s\u00e4\u00e4nn\u00f6llisesti sotkeutumisen tai vaurioiden varalta, erityisesti kovan tuulen j\u00e4lkeen.<\/p>\n<p><strong>Hiljainen toiminta<\/strong><br \/>\nLintuleija toimii \u00e4\u00e4nett\u00f6m\u00e4sti. T\u00e4m\u00e4 tekee siit\u00e4 erinomaisen vaihtoehdon alueille, joissa melu on huolestuttava tekij\u00e4, kuten asuinalueiden, puistojen tai liikealueiden l\u00e4heisyydess\u00e4. Lintupel\u00e4tin partioi hiljaa taivaalla pit\u00e4en tuholaislinnut loitolla h\u00e4iritsem\u00e4tt\u00e4 ymp\u00e4r\u00f6iv\u00e4\u00e4 ymp\u00e4rist\u00f6\u00e4.<\/p>\n<p><strong>T\u00e4ysi valikoima varaosia<\/strong><br \/>\nVoit helposti vaihtaa kaikki osat, jotka voivat vaurioitua ajan my\u00f6t\u00e4. T\u00e4m\u00e4 sis\u00e4lt\u00e4\u00e4 vaihtoleijat, teleskooppitangot ja muut lis\u00e4varusteet, varmistaen, ett\u00e4 j\u00e4rjestelm\u00e4 pysyy tehokkaana tulevina vuosina.<\/p>\n<p><strong>Sopivat sovellukset<\/strong><br \/>\nLintuleija on monipuolinen ja sit\u00e4 voidaan k\u00e4ytt\u00e4\u00e4 useissa eri tilanteissa, kuten:<\/p>\n<ul>\n<li><strong>Maatalousmaat<\/strong>: sadon suojelemiseksi linnuilta, jotka voivat aiheuttaa merkitt\u00e4vi\u00e4 vahinkoja.<\/li>\n<li><strong>Pelikent\u00e4t<\/strong>: pit\u00e4m\u00e4\u00e4n suuret, avoimet tilat puhtaina lintujen j\u00e4t\u00f6ksist\u00e4 ja est\u00e4m\u00e4\u00e4n pesimist\u00e4.<\/li>\n<li><strong>Katot<\/strong>: est\u00e4m\u00e4\u00e4n lintujen pesimist\u00e4 katoilla, mik\u00e4 voi johtaa kalliisiin yll\u00e4pito-ongelmiin.<\/li>\n<li><strong>Golfkent\u00e4t<\/strong>: yll\u00e4pit\u00e4m\u00e4\u00e4n koskemattomia v\u00e4yli\u00e4 ja viheri\u00f6it\u00e4 ilman lintujen h\u00e4iri\u00f6it\u00e4.<\/li>\n<li><strong>Venesatamat ja kalatilat<\/strong>: pit\u00e4m\u00e4\u00e4n linnut poissa luonnonvaroista.<\/li>\n<\/ul>\n<p><strong>Vinkkej\u00e4 optimaaliseen k\u00e4ytt\u00f6\u00f6n<\/strong><\/p>\n<ul>\n<li><strong>Siirr\u00e4 leijaa<\/strong>: Siirr\u00e4 leijaa s\u00e4\u00e4nn\u00f6llisesti eri alueille, jotta linnut eiv\u00e4t tottuisi siihen.<\/li>\n<li><strong>K\u00e4ytt\u00f6 avoimissa tiloissa<\/strong>: Leija tarvitsee v\u00e4hint\u00e4\u00e4n 100 neli\u00f6metri\u00e4 esteet\u00f6nt\u00e4 tilaa toimiakseen tehokkaasti.<\/li>\n<li><strong>Kiinnit\u00e4 kovan tuulen aikana<\/strong>: Sido leija maapylv\u00e4\u00e4seen, jos ennustetaan voimakasta tuulta vaurioiden v\u00e4ltt\u00e4miseksi.<\/li>\n<li><strong>Tarkista s\u00e4\u00e4nn\u00f6llisesti<\/strong>: Tarkasta leija ja kiinnitysk\u00f6ysi sotkeutumisten tai vaurioiden varalta varmistaaksesi tasaisen suorituskyvyn.<\/li>\n<\/ul>\n<p style=\"text-align: justify;\">K\u00e4ytt\u00f6ohjeet englanniksi\u00a0<a href=\"https:\/\/birdbusters.eu\/wp-content\/uploads\/2019\/03\/BB-Manual-DEMO.pdf\">Bird kite manual<\/a><\/p>\n<p>&nbsp;<\/p>\n<p>&nbsp;<\/p>\n","protected":false},"excerpt":{"rendered":"<p data-start=\"626\" data-end=\"960\">Pid\u00e4 piha, pelto tai kattosi vapaana h\u00e4iritsevist\u00e4 linnuista Bird Bustersin <strong data-start=\"787\" data-end=\"817\">Linnunpel\u00e4tin-leijalla 9 m<\/strong>! T\u00e4m\u00e4 visuaalinen <strong data-start=\"836\" data-end=\"857\">lintujen karkotin<\/strong> j\u00e4ljittelee haukan lentoa, mik\u00e4 saa pienet linnut pysym\u00e4\u00e4n loitolla luonnollisesti ja turvallisesti.<\/p>\n<p data-start=\"962\" data-end=\"1249\">Leija nousee jopa yhdeks\u00e4n metrin korkeuteen, liikkuu tuulessa ja luo jatkuvan uhkakuvan, jota linnut eiv\u00e4t opi sivuuttamaan. Se on <strong data-start=\"1094\" data-end=\"1146\">\u00e4\u00e4net\u00f6n, ymp\u00e4rist\u00f6yst\u00e4v\u00e4llinen ja helppo asentaa<\/strong>, joten se sopii yht\u00e4 hyvin maatiloille, golfkentille, teollisuusalueille kuin koti- ja kes\u00e4pihoille.<\/p>\n<p data-start=\"1251\" data-end=\"1278\"><strong data-start=\"1251\" data-end=\"1276\">Edut ja ominaisuudet:<\/strong><\/p>\n<ul data-start=\"1279\" data-end=\"1617\">\n<li data-start=\"1279\" data-end=\"1365\">\n<p data-start=\"1281\" data-end=\"1365\">Realistinen haukan muoto ja liike torjuu varikset, lokit, kyyhkyset ja pikkulinnut<\/p>\n<\/li>\n<li data-start=\"1366\" data-end=\"1440\">\n<p data-start=\"1368\" data-end=\"1440\">Kattaa suuren alueen \u2013 tehokas ratkaisu peltoihin ja avoimiin tiloihin<\/p>\n<\/li>\n<li data-start=\"1441\" data-end=\"1512\">\n<p data-start=\"1443\" data-end=\"1512\">Kest\u00e4v\u00e4, s\u00e4\u00e4n- ja UV-suoja \u2013 pitk\u00e4 k\u00e4ytt\u00f6ik\u00e4 ilman s\u00e4hk\u00f6\u00e4 tai \u00e4\u00e4nt\u00e4<\/p>\n<\/li>\n<li data-start=\"1513\" data-end=\"1557\">\n<p data-start=\"1515\" data-end=\"1557\">Helppo pystytt\u00e4\u00e4 ja siirt\u00e4\u00e4 tarvittaessa<\/p>\n<\/li>\n<li data-start=\"1558\" data-end=\"1617\">\n<p data-start=\"1560\" data-end=\"1617\">T\u00e4ysin <strong data-start=\"1567\" data-end=\"1588\">el\u00e4inyst\u00e4v\u00e4llinen<\/strong> lintujen torjuntamenetelm\u00e4<\/p>\n<\/li>\n<\/ul>\n<p data-start=\"1619\" data-end=\"1862\">Kun haluat <strong data-start=\"1630\" data-end=\"1678\">lintujen karkottamisen ilman melua ja vaivaa<\/strong>, valitse Bird Bustersin <strong data-start=\"1703\" data-end=\"1730\">Linnunpel\u00e4tin-leija 9 m<\/strong>. Se s\u00e4\u00e4st\u00e4\u00e4 aikaa, rahaa ja pit\u00e4\u00e4 ymp\u00e4rist\u00f6n puhtaana \u2013 luonnollisesti.<br data-start=\"1802\" data-end=\"1805\" \/>\ud83d\udc49 Tilaa nyt ja nauti lintuvapaasta alueesta jo t\u00e4n\u00e4\u00e4n!<\/p>\n<p>Toimitusaika 3-4 ty\u00f6p\u00e4iv\u00e4\u00e4<\/p>\n<p>&nbsp;<\/p>\n","protected":false},"featured_media":13435,"template":"","meta":{"_themeisle_gutenberg_block_has_review":false},"product_brand":[],"product_cat":[53,50,51],"product_tag":[66,65],"class_list":{"0":"post-1753","1":"product","2":"type-product","3":"status-publish","4":"has-post-thumbnail","6":"product_cat-leijapelattimet","7":"product_cat-linnunpelattimet","8":"product_cat-visuaaliset-linnunpelattimet","9":"product_tag-bird-scarer-on-pole-fi","10":"product_tag-flying-hawk-bird-scarer-fi","11":"product_shipping_class-kuller-pick-up-point-fi","13":"first","14":"instock","15":"sale","16":"taxable","17":"shipping-taxable","18":"purchasable","19":"product-type-simple"},"_links":{"self":[{"href":"https:\/\/birdbusters.eu\/fi\/wp-json\/wp\/v2\/product\/1753","targetHints":{"allow":["GET"]}}],"collection":[{"href":"https:\/\/birdbusters.eu\/fi\/wp-json\/wp\/v2\/product"}],"about":[{"href":"https:\/\/birdbusters.eu\/fi\/wp-json\/wp\/v2\/types\/product"}],"wp:featuredmedia":[{"embeddable":true,"href":"https:\/\/birdbusters.eu\/fi\/wp-json\/wp\/v2\/media\/13435"}],"wp:attachment":[{"href":"https:\/\/birdbusters.eu\/fi\/wp-json\/wp\/v2\/media?parent=1753"}],"wp:term":[{"taxonomy":"product_brand","embeddable":true,"href":"https:\/\/birdbusters.eu\/fi\/wp-json\/wp\/v2\/product_brand?post=1753"},{"taxonomy":"product_cat","embeddable":true,"href":"https:\/\/birdbusters.eu\/fi\/wp-json\/wp\/v2\/product_cat?post=1753"},{"taxonomy":"product_tag","embeddable":true,"href":"https:\/\/birdbusters.eu\/fi\/wp-json\/wp\/v2\/product_tag?post=1753"}],"curies":[{"name":"wp","href":"https:\/\/api.w.org\/{rel}","templated":true}]}}