{"id":1884,"date":"2018-11-30T09:26:37","date_gmt":"2018-11-30T08:26:37","guid":{"rendered":"https:\/\/birdbusters.eu\/product\/lokkikarkotin-katoille\/"},"modified":"2025-12-08T14:16:40","modified_gmt":"2025-12-08T13:16:40","slug":"lokkikarkotin-veneille","status":"publish","type":"product","link":"https:\/\/birdbusters.eu\/fi\/tuote\/lokkikarkotin-veneille\/","title":{"rendered":"Lokkikarkotin veneille ja pihoille"},"content":{"rendered":"<p class=\"font-claude-response-body break-words whitespace-normal \">Veneen lokinkarkote toimii tuulen voimalla. Jopa lievin tuulenvire saa laitteen py\u00f6rim\u00e4\u00e4n, luoden esteen l\u00e4hestyville linnuille. Lokinkarkotteen py\u00f6riv\u00e4 liike luo linnuille ep\u00e4vakaan ja arvaamattoman ymp\u00e4rist\u00f6n, pakottaen ne vet\u00e4ytym\u00e4\u00e4n. Jatkuva py\u00f6riminen toimii my\u00f6s visuaalisena karkotteena, sill\u00e4 linnut kokevat py\u00f6riv\u00e4n liikkeen vaarallisena ja ep\u00e4miellytt\u00e4v\u00e4n\u00e4.<\/p>\n<p class=\"font-claude-response-body break-words whitespace-normal \">Lokinkarkotteen kest\u00e4vyys ja v\u00e4h\u00e4inen huoltotarve tekev\u00e4t siit\u00e4 ihanteellisen ratkaisun veneen omistajille. Kest\u00e4vien materiaalien k\u00e4ytt\u00f6 varmistaa, ett\u00e4 tuote kest\u00e4\u00e4 ankaria meriolosuhteita ja suolavett\u00e4. Laite on suunniteltu kest\u00e4m\u00e4\u00e4n jopa noin 100 km\/h tuulia.<\/p>\n<p class=\"font-claude-response-body break-words whitespace-normal \">Lokinkarkote on helppo asentaa k\u00e4yt\u00e4nn\u00f6ss\u00e4 kaikkialle veneeseen. Veneen kaiteisiin asennettaessa tarvitaan kuitenkin erillinen kaidekiinnike, joka voidaan tilata erikseen.<\/p>\n<p class=\"font-claude-response-body break-words whitespace-normal \"><strong>Usein Kysytyt Kysymykset<\/strong><\/p>\n<p class=\"font-claude-response-body break-words whitespace-normal \"><strong>Onko lokinkarkote tehokas?<\/strong><\/p>\n<p class=\"font-claude-response-body break-words whitespace-normal \">Veneen lokinkarkote on eritt\u00e4in tehokas ratkaisu lokkien laskeutumisen est\u00e4miseen, luoden sek\u00e4 visuaalisen ett\u00e4 fyysisen esteen linnuille. Kun lokit l\u00e4hestyv\u00e4t venett\u00e4, py\u00f6riv\u00e4 laite luo niille ep\u00e4vakaan ymp\u00e4rist\u00f6n, pakottaen ne luopumaan laskeutumisyrityksist\u00e4\u00e4n.<\/p>\n<p class=\"font-claude-response-body break-words whitespace-normal \">Laite ei vaadi ulkoista virtal\u00e4hdett\u00e4 tai monimutkaista asennusta. Korkealaatuisista materiaaleista valmistettu ja ankariin meriolosuhteisiin suunniteltu laite vaatii v\u00e4h\u00e4n tai ei lainkaan huoltoa ja sen k\u00e4ytt\u00f6ik\u00e4 on pitk\u00e4.<\/p>\n<p class=\"font-claude-response-body break-words whitespace-normal \">Kaiken kaikkiaan t\u00e4m\u00e4n linnunkarkotteen yksinkertaisuus, luotettavuus, tehokkuus ja pitk\u00e4ik\u00e4isyys tekev\u00e4t siit\u00e4 vakuuttavan valinnan veneen omistajille, jotka haluavat pit\u00e4\u00e4 lokit loitolla veneest\u00e4\u00e4n.<\/p>\n<p class=\"font-claude-response-body break-words whitespace-normal \"><strong>Voivatko lokit tottua lokinkarkotteeseen?<\/strong><\/p>\n<p class=\"font-claude-response-body break-words whitespace-normal \">Vaikka linnut voivat tottua toistuviin \u00e4\u00e4niin tai karkotteisiin, jotka pysyv\u00e4t samassa paikassa pidemm\u00e4n aikaa, t\u00e4h\u00e4n lokinkarkotteeseen tottuminen on mahdotonta. Karkotteen py\u00f6riv\u00e4 liike est\u00e4\u00e4 linnut laskeutumasta, ja ne kokevat t\u00e4m\u00e4n fyysisen esteen jatkuvasti esteen\u00e4.<\/p>\n<p class=\"font-claude-response-body break-words whitespace-normal \"><strong>Onko lokinkarkotteessa haittapuolia?<\/strong><\/p>\n<p class=\"font-claude-response-body break-words whitespace-normal \">T\u00e4ss\u00e4 lokinkarkotteessa ei ole mit\u00e4\u00e4n haittapuolia. P\u00e4invastoin, laitteella on lukuisia etuja, jotka tekev\u00e4t siit\u00e4 eritt\u00e4in haluttavan ratkaisun kaikille, jotka tarvitsevat tehokkaita ja vaivattomia lokkien torjuntatoimenpiteit\u00e4.<\/p>\n<p class=\"font-claude-response-body break-words whitespace-normal \">Erinomaisen tehokkuutensa lis\u00e4ksi lokkien karkottamisessa laite on uskomattoman helppo asentaa ja huoltaa. Lis\u00e4ksi se ei vaadi ulkoista virtal\u00e4hdett\u00e4 toimiakseen, mik\u00e4 tekee siit\u00e4 eritt\u00e4in k\u00e4tev\u00e4n ja kustannustehokkaan.<\/p>\n<p class=\"font-claude-response-body break-words whitespace-normal \"><strong>Mik\u00e4 on t\u00e4m\u00e4n lokinkarkotteen kattavuusalue?<\/strong><\/p>\n<p class=\"font-claude-response-body break-words whitespace-normal \">Lokinkarkote kattaa 2 metrin halkaisijaltaan olevan alueen. Laajemman alueen suojaamiseksi on suositeltavaa asentaa useampi kuin yksi laite.<\/p>\n<p class=\"font-claude-response-body break-words whitespace-normal \"><strong>Mik\u00e4 on lokki?<\/strong><\/p>\n<p class=\"font-claude-response-body break-words whitespace-normal \">Lokit ovat suuren merilintuperheeseen kuuluvia lintuja. Niit\u00e4 havaitaan usein rannikkoalueilla ja meriymp\u00e4rist\u00f6iss\u00e4, vaikka niit\u00e4 voi tavata my\u00f6s kaupunki- ja sis\u00e4maa-alueilla. Lokit kuvataan usein valkoh\u00f6yhenisiksi ja harmaasiipisiksi linnuiksi. Niill\u00e4 on pitk\u00e4t, ter\u00e4v\u00e4t nok\u00e4t ja r\u00e4pyl\u00e4tassut, jotka mahdollistavat helpon uimisen ja lent\u00e4misen.<\/p>\n<p class=\"font-claude-response-body break-words whitespace-normal \">Lokit ovat opportunistisia sy\u00f6ji\u00e4 ja kuluttavat laajan valikoiman saalista, mukaan lukien kaloja, \u00e4yri\u00e4isi\u00e4 ja jopa roskia sek\u00e4 ihmistoiminnan j\u00e4mi\u00e4. Niill\u00e4 on ter\u00e4v\u00e4 n\u00e4k\u00f6aisti ja ne pystyv\u00e4t paikantamaan ruokaa suurelta et\u00e4isyydelt\u00e4. T\u00e4m\u00e4 sopeutumiskyky on mahdollistanut lokkien menestymisen sek\u00e4 luonnollisissa ett\u00e4 ihmisen luomissa ymp\u00e4rist\u00f6iss\u00e4.<\/p>\n<p class=\"font-claude-response-body break-words whitespace-normal \"><strong>Miksi lokit on tarpeen karkottaa?<\/strong><\/p>\n<p class=\"font-claude-response-body break-words whitespace-normal \">Lokkien l\u00e4sn\u00e4olo venesatamien, asuinalueiden ja muiden kiinteist\u00f6jen l\u00e4heisyydess\u00e4 on suuri huolenaihe monille ihmisille, sill\u00e4 n\u00e4m\u00e4 linnut ovat tunnettuja \u00e4\u00e4nekk\u00e4\u00e4st\u00e4 ja aggressiivisesta k\u00e4yt\u00f6ksest\u00e4\u00e4n. Kun lokit laskeutuvat veneisiin, niiden uloste tuhoaa veneiden kansia. Lis\u00e4ksi, koska lokkien uloste on hapanta, se voi sy\u00f6vytt\u00e4\u00e4 veneen maalipintaa, jos sit\u00e4 ei puhdisteta nopeasti.<\/p>\n<p class=\"font-claude-response-body break-words whitespace-normal \">T\u00e4m\u00e4 lokinkarkote est\u00e4\u00e4 lokit ja muut linnut laskeutumasta veneellesi. Tuulen voimalla toimiva yksinkertainen laite py\u00f6rii jatkuvasti, luoden esteen, joka tekee linnuille mahdottomaksi asettua paikoilleen. Valinnainen kaidekiinnike ja hiekkas\u00e4kkialusta voidaan ostaa erikseen.<\/p>\n","protected":false},"excerpt":{"rendered":"<p>Jos veneesi on joutunut lokkien hy\u00f6kk\u00e4yksen kohteeksi ja linnut kohtelevat sit\u00e4 henkil\u00f6kohtaisena laskeutumispaikanaan, on aika taistella takaisin ja puolustaa alustasi sulkaisia tuholaisia vastaan. Yksi helpoimmista tavoista tehd\u00e4 niin on hankkia t\u00e4m\u00e4 yksinkertainen lokinkarkote, joka est\u00e4\u00e4 linnut laskeutumasta veneellesi.<\/p>\n<p>&nbsp;<\/p>\n<p>https:\/\/youtu.be\/c7VesODnkek<\/p>\n<p>&nbsp;<\/p>\n","protected":false},"featured_media":1574,"template":"","meta":{"_themeisle_gutenberg_block_has_review":false},"product_brand":[],"product_cat":[50,51],"product_tag":[73,74],"class_list":{"0":"post-1884","1":"product","2":"type-product","3":"status-publish","4":"has-post-thumbnail","6":"product_cat-linnunpelattimet","7":"product_cat-visuaaliset-linnunpelattimet","8":"product_tag-lokinpelatin","9":"product_tag-lokkikarkotin","10":"product_shipping_class-kuller-pick-up-point-fi","12":"first","13":"instock","14":"taxable","15":"shipping-taxable","16":"purchasable","17":"product-type-simple"},"_links":{"self":[{"href":"https:\/\/birdbusters.eu\/fi\/wp-json\/wp\/v2\/product\/1884","targetHints":{"allow":["GET"]}}],"collection":[{"href":"https:\/\/birdbusters.eu\/fi\/wp-json\/wp\/v2\/product"}],"about":[{"href":"https:\/\/birdbusters.eu\/fi\/wp-json\/wp\/v2\/types\/product"}],"wp:featuredmedia":[{"embeddable":true,"href":"https:\/\/birdbusters.eu\/fi\/wp-json\/wp\/v2\/media\/1574"}],"wp:attachment":[{"href":"https:\/\/birdbusters.eu\/fi\/wp-json\/wp\/v2\/media?parent=1884"}],"wp:term":[{"taxonomy":"product_brand","embeddable":true,"href":"https:\/\/birdbusters.eu\/fi\/wp-json\/wp\/v2\/product_brand?post=1884"},{"taxonomy":"product_cat","embeddable":true,"href":"https:\/\/birdbusters.eu\/fi\/wp-json\/wp\/v2\/product_cat?post=1884"},{"taxonomy":"product_tag","embeddable":true,"href":"https:\/\/birdbusters.eu\/fi\/wp-json\/wp\/v2\/product_tag?post=1884"}],"curies":[{"name":"wp","href":"https:\/\/api.w.org\/{rel}","templated":true}]}}