{"id":1885,"date":"2018-08-14T20:07:26","date_gmt":"2018-08-14T18:07:26","guid":{"rendered":"https:\/\/birdbusters.eu\/product\/lintuverkko\/"},"modified":"2023-11-08T18:09:44","modified_gmt":"2023-11-08T17:09:44","slug":"lintuverkko","status":"publish","type":"product","link":"https:\/\/birdbusters.eu\/fi\/tuote\/lintuverkko\/","title":{"rendered":"Lintuverkko"},"content":{"rendered":"<p style=\"text-align: justify;\">Fiksu tapa suojata hedelm\u00e4puut, pensaat ja vihannekset. Lintuverkko, jonka kest\u00e4vyydell\u00e4 on merkityst\u00e4<\/p>\n<p style=\"text-align: justify;\"><strong>Lintusuojaverkot<\/strong> on varustettu nurkissa olevilla sidontanaruilla. Lintusuojaverkot auttavat sinua korjaamaan enemm\u00e4n satoa puutarhastasi pit\u00e4m\u00e4ll\u00e4 saalistajat poissa. T\u00e4ydellinen mustikoille, hedelm\u00e4puille, vihanneksille ja muille.<\/p>\n<p style=\"text-align: justify;\">Karkottaa kaikki linnut.<\/p>\n<p style=\"text-align: justify;\">Koko 5&#215;20 m.<\/p>\n","protected":false},"excerpt":{"rendered":"<p><strong>Lintusuojaverkot<\/strong> on varustettu nurkissa olevilla sidontanaruilla.<\/p>\n<p>&nbsp;<\/p>\n","protected":false},"featured_media":1540,"template":"","meta":{"_themeisle_gutenberg_block_has_review":false},"product_brand":[],"product_cat":[56],"product_tag":[],"class_list":{"0":"post-1885","1":"product","2":"type-product","3":"status-publish","4":"has-post-thumbnail","6":"product_cat-lintukarkottimet","8":"first","9":"outofstock","10":"taxable","11":"shipping-taxable","12":"purchasable","13":"product-type-simple"},"_links":{"self":[{"href":"https:\/\/birdbusters.eu\/fi\/wp-json\/wp\/v2\/product\/1885","targetHints":{"allow":["GET"]}}],"collection":[{"href":"https:\/\/birdbusters.eu\/fi\/wp-json\/wp\/v2\/product"}],"about":[{"href":"https:\/\/birdbusters.eu\/fi\/wp-json\/wp\/v2\/types\/product"}],"wp:featuredmedia":[{"embeddable":true,"href":"https:\/\/birdbusters.eu\/fi\/wp-json\/wp\/v2\/media\/1540"}],"wp:attachment":[{"href":"https:\/\/birdbusters.eu\/fi\/wp-json\/wp\/v2\/media?parent=1885"}],"wp:term":[{"taxonomy":"product_brand","embeddable":true,"href":"https:\/\/birdbusters.eu\/fi\/wp-json\/wp\/v2\/product_brand?post=1885"},{"taxonomy":"product_cat","embeddable":true,"href":"https:\/\/birdbusters.eu\/fi\/wp-json\/wp\/v2\/product_cat?post=1885"},{"taxonomy":"product_tag","embeddable":true,"href":"https:\/\/birdbusters.eu\/fi\/wp-json\/wp\/v2\/product_tag?post=1885"}],"curies":[{"name":"wp","href":"https:\/\/api.w.org\/{rel}","templated":true}]}}