{"id":1887,"date":"2018-07-05T12:27:43","date_gmt":"2018-07-05T10:27:43","guid":{"rendered":"https:\/\/birdbusters.eu\/product\/varinanauha-linnunpelatin-30-m\/"},"modified":"2025-04-08T19:10:27","modified_gmt":"2025-04-08T17:10:27","slug":"varinanauha-linnunpelatin-30-m","status":"publish","type":"product","link":"https:\/\/birdbusters.eu\/fi\/tuote\/varinanauha-linnunpelatin-30-m\/","title":{"rendered":"V\u00e4rin\u00e4nauha-linnunpel\u00e4tin 30 m"},"content":{"rendered":"<p style=\"text-align: justify;\">Erityinen 5 mm:n UV-suojattu nauha, joka v\u00e4risee jopa eritt\u00e4in heikossa tuulessa. <strong>V\u00e4rin\u00e4nauha-linnunpel\u00e4ttimen<\/strong> tuottama matala \u00e4\u00e4ni <strong>karkottaa linnut<\/strong> eritt\u00e4in tehokkaasti. Sen p\u00e4\u00e4st\u00e4m\u00e4 humiseva \u00e4\u00e4ni on tehokas lintujen karkottaja. V\u00e4rin\u00e4nauha-pel\u00e4ttimell\u00e4 on 5 kg:n murtokest\u00e4vyys. Ihanteellinen kasvitarhoille, hedelm\u00e4puille, viinik\u00f6ynn\u00f6ksille, viljelykasveille ja nurmikoille. T\u00e4m\u00e4 monofilamenttinauha auttaa suojaamaan puutarhasi ja kotisi linnuilta ja muilta tuhoel\u00e4imilt\u00e4.<\/p>\n<p style=\"text-align: justify;\">Pituus 30 m, leveys 5 mm ja paksuus 0,05 mm.<\/p>\n","protected":false},"excerpt":{"rendered":"<p>https:\/\/youtu.be\/YuyrTB2dQZE<\/p>\n<p>UV-suojattu nauha on suunniteltu v\u00e4risem\u00e4\u00e4n jopa hyvin heikossa tuulessa. <strong>V\u00e4rin\u00e4nauha-linnunpel\u00e4ttimen<\/strong> tuottama matala \u00e4\u00e4ni <strong>karkottaa linnut<\/strong> eritt\u00e4in tehokkaasti.<\/p>\n<p>&nbsp;<\/p>\n","protected":false},"featured_media":1524,"template":"","meta":{"_themeisle_gutenberg_block_has_review":false},"product_brand":[],"product_cat":[52,50,51],"product_tag":[],"class_list":{"0":"post-1887","1":"product","2":"type-product","3":"status-publish","4":"has-post-thumbnail","6":"product_cat-lintukarkotin","7":"product_cat-linnunpelattimet","8":"product_cat-visuaaliset-linnunpelattimet","10":"first","11":"instock","12":"taxable","13":"shipping-taxable","14":"purchasable","15":"product-type-simple"},"_links":{"self":[{"href":"https:\/\/birdbusters.eu\/fi\/wp-json\/wp\/v2\/product\/1887","targetHints":{"allow":["GET"]}}],"collection":[{"href":"https:\/\/birdbusters.eu\/fi\/wp-json\/wp\/v2\/product"}],"about":[{"href":"https:\/\/birdbusters.eu\/fi\/wp-json\/wp\/v2\/types\/product"}],"wp:featuredmedia":[{"embeddable":true,"href":"https:\/\/birdbusters.eu\/fi\/wp-json\/wp\/v2\/media\/1524"}],"wp:attachment":[{"href":"https:\/\/birdbusters.eu\/fi\/wp-json\/wp\/v2\/media?parent=1887"}],"wp:term":[{"taxonomy":"product_brand","embeddable":true,"href":"https:\/\/birdbusters.eu\/fi\/wp-json\/wp\/v2\/product_brand?post=1887"},{"taxonomy":"product_cat","embeddable":true,"href":"https:\/\/birdbusters.eu\/fi\/wp-json\/wp\/v2\/product_cat?post=1887"},{"taxonomy":"product_tag","embeddable":true,"href":"https:\/\/birdbusters.eu\/fi\/wp-json\/wp\/v2\/product_tag?post=1887"}],"curies":[{"name":"wp","href":"https:\/\/api.w.org\/{rel}","templated":true}]}}