{"id":1888,"date":"2018-04-19T13:03:35","date_gmt":"2018-04-19T11:03:35","guid":{"rendered":"https:\/\/birdbusters.eu\/product\/susihahmo-linnunpelatin\/"},"modified":"2024-05-03T15:17:53","modified_gmt":"2024-05-03T13:17:53","slug":"susihahmo-linnunpelatin","status":"publish","type":"product","link":"https:\/\/birdbusters.eu\/fi\/tuote\/susihahmo-linnunpelatin\/","title":{"rendered":"Susihahmo-linnunpel\u00e4tin"},"content":{"rendered":"<h1 style=\"text-align: justify;\"><span style=\"font-size: 12pt;\">Aidonkokoinen susihahmo.<\/span><\/h1>\n<p style=\"text-align: justify;\"><strong>Tuhoel\u00e4inpel\u00e4tin<\/strong>, joka pit\u00e4\u00e4 poissa jyrsij\u00e4t ja linnut mukaan lukien hanhet, ankat ja kyyhkyset. Kevytrakenteinen susihahmo on kolmiulotteinen, joten se n\u00e4ytt\u00e4\u00e4 oikealta sudelta. Se on eritt\u00e4in helppo asentaa. Parhaan tuloksen saavuttamiseksi vaihda suden paikkaa 3-4 p\u00e4iv\u00e4n v\u00e4lein.<\/p>\n<p style=\"text-align: justify;\">T\u00e4m\u00e4 l<strong>intukarkotin<\/strong> toimii parhaiten golfkentill\u00e4, teollisuusalueilla, puutarhoissa, lentokentill\u00e4, puistoissa, koulujen pihoilla ja pelloilla.<\/p>\n<p style=\"text-align: justify;\">Susihahmo on valmistettu s\u00e4\u00e4nkest\u00e4v\u00e4st\u00e4 EVA-kumista.<\/p>\n","protected":false},"excerpt":{"rendered":"<p>Oikeankokoinen susihahmo on <strong>tuhoel\u00e4inpel\u00e4tin<\/strong>, joka pit\u00e4\u00e4 poissa jyrsij\u00e4t ja linnut mukaan lukien hanhet, ankat ja kyyhkyset.<\/p>\n<p>&nbsp;<\/p>\n","protected":false},"featured_media":1474,"template":"","meta":{"_themeisle_gutenberg_block_has_review":false},"product_brand":[],"product_cat":[165,50,51],"product_tag":[],"class_list":{"0":"post-1888","1":"product","2":"type-product","3":"status-publish","4":"has-post-thumbnail","6":"product_cat-elainkarkottimet","7":"product_cat-linnunpelattimet","8":"product_cat-visuaaliset-linnunpelattimet","10":"first","11":"outofstock","12":"taxable","13":"shipping-taxable","14":"purchasable","15":"product-type-simple"},"_links":{"self":[{"href":"https:\/\/birdbusters.eu\/fi\/wp-json\/wp\/v2\/product\/1888","targetHints":{"allow":["GET"]}}],"collection":[{"href":"https:\/\/birdbusters.eu\/fi\/wp-json\/wp\/v2\/product"}],"about":[{"href":"https:\/\/birdbusters.eu\/fi\/wp-json\/wp\/v2\/types\/product"}],"wp:featuredmedia":[{"embeddable":true,"href":"https:\/\/birdbusters.eu\/fi\/wp-json\/wp\/v2\/media\/1474"}],"wp:attachment":[{"href":"https:\/\/birdbusters.eu\/fi\/wp-json\/wp\/v2\/media?parent=1888"}],"wp:term":[{"taxonomy":"product_brand","embeddable":true,"href":"https:\/\/birdbusters.eu\/fi\/wp-json\/wp\/v2\/product_brand?post=1888"},{"taxonomy":"product_cat","embeddable":true,"href":"https:\/\/birdbusters.eu\/fi\/wp-json\/wp\/v2\/product_cat?post=1888"},{"taxonomy":"product_tag","embeddable":true,"href":"https:\/\/birdbusters.eu\/fi\/wp-json\/wp\/v2\/product_tag?post=1888"}],"curies":[{"name":"wp","href":"https:\/\/api.w.org\/{rel}","templated":true}]}}