{"id":1889,"date":"2018-04-02T13:50:19","date_gmt":"2018-04-02T10:50:19","guid":{"rendered":"https:\/\/birdbusters.eu\/product\/pelatinpollo\/"},"modified":"2026-04-29T17:43:59","modified_gmt":"2026-04-29T15:43:59","slug":"pelatinpollo","status":"publish","type":"product","link":"https:\/\/birdbusters.eu\/fi\/tuote\/pelatinpollo\/","title":{"rendered":"Linnunpel\u00e4tin P\u00f6ll\u00f6"},"content":{"rendered":"<p style=\"text-align: justify;\"><strong>Aidonoloinen pel\u00e4tinp\u00f6ll\u00f6, jolla on k\u00e4\u00e4ntyv\u00e4 p\u00e4\u00e4 ja valoa heijastavat silm\u00e4t.<\/strong><\/p>\n<p style=\"text-align: justify;\">Pel\u00e4tinp\u00f6ll\u00f6 puutarhaan ja parvekkeelle karkottamaan <strong>pienemm\u00e4t linnut ja jyrsij\u00e4t<\/strong>.<\/p>\n<p style=\"text-align: justify;\">Aseta p\u00f6ll\u00f6hahmo mahdollisimman n\u00e4kyv\u00e4lle paikalle, jotta tuhoel\u00e4imet ja linnut huomaavat sen helposti. Jotta linnut eiv\u00e4t totu p\u00f6ll\u00f6\u00f6n, sen paikkaa pit\u00e4\u00e4 vaihtaa aika-ajoin, v\u00e4hint\u00e4\u00e4n kerran viikossa.<\/p>\n<p style=\"text-align: justify;\">Hahmon voi t\u00e4ytt\u00e4\u00e4 hiekalla, jos se t\u00e4ytyy saada painavammaksi.<\/p>\n<p style=\"text-align: justify;\">P\u00e4\u00e4 k\u00e4\u00e4ntyy tuulessa. Korkeus 40cm.<\/p>\n","protected":false},"excerpt":{"rendered":"<p>Oikeankokoinen pel\u00e4tinp\u00f6ll\u00f6 k\u00e4\u00e4ntyv\u00e4ll\u00e4 p\u00e4\u00e4ll\u00e4 ja valoa heijastavilla silmill\u00e4 on t\u00e4ydellinen puutarhoihin karkottamaan pienempi\u00e4 lintuja, kuten mustarastaita, kottaraisia, varpusia, kyyhkysi\u00e4 jne.<\/p>\n<p>&nbsp;<\/p>\n","protected":false},"featured_media":1328,"template":"","meta":{"_themeisle_gutenberg_block_has_review":false,"rank_math_focus_keyword":"pelottava p\u00f6ll\u00f6","rank_math_title":"Pelottava P\u00f6ll\u00f6-hahmo tehokkaaseen lintujen torjuntaan | Bird Busters","rank_math_description":"T\u00e4m\u00e4 pelottava p\u00f6ll\u00f6-hahmo on visuaalinen linnunpel\u00e4tin, joka pit\u00e4\u00e4 ei-toivotut linnut loitolla omaisuutesi l\u00e4helt\u00e4. Lue lis\u00e4\u00e4 ja tilaa!","rank_math_canonical_url":"","rank_math_facebook_title":"","rank_math_facebook_description":"","rank_math_facebook_image":"","rank_math_twitter_title":"","rank_math_twitter_description":"","rank_math_twitter_image":"","rank_math_schema_FAQPage":[]},"product_brand":[],"product_cat":[276,50,272,51],"product_tag":[],"class_list":{"0":"post-1889","1":"product","2":"type-product","3":"status-publish","4":"has-post-thumbnail","6":"product_cat-kottaraisten-torjunta","7":"product_cat-linnunpelattimet","8":"product_cat-varisten-torjunta","9":"product_cat-visuaaliset-linnunpelattimet","11":"first","12":"instock","13":"taxable","14":"shipping-taxable","15":"purchasable","16":"product-type-simple"},"_links":{"self":[{"href":"https:\/\/birdbusters.eu\/fi\/wp-json\/wp\/v2\/product\/1889","targetHints":{"allow":["GET"]}}],"collection":[{"href":"https:\/\/birdbusters.eu\/fi\/wp-json\/wp\/v2\/product"}],"about":[{"href":"https:\/\/birdbusters.eu\/fi\/wp-json\/wp\/v2\/types\/product"}],"wp:featuredmedia":[{"embeddable":true,"href":"https:\/\/birdbusters.eu\/fi\/wp-json\/wp\/v2\/media\/1328"}],"wp:attachment":[{"href":"https:\/\/birdbusters.eu\/fi\/wp-json\/wp\/v2\/media?parent=1889"}],"wp:term":[{"taxonomy":"product_brand","embeddable":true,"href":"https:\/\/birdbusters.eu\/fi\/wp-json\/wp\/v2\/product_brand?post=1889"},{"taxonomy":"product_cat","embeddable":true,"href":"https:\/\/birdbusters.eu\/fi\/wp-json\/wp\/v2\/product_cat?post=1889"},{"taxonomy":"product_tag","embeddable":true,"href":"https:\/\/birdbusters.eu\/fi\/wp-json\/wp\/v2\/product_tag?post=1889"}],"curies":[{"name":"wp","href":"https:\/\/api.w.org\/{rel}","templated":true}]}}