{"id":1890,"date":"2018-02-07T13:04:37","date_gmt":"2018-02-07T11:04:37","guid":{"rendered":"https:\/\/birdbusters.eu\/product\/lintukarkotinsprinkleri\/"},"modified":"2025-05-25T12:45:27","modified_gmt":"2025-05-25T10:45:27","slug":"lintukarkotinsprinkleri","status":"publish","type":"product","link":"https:\/\/birdbusters.eu\/fi\/tuote\/lintukarkotinsprinkleri\/","title":{"rendered":"Lintukarkotinsprinkleri"},"content":{"rendered":"<p><strong>Aurinkovoimalla toimiva lintukarkotinsprinkleri suojaa puutarhoja, maisema-alueita ja pihoja peuroilta, kaneilta, linnuilta ja muilta kutsumattomilta el\u00e4invierailta.<\/strong><\/p>\n<p>S\u00e4ik\u00e4ytt\u00e4\u00e4 tuhoel\u00e4imet \u00e4\u00e4nell\u00e4 ja pel\u00e4stytt\u00e4v\u00e4ll\u00e4 -mutta- harmittomalla vesisuihkulla opettamalla ne n\u00e4in v\u00e4ltt\u00e4m\u00e4\u00e4n suojattua aluetta jatkossa. Sprinklerikarkotin reagoi liikkeeseen, sprinkleri ruiskuttaa vett\u00e4 nelj\u00e4n sekunnin ajan.<\/p>\n<p>Suojaa 1200 m2 p\u00e4iv\u00e4ll\u00e4 ja y\u00f6ll\u00e4 \u2013 toimii 9 voltin paristolla jopa puoli vuotta. Liiketunnistin toimii 90 asteen kulmassa, sprinkleri ruiskuttaa vett\u00e4 10 metrin p\u00e4\u00e4h\u00e4n. Jos toiminta-alue on enemm\u00e4n kuin 10 metri\u00e4, useampi sprinkleri tulee kytke\u00e4 toisiinsa, jotta koko alue saadaan katettua. Tutustu alla olevaan k\u00e4ytt\u00f6oppaaseen ohjeiden saamiseksi ja vianm\u00e4\u00e4rityksen tekemiseksi.<\/p>\n<p>Osien asennusohjeet: Laitteen kaksi osaa sopivat toisiinsa vain yhdell\u00e4 tavalla; letkuliittimen osoittaessa alasp\u00e4in kytke se ter\u00e4v\u00e4n osan p\u00e4\u00e4lle; joka sitten asennetaan maahan.<\/p>\n<p><a href=\"https:\/\/birdbusters.eu\/wp-content\/uploads\/2018\/10\/bird-sprinkler-manual.pdf\"><u>Katso lintusprinklerin asennusohje (englanniksi)<\/u><\/a><\/p>\n","protected":false},"excerpt":{"rendered":"<p>Aurinkovoimalla toimiva lintukarkotinsprinkleri suojaa puutarhoja, maisema-alueita ja pihoja peuroilta, kaneilta, linnuilta ja muilta kutsumattomilta el\u00e4invierailta. Sprinklerikarkotin aktivoituu liikkeest\u00e4 ja suihkuttaa vett\u00e4 nelj\u00e4n sekunnin ajan.<\/p>\n","protected":false},"featured_media":1454,"template":"","meta":{"_themeisle_gutenberg_block_has_review":false},"product_brand":[],"product_cat":[56,51],"product_tag":[],"class_list":{"0":"post-1890","1":"product","2":"type-product","3":"status-publish","4":"has-post-thumbnail","6":"product_cat-lintukarkottimet","7":"product_cat-visuaaliset-linnunpelattimet","9":"first","10":"instock","11":"taxable","12":"shipping-taxable","13":"purchasable","14":"product-type-simple"},"_links":{"self":[{"href":"https:\/\/birdbusters.eu\/fi\/wp-json\/wp\/v2\/product\/1890","targetHints":{"allow":["GET"]}}],"collection":[{"href":"https:\/\/birdbusters.eu\/fi\/wp-json\/wp\/v2\/product"}],"about":[{"href":"https:\/\/birdbusters.eu\/fi\/wp-json\/wp\/v2\/types\/product"}],"wp:featuredmedia":[{"embeddable":true,"href":"https:\/\/birdbusters.eu\/fi\/wp-json\/wp\/v2\/media\/1454"}],"wp:attachment":[{"href":"https:\/\/birdbusters.eu\/fi\/wp-json\/wp\/v2\/media?parent=1890"}],"wp:term":[{"taxonomy":"product_brand","embeddable":true,"href":"https:\/\/birdbusters.eu\/fi\/wp-json\/wp\/v2\/product_brand?post=1890"},{"taxonomy":"product_cat","embeddable":true,"href":"https:\/\/birdbusters.eu\/fi\/wp-json\/wp\/v2\/product_cat?post=1890"},{"taxonomy":"product_tag","embeddable":true,"href":"https:\/\/birdbusters.eu\/fi\/wp-json\/wp\/v2\/product_tag?post=1890"}],"curies":[{"name":"wp","href":"https:\/\/api.w.org\/{rel}","templated":true}]}}