{"id":1892,"date":"2018-02-07T11:06:35","date_gmt":"2018-02-07T10:06:35","guid":{"rendered":"https:\/\/birdbusters.eu\/product\/bird-gard-pro-variksenpelatin\/"},"modified":"2023-10-19T21:51:52","modified_gmt":"2023-10-19T19:51:52","slug":"bird-gard-pro-variksenpelatin","status":"publish","type":"product","link":"https:\/\/birdbusters.eu\/fi\/tuote\/bird-gard-pro-variksenpelatin\/","title":{"rendered":"Bird Gard Pro variksenpel\u00e4tin"},"content":{"rendered":"<p>Bird Gard Pro -variksenpel\u00e4tin on tarkoitettu suojaamaan rakennuksia ja toimitiloja. Laite tuottaa variksen varoitus\u00e4\u00e4nt\u00e4, joka pel\u00e4stytt\u00e4\u00e4 lintuja. Toiminta-alue ilman <u><a href=\"https:\/\/birdbusters.eu\/fi\/tuote\/kaiutin-bird-gard-prohon\/\">lis\u00e4kaiutinta<\/a> <\/u>on 0.6 hehtaaria.<\/p>\n<p>Mahdollista tilata <a href=\"https:\/\/birdbusters.eu\/fi\/tuote\/kaiutin-bird-gard-prohon\/\">lis\u00e4kaiutin<\/a>.<\/p>\n","protected":false},"excerpt":{"rendered":"<p>https:\/\/youtu.be\/kK5iP9w1AEg<\/p>\n<p>Bird Gard Pro -variksenpel\u00e4tin on tarkoitettu suojaamaan rakennuksia ja toimitiloja. Laite tuottaa variksen varoitus\u00e4\u00e4nt\u00e4, joka pelottaa lintuja.<\/p>\n<p>&nbsp;<\/p>\n","protected":false},"featured_media":1440,"template":"","meta":{"_themeisle_gutenberg_block_has_review":false},"product_brand":[],"product_cat":[52,50],"product_tag":[],"class_list":{"0":"post-1892","1":"product","2":"type-product","3":"status-publish","4":"has-post-thumbnail","6":"product_cat-lintukarkotin","7":"product_cat-linnunpelattimet","9":"first","10":"onbackorder","11":"taxable","12":"shipping-taxable","13":"purchasable","14":"product-type-simple"},"_links":{"self":[{"href":"https:\/\/birdbusters.eu\/fi\/wp-json\/wp\/v2\/product\/1892","targetHints":{"allow":["GET"]}}],"collection":[{"href":"https:\/\/birdbusters.eu\/fi\/wp-json\/wp\/v2\/product"}],"about":[{"href":"https:\/\/birdbusters.eu\/fi\/wp-json\/wp\/v2\/types\/product"}],"wp:featuredmedia":[{"embeddable":true,"href":"https:\/\/birdbusters.eu\/fi\/wp-json\/wp\/v2\/media\/1440"}],"wp:attachment":[{"href":"https:\/\/birdbusters.eu\/fi\/wp-json\/wp\/v2\/media?parent=1892"}],"wp:term":[{"taxonomy":"product_brand","embeddable":true,"href":"https:\/\/birdbusters.eu\/fi\/wp-json\/wp\/v2\/product_brand?post=1892"},{"taxonomy":"product_cat","embeddable":true,"href":"https:\/\/birdbusters.eu\/fi\/wp-json\/wp\/v2\/product_cat?post=1892"},{"taxonomy":"product_tag","embeddable":true,"href":"https:\/\/birdbusters.eu\/fi\/wp-json\/wp\/v2\/product_tag?post=1892"}],"curies":[{"name":"wp","href":"https:\/\/api.w.org\/{rel}","templated":true}]}}