{"id":1894,"date":"2018-02-07T10:33:55","date_gmt":"2018-02-07T09:33:55","guid":{"rendered":"https:\/\/birdbusters.eu\/product\/lokkipelatin-bird-gard-pro\/"},"modified":"2025-05-19T16:31:41","modified_gmt":"2025-05-19T14:31:41","slug":"lokkipelatin-bird-gard-pro","status":"publish","type":"product","link":"https:\/\/birdbusters.eu\/fi\/tuote\/lokkipelatin-bird-gard-pro\/","title":{"rendered":"Lokkipel\u00e4tin Bird Gard Pro"},"content":{"rendered":"<h2>Eritt\u00e4in tehokas lokkipel\u00e4tin<\/h2>\n<p id=\"tw-target-text\" class=\"tw-data-text tw-text-large tw-ta\" dir=\"ltr\" data-placeholder=\"Translation\" aria-label=\"Translated text\" data-ved=\"2ahUKEwjIjoL2kvyGAxW_5wIHHQiTAZoQ3ewLegQIBRAU\"><span class=\"Y2IQFc\" lang=\"fi\">Bird Gard Pro on ammattimainen laite, joka k\u00e4ytt\u00e4\u00e4 edistyksellist\u00e4 \u00e4\u00e4nitekniikkaa karkottamaan lokkeja. Se l\u00e4hett\u00e4\u00e4 korkealaatuisia digitaalisia tallenteita lokkien h\u00e4t\u00e4kutsuista, vaarakutsuista ja petoel\u00e4inhuudoista. Ammattimaisesti tallennetut \u00e4\u00e4net j\u00e4ljittelev\u00e4t tehokkaasti luonnollista \u00e4\u00e4nimaisemaa ja huijaavat lokit uskomaan, ett\u00e4 ne ovat hy\u00f6kk\u00e4yksen vaarassa ja heid\u00e4n on siirrytt\u00e4v\u00e4 turvallisempaan paikkaan. <\/span><\/p>\n<p class=\"tw-data-text tw-text-large tw-ta\" dir=\"ltr\" data-placeholder=\"Translation\" aria-label=\"Translated text\" data-ved=\"2ahUKEwjIjoL2kvyGAxW_5wIHHQiTAZoQ3ewLegQIBRAU\"><span class=\"Y2IQFc\" lang=\"fi\">T\u00e4m\u00e4 lokkipel\u00e4tin on helppo asentaa ja k\u00e4ytt\u00e4\u00e4. Laitteessa on sis\u00e4\u00e4nrakennettu kaiutin ja vahvistin, virtal\u00e4hde, s\u00e4\u00e4nkest\u00e4v\u00e4 kotelo ja asennusteline. Se karkottaa lokkeja jopa <strong>0,6 hehtaarin alueelta<\/strong>. S\u00e4\u00e4nkest\u00e4v\u00e4 kotelo varmistaa, ett\u00e4 Bird Gard Pro toimii kaikissa s\u00e4\u00e4olosuhteissa ja pysyy toimintakunnossa pitk\u00e4\u00e4n. <\/span><\/p>\n<p class=\"tw-data-text tw-text-large tw-ta\" dir=\"ltr\" data-placeholder=\"Translation\" aria-label=\"Translated text\" data-ved=\"2ahUKEwjIjoL2kvyGAxW_5wIHHQiTAZoQ3ewLegQIBRAU\"><span class=\"Y2IQFc\" lang=\"fi\">Parhaan tuloksen saavuttamiseksi on suositeltavaa asentaa laite v\u00e4hint\u00e4\u00e4n <strong>1,5 metrin p\u00e4\u00e4h\u00e4n maasta<\/strong>. Mit\u00e4 korkeammalla se on, sit\u00e4 tehokkaampi se on.<\/span><\/p>\n<p class=\"\" data-start=\"156\" data-end=\"234\"><strong data-start=\"156\" data-end=\"186\">Lokkipel\u00e4tin Bird Gard Pro<\/strong><br data-start=\"186\" data-end=\"189\" \/><strong data-start=\"189\" data-end=\"234\">Lintujen karkottamiseen tarkoitettu laite<\/strong><\/p>\n<p class=\"\" data-start=\"236\" data-end=\"497\"><strong data-start=\"236\" data-end=\"266\">Lokkipel\u00e4tin Bird Gard Pro<\/strong> on erityisesti kehitetty \u00e4\u00e4nipohjainen laite h\u00e4iritsevien merilintujen, kuten lokkien, karkottamiseen. Laite l\u00e4hett\u00e4\u00e4 ep\u00e4s\u00e4\u00e4nn\u00f6llisi\u00e4 lokkien ja petolintujen h\u00e4t\u00e4huutoja, jotka s\u00e4ik\u00e4ytt\u00e4v\u00e4t linnut ja saavat ne poistumaan alueelta.<\/p>\n<h3 class=\"\" data-start=\"499\" data-end=\"520\">Toimintaperiaate:<\/h3>\n<p class=\"\" data-start=\"522\" data-end=\"809\">Lokkipel\u00e4tin Bird Gard Pro k\u00e4ytt\u00e4\u00e4 valikoituja lintujen \u00e4\u00e4ni\u00e4 lintujen karkottamiseen. N\u00e4m\u00e4 \u00e4\u00e4net viestiv\u00e4t vaarasta ja laukaisevat linnuissa pakoreaktion. Laite soveltuu enint\u00e4\u00e4n 0,6 hehtaarin alueelle. Tarvittaessa siihen voi liitt\u00e4\u00e4 ulkoisen kaiuttimen vaikutusalueen laajentamiseksi.<\/p>\n<h3 class=\"\" data-start=\"811\" data-end=\"841\">Mink\u00e4 \u00e4\u00e4nikortin valitsen?<\/h3>\n<p class=\"\" data-start=\"843\" data-end=\"1024\">Saatavilla on kaksi erilaista \u00e4\u00e4nikorttia, jotka soveltuvat eri lintulajeille. Parhaan tehon saavuttamiseksi on t\u00e4rke\u00e4\u00e4 valita oikea \u00e4\u00e4nikortti alueella esiintyvien lintujen mukaan.<\/p>\n<h4 class=\"\" data-start=\"1026\" data-end=\"1074\">\u00c4\u00e4nikortti #20 \u2013 Eurooppalaiset merilinnut:<\/h4>\n<p class=\"\" data-start=\"1076\" data-end=\"1120\">T\u00e4ll\u00e4 kortilla on seuraavien lintujen \u00e4\u00e4ni\u00e4:<\/p>\n<ul data-start=\"1122\" data-end=\"1419\">\n<li class=\"\" data-start=\"1122\" data-end=\"1154\">\n<p class=\"\" data-start=\"1124\" data-end=\"1154\">Naurulokki (Larus atricilla)<\/p>\n<\/li>\n<li class=\"\" data-start=\"1155\" data-end=\"1196\">\n<p class=\"\" data-start=\"1157\" data-end=\"1196\">Rengasnokkalokki (Larus delawarensis)<\/p>\n<\/li>\n<li class=\"\" data-start=\"1197\" data-end=\"1231\">\n<p class=\"\" data-start=\"1199\" data-end=\"1231\">Harmaalokki (Larus argentatus)<\/p>\n<\/li>\n<li class=\"\" data-start=\"1232\" data-end=\"1268\">\n<p class=\"\" data-start=\"1234\" data-end=\"1268\">Merikotka (Haliaeetus albicilla)<\/p>\n<\/li>\n<li class=\"\" data-start=\"1269\" data-end=\"1301\">\n<p class=\"\" data-start=\"1271\" data-end=\"1301\">Kalalokki (Larus ridibundus)<\/p>\n<\/li>\n<li class=\"\" data-start=\"1302\" data-end=\"1338\">\n<p class=\"\" data-start=\"1304\" data-end=\"1338\">J\u00e4\u00e4merilokki (Larus glaucescens)<\/p>\n<\/li>\n<li class=\"\" data-start=\"1339\" data-end=\"1384\">\n<p class=\"\" data-start=\"1341\" data-end=\"1384\">Amerikanmerimetso (Phalacrocorax auritus)<\/p>\n<\/li>\n<li class=\"\" data-start=\"1385\" data-end=\"1419\">\n<p class=\"\" data-start=\"1387\" data-end=\"1419\">Sinisuohaukka (Circus cyaneus)<\/p>\n<\/li>\n<\/ul>\n<p class=\"\" data-start=\"1421\" data-end=\"1574\">T\u00e4m\u00e4 kortti sopii erityisesti alueille, joilla naurulokit ja muut merilinnut aiheuttavat ongelmia. Se on ihanteellinen valinta merellisiin ymp\u00e4rist\u00f6ihin.<\/p>\n<h4 class=\"\" data-start=\"1576\" data-end=\"1619\">\u00c4\u00e4nikortti #71 \u2013 Lokit ja muut linnut:<\/h4>\n<p class=\"\" data-start=\"1621\" data-end=\"1665\">T\u00e4ll\u00e4 kortilla on seuraavien lintujen \u00e4\u00e4ni\u00e4:<\/p>\n<ul data-start=\"1667\" data-end=\"1891\">\n<li class=\"\" data-start=\"1667\" data-end=\"1701\">\n<p class=\"\" data-start=\"1669\" data-end=\"1701\">Harmaalokki (Larus argentatus)<\/p>\n<\/li>\n<li class=\"\" data-start=\"1702\" data-end=\"1734\">\n<p class=\"\" data-start=\"1704\" data-end=\"1734\">Kalalokki (Larus ridibundus)<\/p>\n<\/li>\n<li class=\"\" data-start=\"1735\" data-end=\"1763\">\n<p class=\"\" data-start=\"1737\" data-end=\"1763\">Selk\u00e4lokki (Larus canus)<\/p>\n<\/li>\n<li class=\"\" data-start=\"1764\" data-end=\"1798\">\n<p class=\"\" data-start=\"1766\" data-end=\"1798\">Kottarainen (Sturnus vulgaris)<\/p>\n<\/li>\n<li class=\"\" data-start=\"1799\" data-end=\"1822\">\n<p class=\"\" data-start=\"1801\" data-end=\"1822\">Harakka (Pica pica)<\/p>\n<\/li>\n<li class=\"\" data-start=\"1823\" data-end=\"1860\">\n<p class=\"\" data-start=\"1825\" data-end=\"1860\">Varpushaukka (Accipiter gentilis)<\/p>\n<\/li>\n<li class=\"\" data-start=\"1861\" data-end=\"1891\">\n<p class=\"\" data-start=\"1863\" data-end=\"1891\">Naakka (Corvus frugilegus)<\/p>\n<\/li>\n<\/ul>\n<p class=\"\" data-start=\"1893\" data-end=\"2096\">\u00c4\u00e4nikortti #71 sopii erityisesti alueille, joilla sek\u00e4 harmaalokit ett\u00e4 selk\u00e4lokit aiheuttavat ongelmia. Se on eritt\u00e4in tehokas my\u00f6s kaupunkiymp\u00e4rist\u00f6ss\u00e4, jossa lokit ja muut linnut esiintyv\u00e4t yleisesti.<\/p>\n<blockquote data-start=\"2098\" data-end=\"2275\">\n<p class=\"\" data-start=\"2100\" data-end=\"2275\"><strong data-start=\"2100\" data-end=\"2109\">Huom:<\/strong> \u00c4\u00e4nikortti #20 ei sis\u00e4ll\u00e4 \u00e4\u00e4ni\u00e4, jotka on erityisesti suunniteltu selk\u00e4lokin karkottamiseen. Jos t\u00e4m\u00e4 lokkilaji on ongelma, suosittelemme valitsemaan \u00e4\u00e4nikortin #71.<\/p>\n<\/blockquote>\n<h3 class=\"\" data-start=\"2277\" data-end=\"2294\">Ominaisuudet:<\/h3>\n<ul data-start=\"2296\" data-end=\"2868\">\n<li class=\"\" data-start=\"2296\" data-end=\"2557\">\n<p class=\"\" data-start=\"2298\" data-end=\"2557\"><strong data-start=\"2298\" data-end=\"2324\">Useita lintujen \u00e4\u00e4ni\u00e4:<\/strong> Lokkipel\u00e4tin Bird Gard Pro mahdollistaa erilaisten lintujen \u00e4\u00e4nien ohjelmoinnin. Suosittelemme vaihtamaan \u00e4\u00e4ni\u00e4 5\u20137 p\u00e4iv\u00e4n v\u00e4lein, jotta linnut eiv\u00e4t totu niihin. My\u00f6s laitteen sijaintia kannattaa vaihdella muutaman metrin v\u00e4lein.<\/p>\n<\/li>\n<li class=\"\" data-start=\"2558\" data-end=\"2689\">\n<p class=\"\" data-start=\"2560\" data-end=\"2689\"><strong data-start=\"2560\" data-end=\"2589\">\u00c4\u00e4nenvoimakkuus ja tauot:<\/strong> \u00c4\u00e4nenvoimakkuutta ja \u00e4\u00e4nien v\u00e4liin j\u00e4\u00e4vi\u00e4 taukoja voi s\u00e4\u00e4t\u00e4\u00e4 parhaan vaikutuksen saavuttamiseksi.<\/p>\n<\/li>\n<li class=\"\" data-start=\"2690\" data-end=\"2761\">\n<p class=\"\" data-start=\"2692\" data-end=\"2761\"><strong data-start=\"2692\" data-end=\"2711\">Helppo asennus:<\/strong> Laite on helppo kiinnitt\u00e4\u00e4 tolppaan tai aitaan.<\/p>\n<\/li>\n<li class=\"\" data-start=\"2762\" data-end=\"2868\">\n<p class=\"\" data-start=\"2764\" data-end=\"2868\"><strong data-start=\"2764\" data-end=\"2789\">P\u00e4iv\u00e4- ja y\u00f6toiminto:<\/strong> Laitteessa voi valita p\u00e4iv\u00e4k\u00e4yt\u00f6n, y\u00f6k\u00e4yt\u00f6n tai ymp\u00e4rivuorokautisen toiminnan.<\/p>\n<\/li>\n<\/ul>\n<h3 class=\"\" data-start=\"2870\" data-end=\"2888\">K\u00e4ytt\u00f6kohteet:<\/h3>\n<p class=\"\" data-start=\"2890\" data-end=\"3114\">S\u00e4\u00e4nkest\u00e4v\u00e4 laite soveltuu ulkok\u00e4ytt\u00f6\u00f6n ja sit\u00e4 voidaan k\u00e4ytt\u00e4\u00e4 monenlaisissa kohteissa, joissa lokit aiheuttavat h\u00e4iri\u00f6t\u00e4. Hyvi\u00e4 kokemuksia on saatu muun muassa venesatamista, teollisuusalueilta ja kalankasvatuslaitoksista.<\/p>\n<hr class=\"\" data-start=\"3116\" data-end=\"3119\" \/>\n<p>&nbsp;<\/p>\n","protected":false},"excerpt":{"rendered":"<p>Lokkipel\u00e4tin Bird Gard Pro on tehokkain \u00e4\u00e4nilaite lokkien karkottamiseen. Laite l\u00e4hett\u00e4\u00e4 lokkien h\u00e4t\u00e4- ja\u00a0 varoitus\u00e4\u00e4ni\u00e4 sek\u00e4 petoelintujen (esimerkiksi haukkojen ja kotkien) huutoja, ja se on osoittautunut eritt\u00e4in tehokkaaksi lokkien pelottamisessa pois veneist\u00e4, telakoista ja venesatamista.<\/p>\n<p><strong>Mitat<\/strong>: 15,3 x 21,6 x 10,2 cm<\/p>\n<p><strong>Paino<\/strong>: 1,5 kg<\/p>\n<p>https:\/\/youtu.be\/rBnHY4xFQBo<\/p>\n<p>&nbsp;<\/p>\n<p>&nbsp;<\/p>\n","protected":false},"featured_media":1434,"template":"","meta":{"_themeisle_gutenberg_block_has_review":false},"product_brand":[],"product_cat":[52,50],"product_tag":[],"class_list":{"0":"post-1894","1":"product","2":"type-product","3":"status-publish","4":"has-post-thumbnail","6":"product_cat-lintukarkotin","7":"product_cat-linnunpelattimet","9":"first","10":"onbackorder","11":"taxable","12":"shipping-taxable","13":"purchasable","14":"product-type-simple"},"_links":{"self":[{"href":"https:\/\/birdbusters.eu\/fi\/wp-json\/wp\/v2\/product\/1894","targetHints":{"allow":["GET"]}}],"collection":[{"href":"https:\/\/birdbusters.eu\/fi\/wp-json\/wp\/v2\/product"}],"about":[{"href":"https:\/\/birdbusters.eu\/fi\/wp-json\/wp\/v2\/types\/product"}],"wp:featuredmedia":[{"embeddable":true,"href":"https:\/\/birdbusters.eu\/fi\/wp-json\/wp\/v2\/media\/1434"}],"wp:attachment":[{"href":"https:\/\/birdbusters.eu\/fi\/wp-json\/wp\/v2\/media?parent=1894"}],"wp:term":[{"taxonomy":"product_brand","embeddable":true,"href":"https:\/\/birdbusters.eu\/fi\/wp-json\/wp\/v2\/product_brand?post=1894"},{"taxonomy":"product_cat","embeddable":true,"href":"https:\/\/birdbusters.eu\/fi\/wp-json\/wp\/v2\/product_cat?post=1894"},{"taxonomy":"product_tag","embeddable":true,"href":"https:\/\/birdbusters.eu\/fi\/wp-json\/wp\/v2\/product_tag?post=1894"}],"curies":[{"name":"wp","href":"https:\/\/api.w.org\/{rel}","templated":true}]}}