{"id":1897,"date":"2017-03-10T19:27:12","date_gmt":"2017-03-10T18:27:12","guid":{"rendered":"https:\/\/birdbusters.eu\/product\/kannettava-aanilinnunpelatin\/"},"modified":"2026-02-11T11:28:10","modified_gmt":"2026-02-11T10:28:10","slug":"kannettava-aanilinnunpelatin","status":"publish","type":"product","link":"https:\/\/birdbusters.eu\/fi\/tuote\/kannettava-aanilinnunpelatin\/","title":{"rendered":"Kannettava \u00e4\u00e4nikarkotin"},"content":{"rendered":"<h2><strong>Kuinka \u00e4\u00e4nikarkotin BirdYell toimii?<\/strong><\/h2>\n<p>Kannettava \u00e4\u00e4nikarkotin BirdYell on monipuolinen ratkaisu tuholaislintujen karkottamiseen. Laite l\u00e4hett\u00e4\u00e4 h\u00e4t\u00e4- ja varoitus\u00e4\u00e4ni\u00e4, jotka j\u00e4ljittelev\u00e4t hy\u00f6kk\u00e4yksen kohteena olevien lintujen pelko\u00e4\u00e4ni\u00e4 sek\u00e4 petolintujen huutoja. Suurilla \u00e4\u00e4nenvoimakkuuksilla n\u00e4m\u00e4 \u00e4\u00e4net luovat uhkaavan ymp\u00e4rist\u00f6n, jota linnut pyrkiv\u00e4t v\u00e4ltt\u00e4m\u00e4\u00e4n.<\/p>\n<p>BirdYell on varustettu esiohjelmoiduilla \u00e4\u00e4nill\u00e4, jotka kattavat lintujen, kuten kottaraisten, naakkojen, varisten ja erilaisten hanhilajien h\u00e4t\u00e4kutsut. Lis\u00e4ksi laitteessa on saalistus\u00e4\u00e4ni\u00e4, kuten haukkojen ja tuulihaukkojen huutoja, sek\u00e4 muita pelottavia \u00e4\u00e4ni\u00e4, kuten susien ulvontaa ja haulikon laukauksia. T\u00e4m\u00e4 monipuolinen \u00e4\u00e4nenpelotusj\u00e4rjestelm\u00e4 on eritt\u00e4in tehokas useiden lintulajien karkottamisessa.<\/p>\n<p>\u00c4\u00e4nikarkotin tarjoaa monenlaisia \u200b\u200blintujen h\u00e4t\u00e4- ja petoel\u00e4inkutsuja. N\u00e4ihin kuuluvat esimerkiksi kottaraisten, naakkojen, varisten, kanadanhanhien, harmaahanhien, valkoposkihanhien ja n\u00e4rhien h\u00e4t\u00e4kutsut. T\u00e4m\u00e4 laaja \u00e4\u00e4nivalikoima varmistaa, ett\u00e4 BirdYell voi tehokkaasti torjua useita lintulajeja.<\/p>\n<p>BirdYell sopii erinomaisesti k\u00e4ytett\u00e4v\u00e4ksi maatiloilla, puutarhoissa, rakennuksissa, varastoissa sek\u00e4 kaupallisilla ja teollisuusalueilla.<\/p>\n<h3><strong>T\u00e4rkeimm\u00e4t ominaisuudet<\/strong><\/h3>\n<ul>\n<li><strong>Useita \u00e4\u00e4niasetuksia<\/strong>: BirdYell tarjoaa laajan valikoiman \u00e4\u00e4nivaihtoehtoja. Laitteen sis\u00e4lt\u00e4m\u00e4t eri lintulajien h\u00e4t\u00e4kutsut ja petoel\u00e4inten uhkaavat \u00e4\u00e4net tekev\u00e4t lintujen torjunnasta sek\u00e4 tehokasta ett\u00e4 monipuolista.<\/li>\n<li><strong>Tehokas kaiutinj\u00e4rjestelm\u00e4<\/strong>: Sis\u00e4\u00e4nrakennetulla 10 W kaiuttimella varustettu BirdYell pystyy l\u00e4hett\u00e4m\u00e4\u00e4n \u00e4\u00e4nt\u00e4 jopa 110 dB voimakkuudella. T\u00e4m\u00e4 on riitt\u00e4v\u00e4n voimakas kattamaan laajoja alueita ja karkottamaan linnut maatiloilta, puutarhoista ja rakennuksilta.<\/li>\n<li><strong>Joustavat virtavaihtoehdot<\/strong>: BirdYell toimii joko 10 AA-paristolla tai <a href=\"https:\/\/birdbusters.eu\/fi\/tuote\/12v-paristo\/\">12 voltin akulla<\/a>, antaen sinulle joustavuutta valita tilanteeseen parhaiten sopiva virtal\u00e4hde. Tarvitsetpa kannettavaa, helposti siirrett\u00e4v\u00e4\u00e4 ratkaisua tai kiinte\u00e4mp\u00e4\u00e4 asennusta, BirdYell vastaa tarpeisiisi.<\/li>\n<li><strong>Kest\u00e4v\u00e4 ja s\u00e4\u00e4nkest\u00e4v\u00e4 muotoilu<\/strong>: BirdYell on suunniteltu kest\u00e4m\u00e4\u00e4n ankarat ulko-olosuhteet ja voi toimia l\u00e4mp\u00f6tiloissa -40\u02da &#8211; 80\u02daC. Sen tukeva rakenne varmistaa luotettavan toiminnan ymp\u00e4ri vuoden ja eri ymp\u00e4rist\u00f6iss\u00e4.<\/li>\n<li><strong>Kompakti ja kevyt<\/strong>: \u00c4\u00e4nikarkotin on helppo kuljettaa ja asentaa. Pienest\u00e4 koostaan huolimatta laite on eritt\u00e4in tehokas lintujen karkottamisessa.<\/li>\n<\/ul>\n<h2><strong>Usein kysytyt kysymykset<\/strong><\/h2>\n<p><strong>Kuinka Sonic-lintupelotin toimii?<\/strong><br \/>\nBirdYell k\u00e4ytt\u00e4\u00e4 tallenteita lintujen h\u00e4t\u00e4\u00e4\u00e4nist\u00e4 ja petoel\u00e4inten kutsuista pel\u00e4stytt\u00e4\u00e4kseen linnut pois. J\u00e4ljittelem\u00e4ll\u00e4 luonnollisia vaaramerkkej\u00e4, kuten hy\u00f6kk\u00e4yksen kohteena olevia lintuja tai l\u00e4hell\u00e4 olevia petoja, laite tekee alueesta vaarallisen ja ep\u00e4miellytt\u00e4v\u00e4n linnuille.<\/p>\n<p><strong>Millaisia \u200b\u200blintuja BirdYell karkottaa?<\/strong><br \/>\nBirdYell on tehokas useita lintulajeja vastaan, kuten kottaraisia, naakkoja, variksia, hanhia, n\u00e4rhi\u00e4 ja muita. Se toimii sek\u00e4 tavallisiin haittalintuihin ett\u00e4 suurempiin lajeihin, jotka voivat aiheuttaa vahinkoa.<\/p>\n<p><strong>Kuinka kova BirdYell on ja kuinka suuren alueen se voi peitt\u00e4\u00e4?<\/strong><br \/>\nBirdYell on varustettu 110 dB \u00e4\u00e4nt\u00e4 tuottavalla kaiuttimella, joka on riitt\u00e4v\u00e4n voimakas kattamaan laajoja alueita, kuten maatiloja ja puutarhoja. Sen tehokas \u00e4\u00e4nil\u00e4ht\u00f6 mahdollistaa vaikutuksen jopa 200 metrin et\u00e4isyydelle.<\/p>\n","protected":false},"excerpt":{"rendered":"<p>BirdYell \u00e4\u00e4nikarkotin on kannettava lintujen pelotuslaite. Laite l\u00e4hett\u00e4\u00e4 lintujen pelko- ja varoitus\u00e4\u00e4ni\u00e4, ilmoittaen, ett\u00e4 alue ei ole turvallinen. 10 watin kaiuttimella varustettu pelotin kattaa yli 200 metrin tehokkaan kantaman.<\/p>\n<p><strong>Mitat<\/strong>: 25 x 12 x 15 cm<br \/>\n<strong>Paino<\/strong>: 1,2 kg<br \/>\n<strong>Kantama<\/strong>: 200 m<\/p>\n<div class=\"flex-shrink-0 flex flex-col relative items-end\">\n<div>\n<div class=\"pt-0\">\n<div class=\"gizmo-bot-avatar flex h-8 w-8 items-center justify-center overflow-hidden rounded-full\">\n<div class=\"relative p-1 rounded-sm flex items-center justify-center bg-token-main-surface-primary text-token-text-primary h-8 w-8\"><\/div>\n<\/div>\n<\/div>\n<\/div>\n<\/div>\n<p>https:\/\/youtu.be\/YrOKA-D6FKg<\/p>\n<p>&nbsp;<\/p>\n","protected":false},"featured_media":1394,"template":"","meta":{"_themeisle_gutenberg_block_has_review":false,"rank_math_focus_keyword":"\u00e4\u00e4nikarkotin","rank_math_title":"BirdYell kannetava \u00e4\u00e4nikarkotin | BIRD BUSTERS","rank_math_description":"T\u00e4ma kannettava \u00e4\u00e4nikarkotin tarjoaa tehokkaan suojan linnuilta. Lue lis\u00e4\u00e4 ja osta nyt!  ","rank_math_canonical_url":"","rank_math_facebook_title":"","rank_math_facebook_description":"","rank_math_facebook_image":"","rank_math_twitter_title":"","rank_math_twitter_description":"","rank_math_twitter_image":"","rank_math_schema_FAQPage":[]},"product_brand":[],"product_cat":[52,50],"product_tag":[],"class_list":{"0":"post-1897","1":"product","2":"type-product","3":"status-publish","4":"has-post-thumbnail","6":"product_cat-lintukarkotin","7":"product_cat-linnunpelattimet","9":"first","10":"instock","11":"taxable","12":"shipping-taxable","13":"purchasable","14":"product-type-simple"},"_links":{"self":[{"href":"https:\/\/birdbusters.eu\/fi\/wp-json\/wp\/v2\/product\/1897","targetHints":{"allow":["GET"]}}],"collection":[{"href":"https:\/\/birdbusters.eu\/fi\/wp-json\/wp\/v2\/product"}],"about":[{"href":"https:\/\/birdbusters.eu\/fi\/wp-json\/wp\/v2\/types\/product"}],"wp:featuredmedia":[{"embeddable":true,"href":"https:\/\/birdbusters.eu\/fi\/wp-json\/wp\/v2\/media\/1394"}],"wp:attachment":[{"href":"https:\/\/birdbusters.eu\/fi\/wp-json\/wp\/v2\/media?parent=1897"}],"wp:term":[{"taxonomy":"product_brand","embeddable":true,"href":"https:\/\/birdbusters.eu\/fi\/wp-json\/wp\/v2\/product_brand?post=1897"},{"taxonomy":"product_cat","embeddable":true,"href":"https:\/\/birdbusters.eu\/fi\/wp-json\/wp\/v2\/product_cat?post=1897"},{"taxonomy":"product_tag","embeddable":true,"href":"https:\/\/birdbusters.eu\/fi\/wp-json\/wp\/v2\/product_tag?post=1897"}],"curies":[{"name":"wp","href":"https:\/\/api.w.org\/{rel}","templated":true}]}}