{"id":1899,"date":"2016-06-15T12:52:52","date_gmt":"2016-06-15T10:52:52","guid":{"rendered":"https:\/\/birdbusters.eu\/product\/bird-gard-super-pro-lintukarkotin\/"},"modified":"2025-09-14T19:18:27","modified_gmt":"2025-09-14T17:18:27","slug":"bird-gard-super-pro-lintukarkotin","status":"publish","type":"product","link":"https:\/\/birdbusters.eu\/fi\/tuote\/bird-gard-super-pro-lintukarkotin\/","title":{"rendered":"Bird Gard Super Pro lintukarkotin"},"content":{"rendered":"<h2><strong>Lintukarkotin 4-suunta-kaiuttimella<\/strong><\/h2>\n<p>BirdGard Super Pro on tehokas lintukarkotin, joka on suunniteltu laajamittaiseen lintujen ja villiel\u00e4inten torjuntaan. Se kattaa jopa 2,4 hehtaarin alueet. T\u00e4m\u00e4 laite sopii erinomaisesti viljelysmaiden, teollisuuskiinteist\u00f6jen, kalanviljelyalueiden ja muiden ulkotilojen suojaamiseen, joissa linnut ja muut el\u00e4imet voivat aiheuttaa ongelmia. BirdGard Super Pro on varustettu vahvistimella ja 4-suunta-kaiuttimella, mik\u00e4 tekee siit\u00e4 eritt\u00e4in tehokkaan karkottimen, joka k\u00e4ytt\u00e4\u00e4 luonnosta tallennettuja \u00e4\u00e4ni\u00e4 lintujen pelotteluun.<\/p>\n<h3>T\u00e4rkeimm\u00e4t ominaisuudet:<\/h3>\n<ul>\n<li><strong>Kattaa jopa 2,4 hehtaaria<\/strong>: BirdGard Super Pro lintukarkotin kattaa laajoja alueita tehokkaasti. Sen voimakas 4-suuntainen kaiutin varmistaa laajan kantaman, mik\u00e4 tekee siit\u00e4 tehokkaan lintujen karkottimen jopa 2,4 hehtaarin (noin 6 eekkerin) alueelle.<\/li>\n<li><strong>Mukautettava lintujen torjunta<\/strong>: Laite toistaa valmiiksi tallennettuja lintujen h\u00e4t\u00e4- ja petoel\u00e4inten \u00e4\u00e4ni\u00e4 ep\u00e4s\u00e4\u00e4nn\u00f6llisin v\u00e4liajoin. Voit mukauttaa j\u00e4rjestelm\u00e4n soittamaan tiettyjen lintulajien pelko-, varoitus- ja paniikki\u00e4\u00e4ni\u00e4. \u00c4\u00e4net on tallennettu valmiiksi mikrosirulle. <strong>Ilmoita tilauksen yhteydess\u00e4, mihin lintulajiin haluat keskitty\u00e4, jotta voimme varmistaa oikean \u00e4\u00e4nikortin mukaan<\/strong>.<\/li>\n<li><strong>Est\u00e4\u00e4 tottumista<\/strong>: Jotta linnut eiv\u00e4t tottuisi \u00e4\u00e4niin, BirdGard Super Prossa on s\u00e4\u00e4dett\u00e4v\u00e4t asetukset, joiden avulla voit muuttaa toistov\u00e4li\u00e4 ja \u00e4\u00e4ni\u00e4.<\/li>\n<li><strong>S\u00e4\u00e4nkest\u00e4v\u00e4 muotoilu<\/strong>: Lintukarkotin on suunniteltu kest\u00e4m\u00e4\u00e4n ulkoasennuksen kaikissa s\u00e4\u00e4olosuhteissa.<\/li>\n<li><strong>Helppo asennus<\/strong>: Lintukarkotin on helppo asentaa pylv\u00e4\u00e4seen, jonka halkaisija voi olla enint\u00e4\u00e4n 27 mm (tanko ei sis\u00e4lly toimitukseen). Olipa kyse viinitarhasta, maatilasta tai teollisuusalueesta, BirdGard Super Pro on helppo asentaa ja ottaa k\u00e4ytt\u00f6\u00f6n v\u00e4litt\u00f6m\u00e4sti.<\/li>\n<\/ul>\n<h3><strong>Miten se toimii<\/strong><\/h3>\n<p>BirdGard Super Pro l\u00e4hett\u00e4\u00e4 \u00e4\u00e4ni\u00e4, jotka on suunniteltu j\u00e4ljittelem\u00e4\u00e4n tiettyjen lintujen luonnollisia h\u00e4t\u00e4- ja petoel\u00e4inkutsuja. N\u00e4m\u00e4 \u00e4\u00e4net laukaisevat kohdelajeissa pakovaiston, mik\u00e4 saa ne poistumaan suojelualueelta. Sonic-lintukarkotin on ihanteellinen kottaraisten, laulurastasten, mustarastaiden, torkkien, takkien ja petolintujen, kuten haukkojen ja muuttohaukkojen, karkottamiseen.<\/p>\n<h3>Usein kysytyt kysymykset<\/h3>\n<p><strong>Mihin lintukarkotinta k\u00e4ytet\u00e4\u00e4n?<\/strong><\/p>\n<p>BirdGard Super Pro on lintukarkotin, joka on suunniteltu laajamittaiseen lintujen ja villiel\u00e4inten torjuntaan. Se suojaa tehokkaasti alueita, kuten viljelysmaita, teollisuuskiinteist\u00f6j\u00e4, kalanviljelylaitoksia ja muita ulkotiloja linnuilta ja muilta villiel\u00e4imilt\u00e4.<\/p>\n<p><strong>Kuinka suuren alueen laite voi kattaa?<\/strong><\/p>\n<p>BirdGard Super Pro -laite kattaa jopa 2,4 hehtaarin (noin 6 eekkerin) alueet tehokkaan 4-suuntaisen kaiutinj\u00e4rjestelm\u00e4n avulla. T\u00e4m\u00e4 tekee siit\u00e4 ihanteellisen suuriin kiinteist\u00f6ihin tai tiloihin, jotka tarvitsevat merkitt\u00e4v\u00e4\u00e4 lintujen torjuntaa.<\/p>\n<p><strong>Miten t\u00e4ma lintukarkotin toimii?<\/strong><\/p>\n<p>Laite l\u00e4hett\u00e4\u00e4 luonnollisia lintuh\u00e4t\u00e4- ja petoel\u00e4inkutsuja ep\u00e4s\u00e4\u00e4nn\u00f6llisin v\u00e4liajoin. N\u00e4m\u00e4 \u00e4\u00e4net laukaisevat kohde-linnuissa pakovaiston, mik\u00e4 saa ne poistumaan alueelta ja pit\u00e4\u00e4 ne tehokkaasti loitolla aiheuttamatta vahinkoa.<\/p>\n<p><strong>Mihin lintulajiin lintukarkottaja t\u00e4ht\u00e4\u00e4?<\/strong><\/p>\n<p>BirdGard Super Pro -karkotin karkottaa tehokkaasti useita lintulajeja, mukaan lukien kottaraiset, laulurastaat, mustarastaat, torkat, takkat ja petolinnut, kuten haukat ja muuttohaukat. \u00c4\u00e4nisiru voidaan r\u00e4\u00e4t\u00e4l\u00f6id\u00e4 kohdistamaan tiettyihin lintuihin tarpeidesi mukaan.<\/p>\n<p><strong>Voivatko linnut tottua karkottimen tuottamiin \u00e4\u00e4niin?<\/strong><\/p>\n<p>Tottumisen v\u00e4ltt\u00e4miseksi lintukarkotimess\u00e4 on s\u00e4\u00e4dett\u00e4v\u00e4t asetukset, jotka muuttavat toistov\u00e4li\u00e4 ja \u00e4\u00e4ni\u00e4. T\u00e4m\u00e4 auttaa varmistamaan, ett\u00e4 linnut eiv\u00e4t totu \u00e4\u00e4niin.<\/p>\n","protected":false},"excerpt":{"rendered":"<p>Bird Gard Super Pro -lintukarkotin, jossa on 4-suuntainen kaiutin, pelottelee lintuja l\u00e4hett\u00e4m\u00e4ll\u00e4 erilaisia linnunkutsuja ja h\u00e4t\u00e4-\u00e4\u00e4ni\u00e4, jotka on tallennettu luonnosta. Se suojaa jopa 2,4 hehtaarin (24 000 m\u00b2) alueen.<\/p>\n<p><strong>Mitat:<\/strong> 23 x 20,5 x 13 cm<br \/>\n<strong>Paino:<\/strong> 3,2 kg<br \/>\n<strong>Valmistettu Yhdysvalloissa.<\/strong><\/p>\n<p>https:\/\/youtu.be\/rBnHY4xFQBo<\/p>\n<p>&nbsp;<\/p>\n","protected":false},"featured_media":5508,"template":"","meta":{"_themeisle_gutenberg_block_has_review":false},"product_brand":[],"product_cat":[52,50],"product_tag":[],"class_list":{"0":"post-1899","1":"product","2":"type-product","3":"status-publish","4":"has-post-thumbnail","6":"product_cat-lintukarkotin","7":"product_cat-linnunpelattimet","9":"first","10":"onbackorder","11":"taxable","12":"shipping-taxable","13":"purchasable","14":"product-type-simple"},"_links":{"self":[{"href":"https:\/\/birdbusters.eu\/fi\/wp-json\/wp\/v2\/product\/1899","targetHints":{"allow":["GET"]}}],"collection":[{"href":"https:\/\/birdbusters.eu\/fi\/wp-json\/wp\/v2\/product"}],"about":[{"href":"https:\/\/birdbusters.eu\/fi\/wp-json\/wp\/v2\/types\/product"}],"wp:featuredmedia":[{"embeddable":true,"href":"https:\/\/birdbusters.eu\/fi\/wp-json\/wp\/v2\/media\/5508"}],"wp:attachment":[{"href":"https:\/\/birdbusters.eu\/fi\/wp-json\/wp\/v2\/media?parent=1899"}],"wp:term":[{"taxonomy":"product_brand","embeddable":true,"href":"https:\/\/birdbusters.eu\/fi\/wp-json\/wp\/v2\/product_brand?post=1899"},{"taxonomy":"product_cat","embeddable":true,"href":"https:\/\/birdbusters.eu\/fi\/wp-json\/wp\/v2\/product_cat?post=1899"},{"taxonomy":"product_tag","embeddable":true,"href":"https:\/\/birdbusters.eu\/fi\/wp-json\/wp\/v2\/product_tag?post=1899"}],"curies":[{"name":"wp","href":"https:\/\/api.w.org\/{rel}","templated":true}]}}