{"id":1900,"date":"2016-06-15T10:54:07","date_gmt":"2016-06-15T08:54:07","guid":{"rendered":"https:\/\/birdbusters.eu\/product\/lentava-haukka-leija-ei-vapaa\/"},"modified":"2024-05-10T16:00:20","modified_gmt":"2024-05-10T14:00:20","slug":"lentava-haukka-leija-ei-vapaa","status":"publish","type":"product","link":"https:\/\/birdbusters.eu\/fi\/tuote\/lentava-haukka-leija-ei-vapaa\/","title":{"rendered":"Lent\u00e4v\u00e4 haukka-leija (ei vapaa)"},"content":{"rendered":"<p><strong>Tehokas ja el\u00e4v\u00e4n n\u00e4k\u00f6inen lintukarkotinleija.<\/strong><\/p>\n<p>Toimii p\u00e4\u00e4asiassa <strong>pienill\u00e4 linnuilla<\/strong>. Lent\u00e4v\u00e4 haukka-linnunpel\u00e4tin t\u00e4ytyy asentaa pitk\u00e4n vavan p\u00e4\u00e4h\u00e4n (ei sis\u00e4lly pakkaukseen).<\/p>\n<p>Aidonkokoinen j\u00e4ljenn\u00f6s liihottelevasta haukasta on valmistettu s\u00e4\u00e4nkest\u00e4v\u00e4st\u00e4 muovista, joten se on lujaa laatua. Voit suojata luumarjat ja siemenhedelm\u00e4t, p\u00e4hkin\u00e4t, marjat tai raakatuotteet tyynell\u00e4 tai tuulisella s\u00e4\u00e4ll\u00e4 asettamalla liihottelevan haukan viljelysten ylle tai niiden l\u00e4helle. Voimaa, kaasua tai myrkkyj\u00e4 ei tarvita, joten se on ymp\u00e4rist\u00f6yst\u00e4v\u00e4llinen ja est\u00e4\u00e4 lintuja vahingoittamasta puutarhaasi. Lent\u00e4v\u00e4 haukka-leija n\u00e4ytt\u00e4\u00e4 aidolta, joten se pelottaa kaikkia lintuja mukaan lukuien r\u00e4k\u00e4ttirastaat, varikset, kyyhykset ja lokit.<\/p>\n<p>Toimii hyvin my\u00f6s alhaisella tuulen nopeudella.<\/p>\n<p>K\u00e4ytt\u00f6ohjeet englanniksi\u00a0<a href=\"https:\/\/birdbusters.eu\/wp-content\/uploads\/2019\/03\/BB-Manual-DEMO.pdf\">Bird kite manual<\/a><\/p>\n<p>Koko 140cm x 80cm<\/p>\n<p><span style=\"font-size: 14pt;\">Toimitusaika 3-4 ty\u00f6p\u00e4iv\u00e4\u00e4<\/span><\/p>\n","protected":false},"excerpt":{"rendered":"<p>Tehokas ja el\u00e4v\u00e4noloinen haukkaleija. Leija t\u00e4ytyy asentaa pitk\u00e4n vavan p\u00e4\u00e4h\u00e4n (ei sis\u00e4lly pakkaukseen). Toimii hyvin my\u00f6s alhaisella tuulen nopeudella. Toimii p\u00e4\u00e4asiassa pienten lintujen karkottamisessa.<\/p>\n<p><strong><span style=\"color: #ff0000;\">HUOM! Tuote ei mahdu pakettiautomaattiin (Pickup Point). Valitse toimitustavaksi kuriiri (Courier Standard).<\/span><\/strong><\/p>\n<p>https:\/\/youtu.be\/p6I04j4kwmo<\/p>\n<p>&nbsp;<\/p>\n","protected":false},"featured_media":1294,"template":"","meta":{"_themeisle_gutenberg_block_has_review":false},"product_brand":[],"product_cat":[53,50],"product_tag":[],"class_list":{"0":"post-1900","1":"product","2":"type-product","3":"status-publish","4":"has-post-thumbnail","6":"product_cat-leijapelattimet","7":"product_cat-linnunpelattimet","8":"product_shipping_class-kuller-pick-up-point-fi","10":"first","11":"instock","12":"taxable","13":"shipping-taxable","14":"purchasable","15":"product-type-simple"},"_links":{"self":[{"href":"https:\/\/birdbusters.eu\/fi\/wp-json\/wp\/v2\/product\/1900","targetHints":{"allow":["GET"]}}],"collection":[{"href":"https:\/\/birdbusters.eu\/fi\/wp-json\/wp\/v2\/product"}],"about":[{"href":"https:\/\/birdbusters.eu\/fi\/wp-json\/wp\/v2\/types\/product"}],"wp:featuredmedia":[{"embeddable":true,"href":"https:\/\/birdbusters.eu\/fi\/wp-json\/wp\/v2\/media\/1294"}],"wp:attachment":[{"href":"https:\/\/birdbusters.eu\/fi\/wp-json\/wp\/v2\/media?parent=1900"}],"wp:term":[{"taxonomy":"product_brand","embeddable":true,"href":"https:\/\/birdbusters.eu\/fi\/wp-json\/wp\/v2\/product_brand?post=1900"},{"taxonomy":"product_cat","embeddable":true,"href":"https:\/\/birdbusters.eu\/fi\/wp-json\/wp\/v2\/product_cat?post=1900"},{"taxonomy":"product_tag","embeddable":true,"href":"https:\/\/birdbusters.eu\/fi\/wp-json\/wp\/v2\/product_tag?post=1900"}],"curies":[{"name":"wp","href":"https:\/\/api.w.org\/{rel}","templated":true}]}}