{"id":1903,"date":"2016-04-10T19:31:52","date_gmt":"2016-04-10T17:31:52","guid":{"rendered":"https:\/\/birdbusters.eu\/product\/12v-paristo\/"},"modified":"2023-04-10T17:01:36","modified_gmt":"2023-04-10T15:01:36","slug":"12v-paristo","status":"publish","type":"product","link":"https:\/\/birdbusters.eu\/fi\/tuote\/12v-paristo\/","title":{"rendered":"12V-paristo"},"content":{"rendered":"<p>12 V 9Ah-paristo sopii sek\u00e4 <a href=\"https:\/\/birdbusters.eu\/fi\/tuote\/elektroninen-propaanitykkilinnunpelatin\/\"><u>kaasutykkiin<\/u><\/a>, ett\u00e4 linnun- ja el\u00e4intenpel\u00e4ttimeen <u><a href=\"https:\/\/birdbusters.eu\/fi\/tuote\/linnun-ja-elaintenpelatin-scarey-man\/\">Pelottava Mies &#8220;Scare Man&#8221;<\/a>.<\/u><\/p>\n","protected":false},"excerpt":{"rendered":"<p>12 V 9Ah-paristo sopii sek\u00e4 <a href=\"https:\/\/birdbusters.eu\/fi\/tuote\/elektroninen-propaanitykkilinnunpelatin\/\"><u>kaasutykkiin<\/u><\/a>, ett\u00e4 linnun- ja el\u00e4intenpel\u00e4ttimeen <u><a href=\"https:\/\/birdbusters.eu\/fi\/tuote\/linnun-ja-elaintenpelatin-scarey-man\/\">Pelottava Mies &#8220;Scare Man&#8221;<\/a>.<\/u><\/p>\n<p>&nbsp;<\/p>\n","protected":false},"featured_media":1358,"template":"","meta":{"_themeisle_gutenberg_block_has_review":false},"product_brand":[],"product_cat":[71,56],"product_tag":[],"class_list":{"0":"post-1903","1":"product","2":"type-product","3":"status-publish","4":"has-post-thumbnail","6":"product_cat-lintu-tykit","7":"product_cat-lintukarkottimet","9":"first","10":"instock","11":"taxable","12":"shipping-taxable","13":"purchasable","14":"product-type-simple"},"_links":{"self":[{"href":"https:\/\/birdbusters.eu\/fi\/wp-json\/wp\/v2\/product\/1903","targetHints":{"allow":["GET"]}}],"collection":[{"href":"https:\/\/birdbusters.eu\/fi\/wp-json\/wp\/v2\/product"}],"about":[{"href":"https:\/\/birdbusters.eu\/fi\/wp-json\/wp\/v2\/types\/product"}],"wp:featuredmedia":[{"embeddable":true,"href":"https:\/\/birdbusters.eu\/fi\/wp-json\/wp\/v2\/media\/1358"}],"wp:attachment":[{"href":"https:\/\/birdbusters.eu\/fi\/wp-json\/wp\/v2\/media?parent=1903"}],"wp:term":[{"taxonomy":"product_brand","embeddable":true,"href":"https:\/\/birdbusters.eu\/fi\/wp-json\/wp\/v2\/product_brand?post=1903"},{"taxonomy":"product_cat","embeddable":true,"href":"https:\/\/birdbusters.eu\/fi\/wp-json\/wp\/v2\/product_cat?post=1903"},{"taxonomy":"product_tag","embeddable":true,"href":"https:\/\/birdbusters.eu\/fi\/wp-json\/wp\/v2\/product_tag?post=1903"}],"curies":[{"name":"wp","href":"https:\/\/api.w.org\/{rel}","templated":true}]}}