{"id":1904,"date":"2016-04-10T19:15:32","date_gmt":"2016-04-10T17:15:32","guid":{"rendered":"https:\/\/birdbusters.eu\/product\/metsastyshaukka-lintukarkotin\/"},"modified":"2025-10-02T13:24:07","modified_gmt":"2025-10-02T11:24:07","slug":"metsastyshaukka-lintukarkotin","status":"publish","type":"product","link":"https:\/\/birdbusters.eu\/fi\/tuote\/metsastyshaukka-lintukarkotin\/","title":{"rendered":"Mets\u00e4styshaukka -lintukarkotin"},"content":{"rendered":"<p><strong>Aidonkokoinen mets\u00e4styshaukkahahmo.<\/strong><\/p>\n<p>Useimmat pienemm\u00e4t linnut pelk\u00e4\u00e4v\u00e4t haukkoja, joten hahmo sopii <strong>linnunpel\u00e4ttimeksi <\/strong>puutarhaan.<\/p>\n<p><strong>Paras puutarhan lintujen m\u00e4\u00e4r\u00e4n rajoittamiseen.<\/strong><\/p>\n<p>Suosittelemme vaihtamaan hahmon paikkaa s\u00e4\u00e4nn\u00f6llisin v\u00e4liajoin, jotta linnut eiv\u00e4t totu siihen.<\/p>\n","protected":false},"excerpt":{"rendered":"<p>Aidonkokoinen mets\u00e4styshaukkahahmo <strong>h\u00e4\u00e4t\u00e4m\u00e4\u00e4n lintuja<\/strong> puutarhasta.<\/p>\n","protected":false},"featured_media":1356,"template":"","meta":{"_themeisle_gutenberg_block_has_review":false,"rank_math_focus_keyword":"","rank_math_title":"","rank_math_description":"","rank_math_canonical_url":"","rank_math_facebook_title":"","rank_math_facebook_description":"","rank_math_facebook_image":"","rank_math_twitter_title":"","rank_math_twitter_description":"","rank_math_twitter_image":"","rank_math_schema_FAQPage":[]},"product_brand":[],"product_cat":[50,51],"product_tag":[],"class_list":{"0":"post-1904","1":"product","2":"type-product","3":"status-publish","4":"has-post-thumbnail","6":"product_cat-linnunpelattimet","7":"product_cat-visuaaliset-linnunpelattimet","9":"first","10":"instock","11":"taxable","12":"shipping-taxable","13":"purchasable","14":"product-type-simple"},"_links":{"self":[{"href":"https:\/\/birdbusters.eu\/fi\/wp-json\/wp\/v2\/product\/1904","targetHints":{"allow":["GET"]}}],"collection":[{"href":"https:\/\/birdbusters.eu\/fi\/wp-json\/wp\/v2\/product"}],"about":[{"href":"https:\/\/birdbusters.eu\/fi\/wp-json\/wp\/v2\/types\/product"}],"wp:featuredmedia":[{"embeddable":true,"href":"https:\/\/birdbusters.eu\/fi\/wp-json\/wp\/v2\/media\/1356"}],"wp:attachment":[{"href":"https:\/\/birdbusters.eu\/fi\/wp-json\/wp\/v2\/media?parent=1904"}],"wp:term":[{"taxonomy":"product_brand","embeddable":true,"href":"https:\/\/birdbusters.eu\/fi\/wp-json\/wp\/v2\/product_brand?post=1904"},{"taxonomy":"product_cat","embeddable":true,"href":"https:\/\/birdbusters.eu\/fi\/wp-json\/wp\/v2\/product_cat?post=1904"},{"taxonomy":"product_tag","embeddable":true,"href":"https:\/\/birdbusters.eu\/fi\/wp-json\/wp\/v2\/product_tag?post=1904"}],"curies":[{"name":"wp","href":"https:\/\/api.w.org\/{rel}","templated":true}]}}