{"id":1917,"date":"2015-10-09T13:26:33","date_gmt":"2015-10-09T11:26:33","guid":{"rendered":"https:\/\/birdbusters.eu\/product\/puutarhan-lintuvahti-anturilla-ja-kaukosaatimella\/"},"modified":"2025-12-01T18:20:15","modified_gmt":"2025-12-01T17:20:15","slug":"puutarhan-lintuvahti-anturilla-ja-kaukosaatimella","status":"publish","type":"product","link":"https:\/\/birdbusters.eu\/fi\/tuote\/puutarhan-lintuvahti-anturilla-ja-kaukosaatimella\/","title":{"rendered":"Yard Gard \u00e4\u00e4nipelotin anturilla ja kaukos\u00e4\u00e4timell\u00e4"},"content":{"rendered":"<h3>Yard Gard lintujen \u00e4\u00e4nipelotin<\/h3>\n<p><iframe loading=\"lazy\" title=\"NEW! - Best Ultrasonic, Sonic &amp; Visual Pest Repeller with Motion Detector? Yard Sentinel RC\" width=\"640\" height=\"360\" src=\"https:\/\/www.youtube.com\/embed\/dfJHtk4WCOo?feature=oembed\" frameborder=\"0\" allow=\"accelerometer; autoplay; clipboard-write; encrypted-media; gyroscope; picture-in-picture; web-share\" referrerpolicy=\"strict-origin-when-cross-origin\" allowfullscreen><\/iframe><\/p>\n<h2><strong>Yard Gard \u00e4\u00e4nipleotin Tuholaistorjunta<\/strong><\/h2>\n<p>Ratkaise tuholaisongelmasi k\u00e4ytt\u00e4m\u00e4ll\u00e4 Yard Gard Sonic \u00e4\u00e4nikarkotinta. \u00c4\u00e4nipelotin on varustettu ultra\u00e4\u00e4nell\u00e4, h\u00e4lytysmerkill\u00e4 ja salamavalolla, jotka voidaan kytke\u00e4 p\u00e4\u00e4lle ja pois erikseen. Se on tehokas el\u00e4imi\u00e4, pieni\u00e4 nis\u00e4kk\u00e4it\u00e4 ja lintuja vastaan.<\/p>\n<p><strong>T\u00e4rkeimm\u00e4t ominaisuudet<\/strong><\/p>\n<p><strong>Ultra\u00e4\u00e4nitekniikka:<\/strong><br \/>\nYard Gard k\u00e4ytt\u00e4\u00e4 korkeataajuisia ultra\u00e4\u00e4niaaltoja taajuudella 15\u201325 kHz luodakseen ep\u00e4mukavan ymp\u00e4rist\u00f6n tuholaisille. T\u00e4m\u00e4 \u00e4\u00e4ni ei kuulu ihmisille, mutta \u00e4rsytt\u00e4\u00e4 voimakkaasti el\u00e4imi\u00e4, kuten koiria, kissoja, rottia, kettuja ja peuroja.<\/p>\n<p><strong>Infrapunaliiketunnistin:<\/strong><br \/>\nSis\u00e4\u00e4nrakennetulla liiketunnistimella varustettu Yard Gard havaitsee liikkeen 11 x 21 metrin et\u00e4isyydell\u00e4. Kun laite laukeaa, se aktivoi ultra\u00e4\u00e4nitoiminnon. T\u00e4m\u00e4 liiketunnistusominaisuus varmistaa, ett\u00e4 laite toimii vain tarvittaessa, mik\u00e4 s\u00e4\u00e4st\u00e4\u00e4 virtaa ja pident\u00e4\u00e4 laitteen k\u00e4ytt\u00f6ik\u00e4\u00e4.<\/p>\n<p><strong>S\u00e4\u00e4nkest\u00e4v\u00e4 muotoilu:<\/strong><br \/>\nYard Gard \u00e4\u00e4nipelotin on rakennettu kest\u00e4vyytt\u00e4 ajatellen, ja siin\u00e4 on vankka, s\u00e4\u00e4nkest\u00e4v\u00e4 rakenne. T\u00e4m\u00e4 mahdollistaa laitteen luotettavan toiminnan erilaisissa ulko-olosuhteissa. Olipa sitten sadetta, lunta tai paistaa, Yard Gard on suunniteltu kest\u00e4m\u00e4\u00e4n kaikissa s\u00e4\u00e4olosuhteissa.<\/p>\n<p><strong>Monipuoliset tehovaihtoehdot:<\/strong><br \/>\nYard Gard toimii joko nelj\u00e4ll\u00e4 1,5 V &#8220;C&#8221; -paristolla tai 240 verkkolaitteella (toimitetaan laitteen mukana), mik\u00e4 antaa k\u00e4ytt\u00e4jille joustavuutta laitteen virransy\u00f6t\u00f6ss\u00e4. Akkuk\u00e4ytt\u00f6inen vaihtoehto mahdollistaa helpon sijoittamisen mihin tahansa paikkaan, kun taas verkkolaite tarjoaa tasaisen virtal\u00e4hteen pitk\u00e4aikaiseen k\u00e4ytt\u00f6\u00f6n.<\/p>\n<p><strong>Jatkuva tai liikeherkk\u00e4 toiminta:<\/strong><br \/>\nT\u00e4m\u00e4 \u00e4\u00e4nipelotin tarjoaa kaksi toimintatilaa. Voit valita jatkuvan toiminnan, jossa laite l\u00e4hett\u00e4\u00e4 ultra\u00e4\u00e4ni\u00e4 koko ajan, tai liikeherk\u00e4n tilan, jossa laite aktivoituu vain, kun liiketunnistin havaitsee el\u00e4imen liikkeen. J\u00e4lkimm\u00e4inen vaihtoehto s\u00e4\u00e4st\u00e4\u00e4 virtaa ja est\u00e4\u00e4 tarpeettomat \u00e4\u00e4net, kun l\u00e4hell\u00e4 ei ole tuholaisia.<\/p>\n<h3><strong>Kattavuus ja tehokkuus<\/strong><\/h3>\n<p>Yard Gard \u00e4\u00e4nipelotin kattaa valitusta taajuusasetuksesta riippuen jopa 80 neli\u00f6metrin alueen kaiuttimen edess\u00e4. Laite l\u00e4hett\u00e4\u00e4 \u00e4\u00e4nt\u00e4 soikeassa hajotuskuviossa, jonka leveys on noin 7,5 metri\u00e4. Suurempiin tai monimutkaisempiin tiloihin voidaan asentaa useita yksik\u00f6it\u00e4, mik\u00e4 lis\u00e4\u00e4 kattavuutta ja tarjoaa laajemman suojan.<\/p>\n<p>Ultra\u00e4\u00e4nitekniikka perustuu n\u00e4k\u00f6yhteyteen, mik\u00e4 tarkoittaa, ett\u00e4 \u00e4\u00e4niaallot eiv\u00e4t kulje kiinteiden esineiden l\u00e4pi tai kulmien takana. Siksi, jos yrit\u00e4t suojata alueita, jotka ovat seinien tai muiden esteiden peitossa, saatat tarvita useamman kuin yhden yksik\u00f6n t\u00e4ydellisen kattavuuden varmistamiseksi.<\/p>\n<p>Ultra\u00e4\u00e4ninen tuholaistorjunta sopii erinomaisesti k\u00e4ytett\u00e4v\u00e4ksi erilaisissa ulkotiloissa, kuten:<\/p>\n<ul>\n<li>Puutarhat<\/li>\n<li>Nurmikot<\/li>\n<li>Pihat<\/li>\n<li>Patios<\/li>\n<li>Katot<\/li>\n<li>Pienet maatalousalueet<\/li>\n<\/ul>\n<p>Laite on erityisen tehokas alueilla, joilla pysyv\u00e4t tuholaiset ovat ongelma. Suuremmille alueille, jotka vaativat nopeaa ja laajaa tuholaistorjuntaa, \u00e4\u00e4ni- tai yhdistetyt karkotteet voivat olla parempi vaihtoehto.<\/p>\n<h2><strong>Usein kysytyt kysymykset<\/strong><\/h2>\n<p><strong>Miten Yard Gard \u00e4\u00e4nipelotin toimii?<\/strong><br \/>\nYard Gard k\u00e4ytt\u00e4\u00e4 korkeataajuisia ultra\u00e4\u00e4niaaltoja karkottamaan el\u00e4imi\u00e4 vaikuttamalla niiden sis\u00e4korvaan. \u00c4\u00e4ni on ep\u00e4miellytt\u00e4v\u00e4 tuholaisille, kuten ketuille, oraville ja peuroille.<\/p>\n<p><strong>Vaatiiko Yard Gard paljon huoltoa?<\/strong><br \/>\nEi, ultra\u00e4\u00e4ninen tuholaiskarkotin on huoltovapaa laite. Kun se on asennettu, se toimii jatkuvasti tai liikeherk\u00e4ss\u00e4 tilassa valitsemastasi asetuksesta riippuen. Se on suunniteltu &#8220;aseta ja unohda&#8221; -laitteeksi, mik\u00e4 tekee pitk\u00e4aikaisesta k\u00e4yt\u00f6st\u00e4 helppoa.<\/p>\n<p><strong>Voidaanko Yard Gardia k\u00e4ytt\u00e4\u00e4 suurilla alueilla?<\/strong><br \/>\nYard Guard \u00e4\u00e4nikarkotin soveltuu parhaiten pienemmille alueille, jotka kattavat jopa 83,6 neli\u00f6metri\u00e4 (900 neli\u00f6jalkaa). Suuremmilla alueilla saatat tarvita useita yksik\u00f6it\u00e4 tai harkita <a href=\"https:\/\/birdbusters.eu\/fi\/tuote\/linnunpelotin-agro-pro-2ha\/\">AgriPro \u00e4\u00e4nikarkotin<\/a> k\u00e4ytt\u00f6\u00e4, joka kattaa laajemman alueen.<\/p>\n<p><strong>Toimivatko ultra\u00e4\u00e4nikarkottimet lintuihin?<\/strong><br \/>\nUltra\u00e4\u00e4nikarkottimilla voi olla rajallinen tehokkuus lintuihin, koska useimmat linnut eiv\u00e4t kuule ultra\u00e4\u00e4nitaajuuksia yht\u00e4 hyvin kuin nis\u00e4kk\u00e4\u00e4t. Jotkut linnut voivat havaita matalampia ultra\u00e4\u00e4nitaajuuksia, mutta kattavan lintujen hallinnan kannalta on tehokkaampaa yhdist\u00e4\u00e4 ultra\u00e4\u00e4ni muihin pelotteisiin, kuten \u00e4\u00e4ni- tai visuaalisiin pelotteisiin.<\/p>\n<p><a href=\"https:\/\/youtu.be\/0YIwTXv0-24\" target=\"_blank\" rel=\"noopener\"><strong>Katso, millaista \u00e4\u00e4nt\u00e4 Yard Gard tuottaa.<\/strong><\/a><\/p>\n<p>&nbsp;<\/p>\n","protected":false},"excerpt":{"rendered":"<p>Yard Gard lintujen \u00e4\u00e4nipelotin liiketunnistimella on tehokas laite lintujen pelottamiseen puutarhastasi tai parvekkeeltasi. Pelote l\u00e4hett\u00e4\u00e4 korkeataajuista \u00e4\u00e4nt\u00e4 v\u00e4lill\u00e4 15-25 kHz karkottaakseen linnut ja pienet nis\u00e4kk\u00e4\u00e4t.<\/p>\n<p><strong>Mitat<\/strong>: 17 x 9 x 13 cm<\/p>\n<p><strong>Paino<\/strong>: 0,62 kg<\/p>\n<p>&nbsp;<\/p>\n","protected":false},"featured_media":12526,"template":"","meta":{"_themeisle_gutenberg_block_has_review":false,"rank_math_focus_keyword":"\u00e4\u00e4nipelotin","rank_math_title":"Garden Gard lintujen \u00e4\u00e4nipelotin | BIRD BUSTERS","rank_math_description":"Garden Gard lintujen \u00e4\u00e4nipelotin liiketunnistimella on tehokas laite lintujen pelottamiseen puutarhastasi tai parvekkeeltasi. ","rank_math_canonical_url":"","rank_math_facebook_title":"","rank_math_facebook_description":"","rank_math_facebook_image":"","rank_math_twitter_title":"","rank_math_twitter_description":"","rank_math_twitter_image":"","rank_math_schema_FAQPage":[]},"product_brand":[],"product_cat":[165,52,50],"product_tag":[],"class_list":{"0":"post-1917","1":"product","2":"type-product","3":"status-publish","4":"has-post-thumbnail","6":"product_cat-elainkarkottimet","7":"product_cat-lintukarkotin","8":"product_cat-linnunpelattimet","10":"first","11":"instock","12":"taxable","13":"shipping-taxable","14":"purchasable","15":"product-type-simple"},"_links":{"self":[{"href":"https:\/\/birdbusters.eu\/fi\/wp-json\/wp\/v2\/product\/1917","targetHints":{"allow":["GET"]}}],"collection":[{"href":"https:\/\/birdbusters.eu\/fi\/wp-json\/wp\/v2\/product"}],"about":[{"href":"https:\/\/birdbusters.eu\/fi\/wp-json\/wp\/v2\/types\/product"}],"wp:featuredmedia":[{"embeddable":true,"href":"https:\/\/birdbusters.eu\/fi\/wp-json\/wp\/v2\/media\/12526"}],"wp:attachment":[{"href":"https:\/\/birdbusters.eu\/fi\/wp-json\/wp\/v2\/media?parent=1917"}],"wp:term":[{"taxonomy":"product_brand","embeddable":true,"href":"https:\/\/birdbusters.eu\/fi\/wp-json\/wp\/v2\/product_brand?post=1917"},{"taxonomy":"product_cat","embeddable":true,"href":"https:\/\/birdbusters.eu\/fi\/wp-json\/wp\/v2\/product_cat?post=1917"},{"taxonomy":"product_tag","embeddable":true,"href":"https:\/\/birdbusters.eu\/fi\/wp-json\/wp\/v2\/product_tag?post=1917"}],"curies":[{"name":"wp","href":"https:\/\/api.w.org\/{rel}","templated":true}]}}