{"id":1918,"date":"2015-10-09T12:13:23","date_gmt":"2015-10-09T10:13:23","guid":{"rendered":"https:\/\/birdbusters.eu\/product\/elain-ja-linnunpelatin-liiketunnistimella\/"},"modified":"2025-07-12T18:40:10","modified_gmt":"2025-07-12T16:40:10","slug":"elain-ja-linnunpelatin-liiketunnistimella","status":"publish","type":"product","link":"https:\/\/birdbusters.eu\/fi\/tuote\/elain-ja-linnunpelatin-liiketunnistimella\/","title":{"rendered":"El\u00e4in- ja linnunpel\u00e4tin liiketunnistimella"},"content":{"rendered":"<h3>Liiketunnistimella varustettu el\u00e4in- ja linnunpel\u00e4tin<\/h3>\n<p>T\u00e4m\u00e4 liiketunnistimella varustettu el\u00e4in- ja linnunpel\u00e4tin on tehokas ase lintuja vastaan. Laite pelottelee lintuja yhdell\u00e4 kolmesta s\u00e4\u00e4dett\u00e4v\u00e4st\u00e4 \u00e4\u00e4nest\u00e4: petolinnun \u00e4\u00e4ntely, koiran haukkumista tai laukaus\u00e4\u00e4net. Pelotin on varustettu my\u00f6s vilkkuvalla valolla.<\/p>\n<p>Laitteessa on ON- ja OFF-tila. Kun kytkin on ON-tilassa, laitteesta kuuluu melua p\u00e4iv\u00e4ll\u00e4 ja LED-valo vilkkuu pime\u00e4ss\u00e4. OFF-tilassa laite pit\u00e4\u00e4 \u00e4\u00e4nt\u00e4 ja vilkkuu valoa 24 tunnin ajan.<\/p>\n<p>Sis\u00e4\u00e4nrakennettu liiketunnistin rekister\u00f6i linnut ja el\u00e4imet noin 6-8 metrin et\u00e4isyydelt\u00e4 110 asteen leveydell\u00e4. Heti kun liikett\u00e4 havaitaan, \u00e4\u00e4net alkavat kuulua ja valot alkavat vilkkua pelottaen lintuja.<\/p>\n<p>Karkottimen \u00e4\u00e4nenvoimakkuutta voidaan s\u00e4\u00e4t\u00e4\u00e4: sit\u00e4 voidaan s\u00e4\u00e4t\u00e4\u00e4 pienemm\u00e4ksi asuinalueille tai suuremmaksi k\u00e4ytett\u00e4v\u00e4ksi suuremmissa puutarhoissa.<\/p>\n<p>Laitteen sis\u00e4ll\u00e4 olevat vaihdettavat akut ladataan aurinkopaneelin kautta. Ep\u00e4suotuisissa s\u00e4\u00e4olosuhteissa t\u00e4m\u00e4 lintujen karkotuslaite voidaan ladata my\u00f6s USB-kaapelilla. On my\u00f6s mahdollista irrottaa akut laitteesta ja ladata ne ulkoisella laturilla (ei sis\u00e4lly pakkaukseen).<\/p>\n<p>T\u00e4m\u00e4 El\u00e4in- ja linnunpel\u00e4tin on hyv\u00e4 valinta asuinalueille, puutarhoille, maatiloille, hedelm\u00e4tarhoille, parvekkeille ja roskien ker\u00e4ysalueille. Sit\u00e4 voidaan k\u00e4ytt\u00e4\u00e4 sek\u00e4 sis\u00e4ll\u00e4 ett\u00e4 ulkona.<\/p>\n<p>Vaihtamalla laitteessa eri \u00e4\u00e4neen silloin t\u00e4ll\u00f6in voit est\u00e4\u00e4 tottumusvaikutuksen.<\/p>\n<p>VIRTAL\u00c4HDE: Akut: 1 x 18650 Li-Ion (Lithium-ion) ladattava akku<br \/>\nIntegroitu aurinkopaneeli 3,7V, 2000mA<\/p>\n<p>TEKNISET TIEDOT:<\/p>\n<p>Liiketunnistin: Jopa 6-8 metri\u00e4 \/ 110\u00b0<\/p>\n<p>Integroitu PIR-liiketunnistin: Aktivoi laitteen, kun linnut tai muut el\u00e4imet tulevat l\u00e4helle.<\/p>\n<p>Aktiivinen havaitsemisen j\u00e4lkeen: 10-15 sekuntia<\/p>\n<p>Laadukkaat LED-lamput: 3 kpl<\/p>\n<p>Aktiivinen k\u00e4yt\u00f6ss\u00e4: p\u00e4iv\u00e4ll\u00e4 ja y\u00f6ll\u00e4<\/p>\n<p>IP-luokitus: IP65<\/p>\n","protected":false},"excerpt":{"rendered":"<p>T\u00e4m\u00e4 \u00e4\u00e4nill\u00e4 varustettu el\u00e4in- ja linnunpel\u00e4tin k\u00e4ytt\u00e4\u00e4 melua ja vilkkuvia valoja lintujen pelottamiseen. Laite on varustettu liiketunnistimella.<\/p>\n<p>Mitat: 13 x 5,7 x 15 cm (maapiikin kanssa: 13 x 5,7 x 38,7 cm)<\/p>\n<p>https:\/\/youtu.be\/9pZwSAzaT5Y<\/p>\n<p>&nbsp;<\/p>\n<p>&nbsp;<\/p>\n","protected":false},"featured_media":11454,"template":"","meta":{"_themeisle_gutenberg_block_has_review":false,"rank_math_focus_keyword":"El\u00e4in- ja linnunpel\u00e4tin","rank_math_title":"El\u00e4in- ja linnunpel\u00e4tin liiketunnistimella | BIRD BUSTERS","rank_math_description":"T\u00e4m\u00e4 \u00e4\u00e4nill\u00e4 varustettu el\u00e4in- ja linnunpel\u00e4tin k\u00e4ytt\u00e4\u00e4 melua ja vilkkuvia valoja lintujen pelottamiseen. Laite on varustettu liiketunnistimella.","rank_math_canonical_url":"","rank_math_facebook_title":"","rank_math_facebook_description":"","rank_math_facebook_image":"","rank_math_twitter_title":"","rank_math_twitter_description":"","rank_math_twitter_image":"","rank_math_schema_FAQPage":[]},"product_brand":[],"product_cat":[165,52,50],"product_tag":[],"class_list":{"0":"post-1918","1":"product","2":"type-product","3":"status-publish","4":"has-post-thumbnail","6":"product_cat-elainkarkottimet","7":"product_cat-lintukarkotin","8":"product_cat-linnunpelattimet","10":"first","11":"instock","12":"taxable","13":"shipping-taxable","14":"purchasable","15":"product-type-simple"},"_links":{"self":[{"href":"https:\/\/birdbusters.eu\/fi\/wp-json\/wp\/v2\/product\/1918","targetHints":{"allow":["GET"]}}],"collection":[{"href":"https:\/\/birdbusters.eu\/fi\/wp-json\/wp\/v2\/product"}],"about":[{"href":"https:\/\/birdbusters.eu\/fi\/wp-json\/wp\/v2\/types\/product"}],"wp:featuredmedia":[{"embeddable":true,"href":"https:\/\/birdbusters.eu\/fi\/wp-json\/wp\/v2\/media\/11454"}],"wp:attachment":[{"href":"https:\/\/birdbusters.eu\/fi\/wp-json\/wp\/v2\/media?parent=1918"}],"wp:term":[{"taxonomy":"product_brand","embeddable":true,"href":"https:\/\/birdbusters.eu\/fi\/wp-json\/wp\/v2\/product_brand?post=1918"},{"taxonomy":"product_cat","embeddable":true,"href":"https:\/\/birdbusters.eu\/fi\/wp-json\/wp\/v2\/product_cat?post=1918"},{"taxonomy":"product_tag","embeddable":true,"href":"https:\/\/birdbusters.eu\/fi\/wp-json\/wp\/v2\/product_tag?post=1918"}],"curies":[{"name":"wp","href":"https:\/\/api.w.org\/{rel}","templated":true}]}}