{"id":1919,"date":"2015-10-09T10:40:02","date_gmt":"2015-10-09T08:40:02","guid":{"rendered":"https:\/\/birdbusters.eu\/product\/linnunpelatinnauha\/"},"modified":"2026-04-05T00:39:52","modified_gmt":"2026-04-04T22:39:52","slug":"linnunpelatinnauha","status":"publish","type":"product","link":"https:\/\/birdbusters.eu\/fi\/tuote\/linnunpelatinnauha\/","title":{"rendered":"Linnunpel\u00e4tinnauha 2&#215;80 m"},"content":{"rendered":"<h1 style=\"text-align: justify;\"><span style=\"font-size: 12pt;\"><strong>Lintunauha on suunniteltu karkottamaan kaikki linnut p\u00e4iv\u00e4saikaan<\/strong>.<\/span><\/h1>\n<p style=\"text-align: justify;\">Yksi heijastava DE-Bird -Linnunpel\u00e4tinnauha on 80 metri\u00e4 pitk\u00e4, ja sit\u00e4 k\u00e4ytet\u00e4\u00e4n yleisimmin h\u00e4\u00e4t\u00e4m\u00e4\u00e4n ja pelottelemaan ei-toivottuja el\u00e4imi\u00e4, kyyhkysi\u00e4 ja muita lintuja. Nauhan tuottama \u00e4\u00e4ni, joka syntyy, kun se liikkuu tuulessa, sek\u00e4 v\u00e4lkkyv\u00e4t valot, jotka heijastuvat nauhan pinnasta, aikaansaavat yhdistelm\u00e4n, joka pelottaa lintuja ja el\u00e4imi\u00e4 vahingoittamatta niit\u00e4. Leikkaa nauha 1-2 metri\u00e4 pitkiksi p\u00e4tkiksi. Sido tai teippaa nauhat alueella tai sen ymp\u00e4rille, jolla h\u00e4iri\u00f6t\u00e4 aiheuttavat linnut tai el\u00e4imet usein k\u00e4yv\u00e4t.<\/p>\n<p><iframe loading=\"lazy\" title=\"The De-Bird Repellent Reflective Scare Tap\" width=\"500\" height=\"281\" src=\"https:\/\/www.youtube.com\/embed\/WkEvp7c5s-I?feature=oembed\" frameborder=\"0\" allow=\"accelerometer; autoplay; clipboard-write; encrypted-media; gyroscope; picture-in-picture; web-share\" referrerpolicy=\"strict-origin-when-cross-origin\" allowfullscreen><\/iframe><\/p>\n<p><iframe loading=\"lazy\" title=\"Bird Scare Tape: How to easily keep birds away from your Garden - ByeByeBird Tape is deterring birds\" width=\"500\" height=\"281\" src=\"https:\/\/www.youtube.com\/embed\/vgGuoy3mG2I?feature=oembed\" frameborder=\"0\" allow=\"accelerometer; autoplay; clipboard-write; encrypted-media; gyroscope; picture-in-picture; web-share\" referrerpolicy=\"strict-origin-when-cross-origin\" allowfullscreen><\/iframe><\/p>\n","protected":false},"excerpt":{"rendered":"<p>Lintunauha on suunniteltu karkottamaan kaikki linnut p\u00e4iv\u00e4saikaan.<\/p>\n<p>&nbsp;<\/p>\n","protected":false},"featured_media":2440,"template":"","meta":{"_themeisle_gutenberg_block_has_review":false},"product_brand":[],"product_cat":[50,51],"product_tag":[],"class_list":{"0":"post-1919","1":"product","2":"type-product","3":"status-publish","4":"has-post-thumbnail","6":"product_cat-linnunpelattimet","7":"product_cat-visuaaliset-linnunpelattimet","9":"first","10":"instock","11":"taxable","12":"shipping-taxable","13":"purchasable","14":"product-type-simple"},"_links":{"self":[{"href":"https:\/\/birdbusters.eu\/fi\/wp-json\/wp\/v2\/product\/1919","targetHints":{"allow":["GET"]}}],"collection":[{"href":"https:\/\/birdbusters.eu\/fi\/wp-json\/wp\/v2\/product"}],"about":[{"href":"https:\/\/birdbusters.eu\/fi\/wp-json\/wp\/v2\/types\/product"}],"wp:featuredmedia":[{"embeddable":true,"href":"https:\/\/birdbusters.eu\/fi\/wp-json\/wp\/v2\/media\/2440"}],"wp:attachment":[{"href":"https:\/\/birdbusters.eu\/fi\/wp-json\/wp\/v2\/media?parent=1919"}],"wp:term":[{"taxonomy":"product_brand","embeddable":true,"href":"https:\/\/birdbusters.eu\/fi\/wp-json\/wp\/v2\/product_brand?post=1919"},{"taxonomy":"product_cat","embeddable":true,"href":"https:\/\/birdbusters.eu\/fi\/wp-json\/wp\/v2\/product_cat?post=1919"},{"taxonomy":"product_tag","embeddable":true,"href":"https:\/\/birdbusters.eu\/fi\/wp-json\/wp\/v2\/product_tag?post=1919"}],"curies":[{"name":"wp","href":"https:\/\/api.w.org\/{rel}","templated":true}]}}