{"id":1920,"date":"2015-10-08T12:59:12","date_gmt":"2015-10-08T10:59:12","guid":{"rendered":"https:\/\/birdbusters.eu\/product\/aidonoloinen-pollo-lintukarkotin\/"},"modified":"2025-06-14T19:28:38","modified_gmt":"2025-06-14T17:28:38","slug":"aidonoloinen-pollo-lintukarkotin","status":"publish","type":"product","link":"https:\/\/birdbusters.eu\/fi\/tuote\/aidonoloinen-pollo-lintukarkotin\/","title":{"rendered":"Aidonoloinen P\u00f6ll\u00f6-lintukarkotin"},"content":{"rendered":"<p><strong>Aidonoloinen p\u00f6ll\u00f6hahmo karkottamaan kyyhkyset, varikset, varpuset, lokit ja jyrsij\u00e4t<\/strong>.<\/p>\n<p>Useimmat pienikokoiset linnut pelk\u00e4\u00e4v\u00e4t p\u00f6ll\u00f6j\u00e4. P\u00f6ll\u00f6 asennetaan puutarhaan korkean vavan p\u00e4\u00e4h\u00e4n. Jotta v\u00e4ltet\u00e4\u00e4n lintujen tottuminen p\u00f6ll\u00f6\u00f6n, sen paikkaa pit\u00e4\u00e4 vaihtaa aika-ajoin.<\/p>\n","protected":false},"excerpt":{"rendered":"<p>P\u00f6ll\u00f6hahmo <strong>karkottamaan <\/strong>p\u00f6ll\u00f6j\u00e4 pelk\u00e4\u00e4vi\u00e4<strong> lintuja<\/strong>. Hahmo on eritt\u00e4in el\u00e4v\u00e4n tuntuinen ja tehokas.<\/p>\n<p>&nbsp;<\/p>\n","protected":false},"featured_media":1332,"template":"","meta":{"_themeisle_gutenberg_block_has_review":false},"product_brand":[],"product_cat":[50,51],"product_tag":[],"class_list":{"0":"post-1920","1":"product","2":"type-product","3":"status-publish","4":"has-post-thumbnail","6":"product_cat-linnunpelattimet","7":"product_cat-visuaaliset-linnunpelattimet","9":"first","10":"instock","11":"taxable","12":"shipping-taxable","13":"purchasable","14":"product-type-simple"},"_links":{"self":[{"href":"https:\/\/birdbusters.eu\/fi\/wp-json\/wp\/v2\/product\/1920","targetHints":{"allow":["GET"]}}],"collection":[{"href":"https:\/\/birdbusters.eu\/fi\/wp-json\/wp\/v2\/product"}],"about":[{"href":"https:\/\/birdbusters.eu\/fi\/wp-json\/wp\/v2\/types\/product"}],"wp:featuredmedia":[{"embeddable":true,"href":"https:\/\/birdbusters.eu\/fi\/wp-json\/wp\/v2\/media\/1332"}],"wp:attachment":[{"href":"https:\/\/birdbusters.eu\/fi\/wp-json\/wp\/v2\/media?parent=1920"}],"wp:term":[{"taxonomy":"product_brand","embeddable":true,"href":"https:\/\/birdbusters.eu\/fi\/wp-json\/wp\/v2\/product_brand?post=1920"},{"taxonomy":"product_cat","embeddable":true,"href":"https:\/\/birdbusters.eu\/fi\/wp-json\/wp\/v2\/product_cat?post=1920"},{"taxonomy":"product_tag","embeddable":true,"href":"https:\/\/birdbusters.eu\/fi\/wp-json\/wp\/v2\/product_tag?post=1920"}],"curies":[{"name":"wp","href":"https:\/\/api.w.org\/{rel}","templated":true}]}}