{"id":1921,"date":"2015-10-08T11:52:46","date_gmt":"2015-10-08T09:52:46","guid":{"rendered":"https:\/\/birdbusters.eu\/product\/vilkkuva-valo-lintukarkotin\/"},"modified":"2025-04-29T08:10:50","modified_gmt":"2025-04-29T06:10:50","slug":"vilkkuva-valo-lintukarkotin","status":"publish","type":"product","link":"https:\/\/birdbusters.eu\/fi\/tuote\/vilkkuva-valo-lintukarkotin\/","title":{"rendered":"Vilkkuva valo -lintukarkotin"},"content":{"rendered":"<p style=\"text-align: justify;\"><iframe loading=\"lazy\" title=\"Birdbusters bird scarer flashing light\" width=\"500\" height=\"281\" src=\"https:\/\/www.youtube.com\/embed\/aN7y-13-ixM?feature=oembed\" frameborder=\"0\" allow=\"accelerometer; autoplay; clipboard-write; encrypted-media; gyroscope; picture-in-picture; web-share\" referrerpolicy=\"strict-origin-when-cross-origin\" allowfullscreen><\/iframe><\/p>\n<p style=\"text-align: justify;\">Yksinkertainen ja tehokas <strong>tuhoel\u00e4inkarkotin<\/strong>, joka pelottaa sek\u00e4 el\u00e4imi\u00e4, ett\u00e4 lintuja. Aurinkovoimalla toimiva laite pelottaa petoja pime\u00e4ll\u00e4.<\/p>\n<p style=\"text-align: justify;\">Toimii esim. <strong>susilla, villisioilla, j\u00e4niksill\u00e4 kuten my\u00f6s hanhilla ja ankoilla<\/strong>.<\/p>\n<p style=\"text-align: justify;\">Laite sis\u00e4lt\u00e4\u00e4 paristot.<\/p>\n","protected":false},"excerpt":{"rendered":"<p>Yksinkertainen ja tehokas <strong>tuhoel\u00e4inkarkotin<\/strong>, joka pelottaa sek\u00e4 el\u00e4imi\u00e4, ett\u00e4 lintuja. Aurinkovoimalla toimiva laite pelottaa petoja pime\u00e4ll\u00e4.\u00a0Toimii esim. <strong>susilla, villisioilla, j\u00e4niksill\u00e4 kuten my\u00f6s hanhilla ja ankoilla<\/strong>.<\/p>\n<p>&nbsp;<\/p>\n","protected":false},"featured_media":1300,"template":"","meta":{"_themeisle_gutenberg_block_has_review":false},"product_brand":[],"product_cat":[165,50,51],"product_tag":[],"class_list":{"0":"post-1921","1":"product","2":"type-product","3":"status-publish","4":"has-post-thumbnail","6":"product_cat-elainkarkottimet","7":"product_cat-linnunpelattimet","8":"product_cat-visuaaliset-linnunpelattimet","10":"first","11":"instock","12":"taxable","13":"shipping-taxable","14":"purchasable","15":"product-type-simple"},"_links":{"self":[{"href":"https:\/\/birdbusters.eu\/fi\/wp-json\/wp\/v2\/product\/1921","targetHints":{"allow":["GET"]}}],"collection":[{"href":"https:\/\/birdbusters.eu\/fi\/wp-json\/wp\/v2\/product"}],"about":[{"href":"https:\/\/birdbusters.eu\/fi\/wp-json\/wp\/v2\/types\/product"}],"wp:featuredmedia":[{"embeddable":true,"href":"https:\/\/birdbusters.eu\/fi\/wp-json\/wp\/v2\/media\/1300"}],"wp:attachment":[{"href":"https:\/\/birdbusters.eu\/fi\/wp-json\/wp\/v2\/media?parent=1921"}],"wp:term":[{"taxonomy":"product_brand","embeddable":true,"href":"https:\/\/birdbusters.eu\/fi\/wp-json\/wp\/v2\/product_brand?post=1921"},{"taxonomy":"product_cat","embeddable":true,"href":"https:\/\/birdbusters.eu\/fi\/wp-json\/wp\/v2\/product_cat?post=1921"},{"taxonomy":"product_tag","embeddable":true,"href":"https:\/\/birdbusters.eu\/fi\/wp-json\/wp\/v2\/product_tag?post=1921"}],"curies":[{"name":"wp","href":"https:\/\/api.w.org\/{rel}","templated":true}]}}