{"id":1922,"date":"2015-10-08T11:43:35","date_gmt":"2015-10-08T09:43:35","guid":{"rendered":"https:\/\/birdbusters.eu\/product\/automaattinen-laserlintukarkotin\/"},"modified":"2024-09-27T13:11:54","modified_gmt":"2024-09-27T11:11:54","slug":"automaattinen-laserlintukarkotin","status":"publish","type":"product","link":"https:\/\/birdbusters.eu\/fi\/tuote\/automaattinen-laserlintukarkotin\/","title":{"rendered":"Automaattinen laserkarkotin"},"content":{"rendered":"<h2>Automaattinen laserkarkotin<\/h2>\n<p>Automatisoitu laserkarkotin on eritt\u00e4in tehokas tuholaislintujen torjunnassa. Sit\u00e4 voidaan k\u00e4ytt\u00e4\u00e4 useiden lintulajien, kuten varisten, korppien, harakoiden, hanhien, lokkien, kyyhkysten ja kottaraisten karkottamiseen erilaisista ulkotiloista, kuten maatiloilta, lentokentilt\u00e4 ja jopa kattojen ja yrityspuistojen alueilta.<\/p>\n<p>Laite on erityisen tehokas h\u00e4m\u00e4r\u00e4ss\u00e4. Se toimii parhaiten pilvisess\u00e4, sateisessa tai sumuisessa s\u00e4\u00e4ss\u00e4 sek\u00e4 aamuisin ja iltaisin, jolloin linnut ovat aktiivisimpia. Lasers\u00e4de on v\u00e4hemm\u00e4n n\u00e4kyv\u00e4 kirkkaassa s\u00e4\u00e4ss\u00e4 ja auringonpaisteessa.<\/p>\n<h3><strong>T\u00e4rkeimm\u00e4t ominaisuudet<\/strong><\/h3>\n<p><strong>Ylivoimainen lintujentorjuntatekniikka.<\/strong> LaserOp Automatic 160 k\u00e4ytt\u00e4\u00e4 lasers\u00e4dett\u00e4 est\u00e4\u00e4kseen lintujen p\u00e4\u00e4syn suojatuille alueille. Toisin kuin \u00e4\u00e4nivaroittimet, lasers\u00e4de toimii \u00e4\u00e4nett\u00f6m\u00e4sti. Se on h\u00e4iritsem\u00e4t\u00f6n ratkaisu, joka ei aiheuta meluhaittoja naapureille tai l\u00e4hialueille. T\u00e4m\u00e4 tekee siit\u00e4 erityisen sopivan asuinalueille ja kaupallisiin tiloihin, joissa melu voi olla ongelma.<\/p>\n<p><strong>Laaja kantama ja kattavuus.<\/strong> Yli 2000 metrin laserkantamallaan lintukarkotin tarjoaa yhden markkinoiden laajimmista peittoalueista. Laite toimii pyyhk\u00e4isem\u00e4ll\u00e4 lasers\u00e4teen vaakasuunnassa alueen poikki. T\u00e4m\u00e4 laaja kattavuus varmistaa, ett\u00e4 linnut pysyv\u00e4t loitolla katoilta, lentokentilt\u00e4, maatiloilta ja yrityspuistoista. Lis\u00e4ksi laitteen 355 asteen kiertokyky mahdollistaa laserin l\u00e4hes t\u00e4yden ympyr\u00e4n peiton, mik\u00e4 maksimoi sen kantaman ja tehokkuuden. Alueilla, joissa vaakas\u00e4de ei yksin riit\u00e4, on suositeltavaa k\u00e4ytt\u00e4\u00e4 <a href=\"https:\/\/birdbusters.eu\/fi\/tuote\/laser-torjuntalaite\/\">lintulaseria<\/a> sek\u00e4 vaaka- ett\u00e4 pystys\u00e4teiden kanssa.<\/p>\n<p><strong>Eritt\u00e4in monipuoliset sovellukset<\/strong><br \/>\nLaserOp Automatic 160 -laserkarkotin on suunniteltu vastaamaan monenlaisiin tarpeisiin. Se on tehokas maatalousalalla, pit\u00e4en sadon suojassa lintujen aiheuttamilta vaurioilta. Lis\u00e4ksi sit\u00e4 voidaan k\u00e4ytt\u00e4\u00e4 lentokentill\u00e4, yrityspuistoissa ja katoilla. Parhaan tuloksen saavuttamiseksi laite voidaan yhdist\u00e4\u00e4 muihin lintujen karkotteisiin, kuten \u00e4\u00e4ni- tai visuaalisiin pelotteisiin.<\/p>\n<p><strong>S\u00e4\u00e4nkest\u00e4vyys<\/strong><br \/>\nLaserOp Automatic 160 on suunniteltu kest\u00e4m\u00e4\u00e4n s\u00e4\u00e4olosuhteita. S\u00e4\u00e4nkest\u00e4v\u00e4n rakenteensa ja CE-sertifioinnin ansiosta laite soveltuu k\u00e4ytett\u00e4v\u00e4ksi monenlaisissa ilmastoissa ja toimii tehokkaasti l\u00e4mp\u00f6tiloissa -10 &#8211; 45 \u00b0C. T\u00e4m\u00e4 tekee siit\u00e4 ymp\u00e4rivuotisen ratkaisun, joka s\u00e4ilytt\u00e4\u00e4 suorituskykyns\u00e4 kaikissa s\u00e4\u00e4olosuhteissa.<\/p>\n<p><strong>Yksinkertainen k\u00e4ytt\u00f6 ja helppo asennus<\/strong><br \/>\nLaserkarkotin on suunniteltu helppok\u00e4ytt\u00f6iseksi. Siin\u00e4 on plug and play -toiminto, ja asetukset ovat selkeit\u00e4 ja intuitiivisia. K\u00e4ytt\u00e4j\u00e4t voivat s\u00e4\u00e4t\u00e4\u00e4 keskeisi\u00e4 parametreja, kuten taajuutta, jolla laser kytkeytyy p\u00e4\u00e4lle ja pois, sek\u00e4 kuinka usein se skannaa alueen. T\u00e4m\u00e4 joustavuus mahdollistaa mukautetut lintujen torjuntastrategiat.<\/p>\n<p><strong>Virta-asetukset<\/strong><br \/>\nLaserOp Automatic 160 voidaan liitt\u00e4\u00e4 <a href=\"https:\/\/birdbusters.eu\/fi\/tuote\/12v-paristo\/\">12 voltin akkuun<\/a>. Vaihtoehtoisesti laitteeseen voidaan k\u00e4ytt\u00e4\u00e4 lis\u00e4varusteena saatavaa 230 V sovitinta, jolloin se saa virran tavallisesta pistorasiasta.<\/p>\n<h3><strong>Laserkarkottimen edut<\/strong><\/h3>\n<p><strong>Ei h\u00e4iritsev\u00e4 ja \u00e4\u00e4net\u00f6n:<\/strong> Toisin kuin kovaan \u00e4\u00e4neen perustuvat karkotteet, LaserOp Automatic 160 toimii \u00e4\u00e4nett\u00f6m\u00e4sti, mik\u00e4 on erityisen t\u00e4rke\u00e4\u00e4 asuinalueilla.<br \/>\n<strong>Jatkuva suoja:<\/strong> Automatisoitu laser varmistaa, ett\u00e4 lintuja karkotetaan jatkuvasti sek\u00e4 p\u00e4iv\u00e4ll\u00e4 ett\u00e4 y\u00f6ll\u00e4.<br \/>\n<strong>Mukautettavat asetukset:<\/strong> Voit s\u00e4\u00e4t\u00e4\u00e4 p\u00e4\u00e4lle\/pois-taajuutta tarpeidesi mukaan. Esimerkiksi, jos asetat laserin toimimaan 30 minuutin v\u00e4lein 20 tunnin ajan p\u00e4iv\u00e4ss\u00e4, laite kuluttaa vain noin 10 A virtaa p\u00e4iv\u00e4ss\u00e4, mik\u00e4 varmistaa energiatehokkuuden.<br \/>\n<strong>Tehokas useita lajeja vastaan:<\/strong> Laserkarkotin on eritt\u00e4in tehokas monenlaisia \u200b\u200blintuja vastaan, kuten kyyhkysi\u00e4, variksia, lokkeja, ankkoja, harakoita ja kottaraisia. Lis\u00e4ksi se voi pelottaa my\u00f6s peuroja ja muita el\u00e4imi\u00e4, jotka voivat uhata viljelykasveja tai infrastruktuuria.<\/p>\n<p>HUOM! Laserlaite kuljetetaan ja toimitetaan lavalla!<\/p>\n<h3><strong>Usein kysytyt kysymykset<\/strong><\/h3>\n<p><strong>Miten t\u00e4m\u00e4 laserkarkotin toimii?<\/strong><br \/>\nLaserOp Automatic 160 laserkarkotin k\u00e4ytt\u00e4\u00e4 lasers\u00e4teit\u00e4, jotka pyyhk\u00e4isev\u00e4t vaakasuunnassa suojatun alueen poikki, pelottaen lintuja ilman melua. T\u00e4m\u00e4 h\u00e4iritsee lintuja jatkuvasti, est\u00e4en niit\u00e4 laskeutumasta alueelle.<\/p>\n<p><strong>Mit\u00e4 lintulajeja laite karkottaa?<\/strong><br \/>\nSe on tehokas monia lintulajeja vastaan, kuten variksia, lokkeja, kyyhkysi\u00e4, hanhia ja kottaraisia. Lis\u00e4ksi laite voi karkottaa villiel\u00e4imi\u00e4, kuten peuroja, jotka uhkaavat viljelykasveja.<\/p>\n<p><strong>Miten laaja alue LaserOp Automatic 160 pystyy kattamaan?<\/strong><br \/>\nLaserkarkottimen kantama on yli 2000 metri\u00e4, ja se voi kattaa laajoja alueita, kuten lentokentti\u00e4, yrityspuistoja, maatiloja ja kattoja. Lis\u00e4ksi laite pystyy py\u00f6rim\u00e4\u00e4n 355 astetta, jolloin laser kattaa l\u00e4hes t\u00e4yden ympyr\u00e4n.<\/p>\n<p><strong>Toimiiko laite kaikissa s\u00e4\u00e4olosuhteissa?<\/strong><br \/>\nKyll\u00e4, LaserOp Automatic 160 on s\u00e4\u00e4nkest\u00e4v\u00e4 ja CE-sertifioitu, ja se toimii tehokkaasti l\u00e4mp\u00f6tiloissa -10 &#8211; 45 \u00b0C. T\u00e4m\u00e4 tekee siit\u00e4 ymp\u00e4rivuotisen ratkaisun, joka kest\u00e4\u00e4 erilaisia ilmasto-olosuhteita.<\/p>\n<p><strong>Kuinka helppo laite on asentaa?<\/strong><br \/>\nLaite on helppok\u00e4ytt\u00f6inen ja siin\u00e4 on plug and play -toiminto. Asetukset ovat selkeit\u00e4 ja intuitiivisia, joten sen k\u00e4ytt\u00f6\u00f6nottaminen ei vaadi erityist\u00e4 asiantuntemusta.<\/p>\n","protected":false},"excerpt":{"rendered":"<p>T\u00e4m\u00e4 t\u00e4ysin automaattinen laserkarkotin karkottaa lintuja jopa 2 kilometrin et\u00e4isyydelt\u00e4 vaakasuorilla lasers\u00e4teill\u00e4. Laite tarjoaa tehokasta suojaa pelloilla, lentokentill\u00e4, varastoalueilla ja muilla vastaavilla avoimilla alueilla.<\/p>\n<p><strong>Mitat<\/strong>: 55 x 55 x 50 cm<\/p>\n<p><strong>Paino<\/strong>: 17 kg<\/p>\n<p>&nbsp;<\/p>\n","protected":false},"featured_media":11757,"template":"","meta":{"_themeisle_gutenberg_block_has_review":false,"rank_math_focus_keyword":"laserkarkotin","rank_math_title":"Tehokas Automaattinen Laserkarkotin | BIRD BUSTERS","rank_math_description":"T\u00e4m\u00e4 automaattinen laserkarkotin tehokas laserlaite tuholaislintujen torjuntaan. Lue lis\u00e4\u00e4 ja osta nyt! ","rank_math_canonical_url":"","rank_math_facebook_title":"","rank_math_facebook_description":"","rank_math_facebook_image":"","rank_math_twitter_title":"","rank_math_twitter_description":"","rank_math_twitter_image":"","rank_math_schema_FAQPage":[]},"product_brand":[],"product_cat":[55,56],"product_tag":[],"class_list":{"0":"post-1922","1":"product","2":"type-product","3":"status-publish","4":"has-post-thumbnail","6":"product_cat-lintujen-laserkarkottimet","7":"product_cat-lintukarkottimet","9":"first","10":"onbackorder","11":"taxable","12":"shipping-taxable","13":"purchasable","14":"product-type-simple"},"_links":{"self":[{"href":"https:\/\/birdbusters.eu\/fi\/wp-json\/wp\/v2\/product\/1922","targetHints":{"allow":["GET"]}}],"collection":[{"href":"https:\/\/birdbusters.eu\/fi\/wp-json\/wp\/v2\/product"}],"about":[{"href":"https:\/\/birdbusters.eu\/fi\/wp-json\/wp\/v2\/types\/product"}],"wp:featuredmedia":[{"embeddable":true,"href":"https:\/\/birdbusters.eu\/fi\/wp-json\/wp\/v2\/media\/11757"}],"wp:attachment":[{"href":"https:\/\/birdbusters.eu\/fi\/wp-json\/wp\/v2\/media?parent=1922"}],"wp:term":[{"taxonomy":"product_brand","embeddable":true,"href":"https:\/\/birdbusters.eu\/fi\/wp-json\/wp\/v2\/product_brand?post=1922"},{"taxonomy":"product_cat","embeddable":true,"href":"https:\/\/birdbusters.eu\/fi\/wp-json\/wp\/v2\/product_cat?post=1922"},{"taxonomy":"product_tag","embeddable":true,"href":"https:\/\/birdbusters.eu\/fi\/wp-json\/wp\/v2\/product_tag?post=1922"}],"curies":[{"name":"wp","href":"https:\/\/api.w.org\/{rel}","templated":true}]}}