{"id":1923,"date":"2015-10-08T11:59:23","date_gmt":"2015-10-08T09:59:23","guid":{"rendered":"https:\/\/birdbusters.eu\/product\/variksenkarkotinhahmo\/"},"modified":"2024-07-04T14:40:50","modified_gmt":"2024-07-04T12:40:50","slug":"variksenkarkotinhahmo","status":"publish","type":"product","link":"https:\/\/birdbusters.eu\/fi\/tuote\/variksenkarkotinhahmo\/","title":{"rendered":"Variksenkarkotinhahmo"},"content":{"rendered":"<p><strong>Aidonkokoinen variksenkarkotin<\/strong><\/p>\n<p>Varishahmo toimii kahdella tavalla. Varikset pysyv\u00e4t poissa, jos ne n\u00e4kev\u00e4t kuolleen lajitoverinsa (hahmo maahan k\u00e4\u00e4nnettyn\u00e4) ja pikkulinnut taas, kun hahmo on pystyasennossa.<\/p>\n<p>K\u00e4ytt\u00f6 maksimissaan kolme viikkoa yhdess\u00e4 paikassa.<\/p>\n","protected":false},"excerpt":{"rendered":"<p>Varishahmo toimii kahdella tavalla. Varikset pysyv\u00e4t poissa, jos ne n\u00e4kev\u00e4t kuolleen lajitoverinsa (hahmo maahan k\u00e4\u00e4nnettyn\u00e4) ja pikkulinnut taas, kun hahmo on pystyasennossa.<\/p>\n<p>&nbsp;<\/p>\n","protected":false},"featured_media":1310,"template":"","meta":{"_themeisle_gutenberg_block_has_review":false},"product_brand":[],"product_cat":[50,51],"product_tag":[],"class_list":{"0":"post-1923","1":"product","2":"type-product","3":"status-publish","4":"has-post-thumbnail","6":"product_cat-linnunpelattimet","7":"product_cat-visuaaliset-linnunpelattimet","9":"first","10":"outofstock","11":"taxable","12":"shipping-taxable","13":"purchasable","14":"product-type-simple"},"_links":{"self":[{"href":"https:\/\/birdbusters.eu\/fi\/wp-json\/wp\/v2\/product\/1923","targetHints":{"allow":["GET"]}}],"collection":[{"href":"https:\/\/birdbusters.eu\/fi\/wp-json\/wp\/v2\/product"}],"about":[{"href":"https:\/\/birdbusters.eu\/fi\/wp-json\/wp\/v2\/types\/product"}],"wp:featuredmedia":[{"embeddable":true,"href":"https:\/\/birdbusters.eu\/fi\/wp-json\/wp\/v2\/media\/1310"}],"wp:attachment":[{"href":"https:\/\/birdbusters.eu\/fi\/wp-json\/wp\/v2\/media?parent=1923"}],"wp:term":[{"taxonomy":"product_brand","embeddable":true,"href":"https:\/\/birdbusters.eu\/fi\/wp-json\/wp\/v2\/product_brand?post=1923"},{"taxonomy":"product_cat","embeddable":true,"href":"https:\/\/birdbusters.eu\/fi\/wp-json\/wp\/v2\/product_cat?post=1923"},{"taxonomy":"product_tag","embeddable":true,"href":"https:\/\/birdbusters.eu\/fi\/wp-json\/wp\/v2\/product_tag?post=1923"}],"curies":[{"name":"wp","href":"https:\/\/api.w.org\/{rel}","templated":true}]}}