{"id":1924,"date":"2015-10-08T10:47:25","date_gmt":"2015-10-08T08:47:25","guid":{"rendered":"https:\/\/birdbusters.eu\/product\/tuulihaukka-lintukarkotin\/"},"modified":"2023-10-23T15:52:58","modified_gmt":"2023-10-23T13:52:58","slug":"tuulihaukka-lintukarkotin","status":"publish","type":"product","link":"https:\/\/birdbusters.eu\/fi\/tuote\/tuulihaukka-lintukarkotin\/","title":{"rendered":"Tuulihaukka-lintukarkotin"},"content":{"rendered":"<h2 style=\"text-align: justify;\"><span style=\"font-size: 12pt;\"><strong>Aidonkokkoinen tuulihaukkahahmo<\/strong><\/span><\/h2>\n<p style=\"text-align: justify;\">Tuulihaukka on petolintu, jota suurin osa muista linnuista pelk\u00e4\u00e4. Tuulihaukkahahmo suositellaan asennettavaksi korkean vavan p\u00e4\u00e4h\u00e4n tai puun oksalle siten, ett\u00e4 tuuli heiluttaa sit\u00e4 mahdollisimman suuren alueen ymp\u00e4rill\u00e4. Sopii pieniin puutarhoihin <strong>linnunpel\u00e4ttimeksi<\/strong> tai koristeeksi.<\/p>\n<p style=\"text-align: justify;\">Mitat 540 x 80 x 140 mm.<\/p>\n","protected":false},"excerpt":{"rendered":"<p>Tuulihaukka on petolintu, jota suurin osa muista linnuista pelk\u00e4\u00e4. Sopii pieniin puutarhoihin <strong>linnunpel\u00e4ttimeksi <\/strong>tai koristeeksi.<\/p>\n<p>&nbsp;<\/p>\n","protected":false},"featured_media":1336,"template":"","meta":{"_themeisle_gutenberg_block_has_review":false},"product_brand":[],"product_cat":[50,51],"product_tag":[],"class_list":{"0":"post-1924","1":"product","2":"type-product","3":"status-publish","4":"has-post-thumbnail","6":"product_cat-linnunpelattimet","7":"product_cat-visuaaliset-linnunpelattimet","9":"first","10":"onbackorder","11":"taxable","12":"shipping-taxable","13":"purchasable","14":"product-type-simple"},"_links":{"self":[{"href":"https:\/\/birdbusters.eu\/fi\/wp-json\/wp\/v2\/product\/1924","targetHints":{"allow":["GET"]}}],"collection":[{"href":"https:\/\/birdbusters.eu\/fi\/wp-json\/wp\/v2\/product"}],"about":[{"href":"https:\/\/birdbusters.eu\/fi\/wp-json\/wp\/v2\/types\/product"}],"wp:featuredmedia":[{"embeddable":true,"href":"https:\/\/birdbusters.eu\/fi\/wp-json\/wp\/v2\/media\/1336"}],"wp:attachment":[{"href":"https:\/\/birdbusters.eu\/fi\/wp-json\/wp\/v2\/media?parent=1924"}],"wp:term":[{"taxonomy":"product_brand","embeddable":true,"href":"https:\/\/birdbusters.eu\/fi\/wp-json\/wp\/v2\/product_brand?post=1924"},{"taxonomy":"product_cat","embeddable":true,"href":"https:\/\/birdbusters.eu\/fi\/wp-json\/wp\/v2\/product_cat?post=1924"},{"taxonomy":"product_tag","embeddable":true,"href":"https:\/\/birdbusters.eu\/fi\/wp-json\/wp\/v2\/product_tag?post=1924"}],"curies":[{"name":"wp","href":"https:\/\/api.w.org\/{rel}","templated":true}]}}