{"id":1925,"date":"2015-10-08T09:53:00","date_gmt":"2015-10-08T07:53:00","guid":{"rendered":"https:\/\/birdbusters.eu\/product\/haukan-silmat-linnunpelatin\/"},"modified":"2026-04-04T08:31:24","modified_gmt":"2026-04-04T06:31:24","slug":"haukan-silmat-linnunpelatin","status":"publish","type":"product","link":"https:\/\/birdbusters.eu\/fi\/tuote\/haukan-silmat-linnunpelatin\/","title":{"rendered":"Haukan Silm\u00e4t &#8211; linnunpel\u00e4tin"},"content":{"rendered":"<p style=\"text-align: justify;\">Isot haukan silm\u00e4t on suunniteltu <strong>pelottelemaan<\/strong> lintuja kuten, hanhia, kyyhkysi\u00e4, mustarastaita ja eri petolintuja. Pel\u00e4tin liikkuu ymp\u00e4riins\u00e4 tuulen mukaan ja heijastaa ja hajottaa auringon valoa ymp\u00e4riins\u00e4. Tehokkuuden lis\u00e4\u00e4miseksi suosittelemme, ett\u00e4 pel\u00e4tin siirret\u00e4\u00e4n uuteen paikkaan seitsem\u00e4n p\u00e4iv\u00e4n valein, jonka j\u00e4lkeen se poistetaan maastosta kolmeksi p\u00e4iv\u00e4ksi. Suosituksena on 1-2 pel\u00e4tint\u00e4 hanhia varten jokaista hehtaaria kohti, muita lintuja varten pel\u00e4ttimi\u00e4 tulee asentaa 20-40 metrin v\u00e4lein.<\/p>\n<p><span style=\"font-size: 14pt;\">Toimitusaika 3-4 ty\u00f6p\u00e4iv\u00e4\u00e4<\/span><\/p>\n","protected":false},"excerpt":{"rendered":"<p>Isot haukan silm\u00e4t on suunniteltu <strong>pelottelemaan<\/strong> lintuja kuten, hanhia, kyyhkysi\u00e4, mustarastaita ja eri petolintuja. Pel\u00e4tin liikkuu ymp\u00e4riins\u00e4 tuulen mukaan ja heijastaa ja hajottaa auringon valoa ymp\u00e4riins\u00e4.<\/p>\n<p><strong><span style=\"color: #ff0000;\">HUOM! Tuote ei mahdu pakettiautomaattiin (Pickup Point). Valitse toimitustavaksi kuriiri (Courier Standard).<\/span><\/strong><\/p>\n<p>https:\/\/youtu.be\/rehQqIi62tY<\/p>\n<p>&nbsp;<\/p>\n","protected":false},"featured_media":1316,"template":"","meta":{"_themeisle_gutenberg_block_has_review":false},"product_brand":[],"product_cat":[50,51],"product_tag":[],"class_list":{"0":"post-1925","1":"product","2":"type-product","3":"status-publish","4":"has-post-thumbnail","6":"product_cat-linnunpelattimet","7":"product_cat-visuaaliset-linnunpelattimet","8":"product_shipping_class-kuller-pick-up-point-fi","10":"first","11":"instock","12":"taxable","13":"shipping-taxable","14":"purchasable","15":"product-type-simple"},"_links":{"self":[{"href":"https:\/\/birdbusters.eu\/fi\/wp-json\/wp\/v2\/product\/1925","targetHints":{"allow":["GET"]}}],"collection":[{"href":"https:\/\/birdbusters.eu\/fi\/wp-json\/wp\/v2\/product"}],"about":[{"href":"https:\/\/birdbusters.eu\/fi\/wp-json\/wp\/v2\/types\/product"}],"wp:featuredmedia":[{"embeddable":true,"href":"https:\/\/birdbusters.eu\/fi\/wp-json\/wp\/v2\/media\/1316"}],"wp:attachment":[{"href":"https:\/\/birdbusters.eu\/fi\/wp-json\/wp\/v2\/media?parent=1925"}],"wp:term":[{"taxonomy":"product_brand","embeddable":true,"href":"https:\/\/birdbusters.eu\/fi\/wp-json\/wp\/v2\/product_brand?post=1925"},{"taxonomy":"product_cat","embeddable":true,"href":"https:\/\/birdbusters.eu\/fi\/wp-json\/wp\/v2\/product_cat?post=1925"},{"taxonomy":"product_tag","embeddable":true,"href":"https:\/\/birdbusters.eu\/fi\/wp-json\/wp\/v2\/product_tag?post=1925"}],"curies":[{"name":"wp","href":"https:\/\/api.w.org\/{rel}","templated":true}]}}