{"id":1926,"date":"2015-09-09T13:39:01","date_gmt":"2015-09-09T11:39:01","guid":{"rendered":"https:\/\/birdbusters.eu\/product\/kyyhkysenpelatin-bird-gard-pro\/"},"modified":"2023-10-19T21:52:42","modified_gmt":"2023-10-19T19:52:42","slug":"kyyhkysenpelatin-bird-gard-pro","status":"publish","type":"product","link":"https:\/\/birdbusters.eu\/fi\/tuote\/kyyhkysenpelatin-bird-gard-pro\/","title":{"rendered":"Kyyhkysenpel\u00e4tin Bird Gard Pro"},"content":{"rendered":"<p>Bird Gard Pro -kyyhkysenpel\u00e4tin on tarkoitettu suojaamaan rakennuksia ja toimitiloja. Laite tuottaa kyyhkysen varoitus\u00e4\u00e4nt\u00e4, joka pel\u00e4stytt\u00e4\u00e4 lintuja. Toiminta-alue ilman <a href=\"https:\/\/birdbusters.eu\/fi\/tuote\/kaiutin-bird-gard-prohon\/\"><u>lis\u00e4kaiutinta <\/u><\/a>on 0.6 hehtaaria.<\/p>\n<p>Mahdollista tilata <a href=\"https:\/\/birdbusters.eu\/fi\/tuote\/kaiutin-bird-gard-prohon\/\">lis\u00e4kaiutin<\/a>.<\/p>\n","protected":false},"excerpt":{"rendered":"<p>Bird Gard Pro -kyyhkysenpel\u00e4tin on tarkoitettu suojaamaan rakennuksia ja toimitiloja. Laite tuottaa kyyhkysen varoitus\u00e4\u00e4nt\u00e4, joka pel\u00e4stytt\u00e4\u00e4 lintuja.<\/p>\n<p>https:\/\/youtu.be\/rBnHY4xFQBo<\/p>\n<p>&nbsp;<\/p>\n","protected":false},"featured_media":1432,"template":"","meta":{"_themeisle_gutenberg_block_has_review":false},"product_brand":[],"product_cat":[52,50],"product_tag":[],"class_list":{"0":"post-1926","1":"product","2":"type-product","3":"status-publish","4":"has-post-thumbnail","6":"product_cat-lintukarkotin","7":"product_cat-linnunpelattimet","9":"first","10":"outofstock","11":"taxable","12":"shipping-taxable","13":"purchasable","14":"product-type-simple"},"_links":{"self":[{"href":"https:\/\/birdbusters.eu\/fi\/wp-json\/wp\/v2\/product\/1926","targetHints":{"allow":["GET"]}}],"collection":[{"href":"https:\/\/birdbusters.eu\/fi\/wp-json\/wp\/v2\/product"}],"about":[{"href":"https:\/\/birdbusters.eu\/fi\/wp-json\/wp\/v2\/types\/product"}],"wp:featuredmedia":[{"embeddable":true,"href":"https:\/\/birdbusters.eu\/fi\/wp-json\/wp\/v2\/media\/1432"}],"wp:attachment":[{"href":"https:\/\/birdbusters.eu\/fi\/wp-json\/wp\/v2\/media?parent=1926"}],"wp:term":[{"taxonomy":"product_brand","embeddable":true,"href":"https:\/\/birdbusters.eu\/fi\/wp-json\/wp\/v2\/product_brand?post=1926"},{"taxonomy":"product_cat","embeddable":true,"href":"https:\/\/birdbusters.eu\/fi\/wp-json\/wp\/v2\/product_cat?post=1926"},{"taxonomy":"product_tag","embeddable":true,"href":"https:\/\/birdbusters.eu\/fi\/wp-json\/wp\/v2\/product_tag?post=1926"}],"curies":[{"name":"wp","href":"https:\/\/api.w.org\/{rel}","templated":true}]}}