{"id":1928,"date":"2015-09-09T14:26:17","date_gmt":"2015-09-09T12:26:17","guid":{"rendered":"https:\/\/birdbusters.eu\/product\/linnunpelatinleija-7-metrin-vavalla\/"},"modified":"2026-02-07T20:06:01","modified_gmt":"2026-02-07T19:06:01","slug":"linnunpelatinleija-7-metrin-vavalla","status":"publish","type":"product","link":"https:\/\/birdbusters.eu\/fi\/tuote\/linnunpelatinleija-7-metrin-vavalla\/","title":{"rendered":"Linnunpel\u00e4tin leija 7 metrin vavalla"},"content":{"rendered":"<p style=\"text-align: justify;\">Aidonkokoinen j\u00e4ljenn\u00f6s liihottelevasta haukasta on valmistettu s\u00e4\u00e4nkest\u00e4v\u00e4st\u00e4 muovista, joten se on lujaa laatua. Voit suojata luumarjat ja siemenhedelm\u00e4t, p\u00e4hkin\u00e4t, marjat tai raakatuotteet tyynell\u00e4 tai tuulisella s\u00e4\u00e4ll\u00e4 asettamalla liihottelevan haukan viljelysten ylle tai niiden l\u00e4helle. Voimaa, kaasua tai myrkkyj\u00e4 ei tarvita, joten se on ymp\u00e4rist\u00f6yst\u00e4v\u00e4llinen ja est\u00e4\u00e4 lintuja vahingoittamasta puutarhaasi. Lent\u00e4v\u00e4 haukka-leija n\u00e4ytt\u00e4\u00e4 aidolta, joten se pelottaa kaikkia lintuja mukaan lukuien r\u00e4k\u00e4ttirastaat, varikset, kyyhykset ja lokit.<\/p>\n<p style=\"text-align: justify;\"><u>Lintuleijan k\u00e4ytt\u00f6opas englanniksi\u00a0<a href=\"https:\/\/birdbusters.eu\/wp-content\/uploads\/2019\/03\/BB-Manual-DEMO.pdf\">Bird kite manual<\/a><\/u><\/p>\n<p style=\"text-align: justify;\"><strong>Leija ei sovellu voimakastuulisiin paikkoihin<\/strong>.<\/p>\n<p><span style=\"font-size: 14pt;\">Toimitusaika 3-4 ty\u00f6p\u00e4iv\u00e4\u00e4<\/span><\/p>\n","protected":false},"excerpt":{"rendered":"<p>T\u00e4m\u00e4 <strong>linnunpel\u00e4tinleija<\/strong> on asennettu 7 metri\u00e4 pitk\u00e4\u00e4n vapaan. Toimii hyvin my\u00f6s alhaisella tuulen nopeudella. Toimii p\u00e4\u00e4asiassa pienempien lintujen pel\u00e4ttimen\u00e4, mutta sit\u00e4 voidaan k\u00e4ytt\u00e4\u00e4 my\u00f6s lokinpel\u00e4ttimen\u00e4.<\/p>\n<p><strong><span style=\"color: #ff0000;\">HUOM! Tuote ei mahdu pakettiautomaattiin (Pickup Point). Valitse toimitustavaksi kuriiri (Courier Standard).<\/span><\/strong><\/p>\n<p>https:\/\/youtu.be\/p6I04j4kwmo<\/p>\n<p>&nbsp;<\/p>\n<p>&nbsp;<\/p>\n","protected":false},"featured_media":1364,"template":"","meta":{"_themeisle_gutenberg_block_has_review":false},"product_brand":[],"product_cat":[53,50],"product_tag":[],"class_list":{"0":"post-1928","1":"product","2":"type-product","3":"status-publish","4":"has-post-thumbnail","6":"product_cat-leijapelattimet","7":"product_cat-linnunpelattimet","8":"product_shipping_class-kuller-pick-up-point-fi","10":"first","11":"instock","12":"sale","13":"taxable","14":"shipping-taxable","15":"purchasable","16":"product-type-simple"},"_links":{"self":[{"href":"https:\/\/birdbusters.eu\/fi\/wp-json\/wp\/v2\/product\/1928","targetHints":{"allow":["GET"]}}],"collection":[{"href":"https:\/\/birdbusters.eu\/fi\/wp-json\/wp\/v2\/product"}],"about":[{"href":"https:\/\/birdbusters.eu\/fi\/wp-json\/wp\/v2\/types\/product"}],"wp:featuredmedia":[{"embeddable":true,"href":"https:\/\/birdbusters.eu\/fi\/wp-json\/wp\/v2\/media\/1364"}],"wp:attachment":[{"href":"https:\/\/birdbusters.eu\/fi\/wp-json\/wp\/v2\/media?parent=1928"}],"wp:term":[{"taxonomy":"product_brand","embeddable":true,"href":"https:\/\/birdbusters.eu\/fi\/wp-json\/wp\/v2\/product_brand?post=1928"},{"taxonomy":"product_cat","embeddable":true,"href":"https:\/\/birdbusters.eu\/fi\/wp-json\/wp\/v2\/product_cat?post=1928"},{"taxonomy":"product_tag","embeddable":true,"href":"https:\/\/birdbusters.eu\/fi\/wp-json\/wp\/v2\/product_tag?post=1928"}],"curies":[{"name":"wp","href":"https:\/\/api.w.org\/{rel}","templated":true}]}}