{"id":1930,"date":"2015-09-07T17:23:35","date_gmt":"2015-09-07T15:23:35","guid":{"rendered":"https:\/\/birdbusters.eu\/product\/kolmijalka-kaasutykkeihin\/"},"modified":"2025-11-14T10:52:20","modified_gmt":"2025-11-14T09:52:20","slug":"kolmijalka-kaasutykkeihin","status":"publish","type":"product","link":"https:\/\/birdbusters.eu\/fi\/tuote\/kolmijalka-kaasutykkeihin\/","title":{"rendered":"Kolmijalka kaasutykkeihin"},"content":{"rendered":"<p>Jokaisen pamauksen j\u00e4lkeen paineaalto k\u00e4\u00e4nt\u00e4\u00e4 tykin toiseen suuntaan.<\/p>\n<p><span style=\"font-size: 14pt;\">Toimitusaika 3-4 ty\u00f6p\u00e4iv\u00e4\u00e4<\/span><\/p>\n<p>&nbsp;<\/p>\n","protected":false},"excerpt":{"rendered":"<h4>360 astetta py\u00f6riv\u00e4 kolmijalka lis\u00e4\u00e4 kaasutykin toimintas\u00e4dett\u00e4 korkeutensa ja py\u00f6riv\u00e4n akselinsa avulla.<\/h4>\n<p>&nbsp;<\/p>\n","protected":false},"featured_media":3102,"template":"","meta":{"_themeisle_gutenberg_block_has_review":false},"product_brand":[],"product_cat":[165,71,56],"product_tag":[],"class_list":{"0":"post-1930","1":"product","2":"type-product","3":"status-publish","4":"has-post-thumbnail","6":"product_cat-elainkarkottimet","7":"product_cat-lintu-tykit","8":"product_cat-lintukarkottimet","9":"product_shipping_class-kuller-pick-up-point-fi","11":"first","12":"instock","13":"taxable","14":"shipping-taxable","15":"purchasable","16":"product-type-simple"},"_links":{"self":[{"href":"https:\/\/birdbusters.eu\/fi\/wp-json\/wp\/v2\/product\/1930","targetHints":{"allow":["GET"]}}],"collection":[{"href":"https:\/\/birdbusters.eu\/fi\/wp-json\/wp\/v2\/product"}],"about":[{"href":"https:\/\/birdbusters.eu\/fi\/wp-json\/wp\/v2\/types\/product"}],"wp:featuredmedia":[{"embeddable":true,"href":"https:\/\/birdbusters.eu\/fi\/wp-json\/wp\/v2\/media\/3102"}],"wp:attachment":[{"href":"https:\/\/birdbusters.eu\/fi\/wp-json\/wp\/v2\/media?parent=1930"}],"wp:term":[{"taxonomy":"product_brand","embeddable":true,"href":"https:\/\/birdbusters.eu\/fi\/wp-json\/wp\/v2\/product_brand?post=1930"},{"taxonomy":"product_cat","embeddable":true,"href":"https:\/\/birdbusters.eu\/fi\/wp-json\/wp\/v2\/product_cat?post=1930"},{"taxonomy":"product_tag","embeddable":true,"href":"https:\/\/birdbusters.eu\/fi\/wp-json\/wp\/v2\/product_tag?post=1930"}],"curies":[{"name":"wp","href":"https:\/\/api.w.org\/{rel}","templated":true}]}}