{"id":1931,"date":"2015-09-07T17:13:40","date_gmt":"2015-09-07T15:13:40","guid":{"rendered":"https:\/\/birdbusters.eu\/product\/ajastin-mekaaniseen-kaasutykkiin\/"},"modified":"2024-06-13T08:05:46","modified_gmt":"2024-06-13T06:05:46","slug":"ajastin-mekaaniseen-kaasutykkiin","status":"publish","type":"product","link":"https:\/\/birdbusters.eu\/fi\/tuote\/ajastin-mekaaniseen-kaasutykkiin\/","title":{"rendered":"Ajastin mekaaniseen kaasutykkiin"},"content":{"rendered":"<p><strong>GT300-ajastin<\/strong> on tarkoitettu <a href=\"https:\/\/birdbusters.eu\/fi\/tuote\/mekaaninen-linnunpelatintykki\/\"><u>mekaaniseen kaasutykkiin<\/u> <\/a>sovittamaan pamausten aikav\u00e4li 24 tunnin ajanjaksoon. Esimerkiksi lintuja on yleens\u00e4 tarpeen h\u00e4\u00e4t\u00e4\u00e4 p\u00e4iv\u00e4saikaan ja villiel\u00e4imi\u00e4 taas eniten \u00f6isin ja aamuisin.<\/p>\n","protected":false},"excerpt":{"rendered":"<p><strong>GT300-ajastin<\/strong> on tarkoitettu <u>mekaaniseen kaasutykkiin<\/u> sovittamaan pamausten aikav\u00e4li 24 tunnin ajanjaksoon. Esimerkiksi lintuja on yleens\u00e4 tarpeen h\u00e4\u00e4t\u00e4\u00e4 p\u00e4iv\u00e4saikaan ja villiel\u00e4imi\u00e4 taas eniten \u00f6isin ja aamuisin.<\/p>\n<p>&nbsp;<\/p>\n","protected":false},"featured_media":1272,"template":"","meta":{"_themeisle_gutenberg_block_has_review":false},"product_brand":[],"product_cat":[71,56],"product_tag":[],"class_list":{"0":"post-1931","1":"product","2":"type-product","3":"status-publish","4":"has-post-thumbnail","6":"product_cat-lintu-tykit","7":"product_cat-lintukarkottimet","9":"first","10":"instock","11":"taxable","12":"shipping-taxable","13":"purchasable","14":"product-type-simple"},"_links":{"self":[{"href":"https:\/\/birdbusters.eu\/fi\/wp-json\/wp\/v2\/product\/1931","targetHints":{"allow":["GET"]}}],"collection":[{"href":"https:\/\/birdbusters.eu\/fi\/wp-json\/wp\/v2\/product"}],"about":[{"href":"https:\/\/birdbusters.eu\/fi\/wp-json\/wp\/v2\/types\/product"}],"wp:featuredmedia":[{"embeddable":true,"href":"https:\/\/birdbusters.eu\/fi\/wp-json\/wp\/v2\/media\/1272"}],"wp:attachment":[{"href":"https:\/\/birdbusters.eu\/fi\/wp-json\/wp\/v2\/media?parent=1931"}],"wp:term":[{"taxonomy":"product_brand","embeddable":true,"href":"https:\/\/birdbusters.eu\/fi\/wp-json\/wp\/v2\/product_brand?post=1931"},{"taxonomy":"product_cat","embeddable":true,"href":"https:\/\/birdbusters.eu\/fi\/wp-json\/wp\/v2\/product_cat?post=1931"},{"taxonomy":"product_tag","embeddable":true,"href":"https:\/\/birdbusters.eu\/fi\/wp-json\/wp\/v2\/product_tag?post=1931"}],"curies":[{"name":"wp","href":"https:\/\/api.w.org\/{rel}","templated":true}]}}