{"id":3087,"date":"2019-10-26T10:21:20","date_gmt":"2019-10-26T08:21:20","guid":{"rendered":"https:\/\/birdbusters.eu\/?post_type=product&#038;p=3087"},"modified":"2024-03-04T08:15:25","modified_gmt":"2024-03-04T07:15:25","slug":"linnunpelatintykki-kauko-ohjauksella","status":"publish","type":"product","link":"https:\/\/birdbusters.eu\/fi\/tuote\/linnunpelatintykki-kauko-ohjauksella\/","title":{"rendered":"Linnunpel\u00e4tintykki kauko-ohjauksella"},"content":{"rendered":"<p>Digitaalisesti konfiguroitavalla Zon EL08 -nestekaasutykill\u00e4 on mahdollista tuottaa per\u00e4kk\u00e4in jopa nelj\u00e4n laukauksen sarjoja, ja lis\u00e4ksi voit valita eripituisia taukoja ja 4 eri aikajaksoa, jolloin tykki toimii 24 tunnin aikana.\u00a0Tykin voi esimerkiksi asettaa aloittamaan toimintansa aamulla klo 6.05 ja lopettamaan toimintansa klo 9.00.<br \/>\nSen j\u00e4lkeen tykki toimii muutaman tunnin keskip\u00e4iv\u00e4ll\u00e4 ja illalla tarpeen mukaan.\u00a0Koska tykill\u00e4 voi tuottaa jopa nelj\u00e4 laukausta per\u00e4kk\u00e4in, se on tehokkain pelote muuttolintuja vastaan.<br \/>\nKaasutykki tarvitsee toimiakseen <a href=\"https:\/\/birdbusters.eu\/fi\/tuote\/12v-paristo\/\">12V:n akun<\/a> ja propaani- tai butaanikaasupullon. N\u00e4m\u00e4 eiv\u00e4t kuulu pakettiin.<br \/>\nTavallista autonakkua ja kotitalouden nestekaasupulloa voidaan k\u00e4ytt\u00e4\u00e4.<\/p>\n<p>Lis\u00e4ksi suosittelemme ostamaan <a href=\"https:\/\/birdbusters.eu\/fi\/tuote\/kolmijalka-kaasutykkeihin\/\">360 astetta py\u00f6riv\u00e4n jalustan<\/a>, joka lis\u00e4\u00e4 tykin toiminta-alaa korkeutensa ja py\u00f6rimisakselinsa ansiosta.\u00a0Jokaisesta laukauksesta tuleva isku vaihtaa tykin suuntaa.<\/p>\n<p><a href=\"https:\/\/birdbusters.eu\/wp-content\/uploads\/2019\/04\/EL08-manual.pdf\">Kaasutykin k\u00e4ytt\u00f6ohje<\/a><\/p>\n<p><a href=\"https:\/\/birdbusters.eu\/wp-content\/uploads\/2023\/11\/6491c6563176a208QS-RADIO-TRAP-1-1.pdf\">Kaukos\u00e4\u00e4timen k\u00e4sikirja<\/a><\/p>\n<p><a href=\"https:\/\/birdbusters.eu\/wp-content\/uploads\/2023\/11\/65367c78131fb917DS-TRAP-12.pdf\">Et\u00e4tiedot<\/a><\/p>\n<p>&nbsp;<\/p>\n<p><span style=\"font-size: 14pt;\">Toimitusaika 3-4 ty\u00f6p\u00e4iv\u00e4\u00e4<\/span><\/p>\n","protected":false},"excerpt":{"rendered":"<p>Zon EL08 Elektroninen nestekaasutykki on tehokkain elektronisesti s\u00e4\u00e4dett\u00e4v\u00e4 linnunpel\u00e4tin.\u00a0Se on s\u00e4\u00e4nkest\u00e4v\u00e4 mekaaninen tykki, jonka \u00e4\u00e4nenvoimakkuus on verrattavissa kiv\u00e4\u00e4rin laukauksen \u00e4\u00e4neen. Tehokkain tuholaistorjuja mm. muuttolintuja, lokkeja, puluja, villisikoja ja susia vastaan<\/p>\n<p>https:\/\/youtu.be\/XMxz8kDgTco<\/p>\n<p>&nbsp;<\/p>\n","protected":false},"featured_media":2841,"template":"","meta":{"_themeisle_gutenberg_block_has_review":false},"product_brand":[],"product_cat":[165,71,56],"product_tag":[],"class_list":{"0":"post-3087","1":"product","2":"type-product","3":"status-publish","4":"has-post-thumbnail","6":"product_cat-elainkarkottimet","7":"product_cat-lintu-tykit","8":"product_cat-lintukarkottimet","9":"product_shipping_class-kuller-pick-up-point-fi","11":"first","12":"onbackorder","13":"taxable","14":"shipping-taxable","15":"purchasable","16":"product-type-simple"},"_links":{"self":[{"href":"https:\/\/birdbusters.eu\/fi\/wp-json\/wp\/v2\/product\/3087","targetHints":{"allow":["GET"]}}],"collection":[{"href":"https:\/\/birdbusters.eu\/fi\/wp-json\/wp\/v2\/product"}],"about":[{"href":"https:\/\/birdbusters.eu\/fi\/wp-json\/wp\/v2\/types\/product"}],"wp:featuredmedia":[{"embeddable":true,"href":"https:\/\/birdbusters.eu\/fi\/wp-json\/wp\/v2\/media\/2841"}],"wp:attachment":[{"href":"https:\/\/birdbusters.eu\/fi\/wp-json\/wp\/v2\/media?parent=3087"}],"wp:term":[{"taxonomy":"product_brand","embeddable":true,"href":"https:\/\/birdbusters.eu\/fi\/wp-json\/wp\/v2\/product_brand?post=3087"},{"taxonomy":"product_cat","embeddable":true,"href":"https:\/\/birdbusters.eu\/fi\/wp-json\/wp\/v2\/product_cat?post=3087"},{"taxonomy":"product_tag","embeddable":true,"href":"https:\/\/birdbusters.eu\/fi\/wp-json\/wp\/v2\/product_tag?post=3087"}],"curies":[{"name":"wp","href":"https:\/\/api.w.org\/{rel}","templated":true}]}}