{"id":3829,"date":"2020-08-15T09:05:27","date_gmt":"2020-08-15T07:05:27","guid":{"rendered":"https:\/\/birdbusters.eu\/?post_type=product&#038;p=3829"},"modified":"2026-03-30T09:00:03","modified_gmt":"2026-03-30T07:00:03","slug":"keltainen-linnunpelatinpallo","status":"publish","type":"product","link":"https:\/\/birdbusters.eu\/fi\/tuote\/keltainen-linnunpelatinpallo\/","title":{"rendered":"Keltainen linnunpel\u00e4tinpallo"},"content":{"rendered":"<p style=\"text-align: justify;\"><strong>Linnunpel\u00e4tinpallo<\/strong><\/p>\n<p>ripustetaan tankoon suojeltavan kohteen l\u00e4helle, n\u00e4kyv\u00e4\u00e4n paikkaan, jossa tuuli p\u00e4\u00e4see liikuttamaan sit\u00e4. Voi ripustaa my\u00f6s oksasta, mutta tulee olla varovainen, ett\u00e4 oksa ei riko palloa. N\u00e4kyv\u00e4ss\u00e4 paikassa riippuvan linnunpelotuspallon toimintas\u00e4de on l\u00e4hes 20 metri\u00e4. Mit\u00e4 korkeammalle pallo on ripustettu, sit\u00e4 suurempi sen vaikutuspiiri on. Paras mahdollisen teho saavutetaan eriv\u00e4risten pallojen vaihtelevalla k\u00e4yt\u00f6ll\u00e4. Yhden v\u00e4risen pallon suurin tehokas toiminta-aika on kolme viikkoa. Saatavana on valkoinen, keltainen ja musta linnunpelotuspallo.<\/p>\n<p><strong>Suojeltavat alueet:<\/strong> puutarhat, terassit, pellot, varastot, navetat, lastauspaikat, venesatamat, taimistot, kerrostalojen katot jne.<\/p>\n<p><strong>Karkottaa<\/strong> rastaita, kyyhkysi\u00e4, varpusia, lokkeja, variksia ym. lintuja.<\/p>\n<p><strong>Miten k\u00e4ytet\u00e4\u00e4n.<\/strong> Puhalla pallo t\u00e4yteen, \u00e4l\u00e4 kuitenkaan liian t\u00e4yteen ja \u00e4l\u00e4 k\u00e4yt\u00e4 siihen pumppua. Liimaa kiilt\u00e4v\u00e4t silm\u00e4t mustien rinkien keskelle. Kiinnit\u00e4 pallon pohjaan pakkauksessa mukana olevat kiilt\u00e4v\u00e4t liuskat. Ripusta pallo n\u00e4kyv\u00e4\u00e4n paikkaan.<\/p>\n<p>P\u00e4\u00e4st\u00e4 talveksi pallosta hieman ilmaa pois ja aseta se kellariin tai viile\u00e4\u00e4n tilaan odottamaan uutta kautta.<\/p>\n<p>Pallon halkaisija 50 cm, paino 130 g<\/p>\n","protected":false},"excerpt":{"rendered":"<p><strong>Linnunpelotuspallo<\/strong> on suosittu ja kustannustehokas lujasta PVC:st\u00e4 valmistettu, puhallettava ja s\u00e4\u00e4nkest\u00e4v\u00e4 linnunpelotusv\u00e4line. Se on helppo asentaa ja sopii k\u00e4ytett\u00e4v\u00e4ksi hyvin monissa paikoissa erilaisten lintujen aiheuttamien ongelmien ratkaisemiseen.<\/p>\n<p>Pallossa on kuusi \u201dpetolinnun silm\u00e4\u00e4\u201d, jotka pelottavat haukkojen luonnollisia saaliita, varpusia, kyyhkysi\u00e4, variksia, lokkeja ja muita lintuja.<\/p>\n<p>&nbsp;<\/p>\n","protected":false},"featured_media":3836,"template":"","meta":{"_themeisle_gutenberg_block_has_review":false},"product_brand":[],"product_cat":[50,51],"product_tag":[],"class_list":{"0":"post-3829","1":"product","2":"type-product","3":"status-publish","4":"has-post-thumbnail","6":"product_cat-linnunpelattimet","7":"product_cat-visuaaliset-linnunpelattimet","9":"first","10":"instock","11":"taxable","12":"shipping-taxable","13":"purchasable","14":"product-type-simple"},"_links":{"self":[{"href":"https:\/\/birdbusters.eu\/fi\/wp-json\/wp\/v2\/product\/3829","targetHints":{"allow":["GET"]}}],"collection":[{"href":"https:\/\/birdbusters.eu\/fi\/wp-json\/wp\/v2\/product"}],"about":[{"href":"https:\/\/birdbusters.eu\/fi\/wp-json\/wp\/v2\/types\/product"}],"wp:featuredmedia":[{"embeddable":true,"href":"https:\/\/birdbusters.eu\/fi\/wp-json\/wp\/v2\/media\/3836"}],"wp:attachment":[{"href":"https:\/\/birdbusters.eu\/fi\/wp-json\/wp\/v2\/media?parent=3829"}],"wp:term":[{"taxonomy":"product_brand","embeddable":true,"href":"https:\/\/birdbusters.eu\/fi\/wp-json\/wp\/v2\/product_brand?post=3829"},{"taxonomy":"product_cat","embeddable":true,"href":"https:\/\/birdbusters.eu\/fi\/wp-json\/wp\/v2\/product_cat?post=3829"},{"taxonomy":"product_tag","embeddable":true,"href":"https:\/\/birdbusters.eu\/fi\/wp-json\/wp\/v2\/product_tag?post=3829"}],"curies":[{"name":"wp","href":"https:\/\/api.w.org\/{rel}","templated":true}]}}