{"id":4262,"date":"2020-12-17T18:16:30","date_gmt":"2020-12-17T17:16:30","guid":{"rendered":"https:\/\/birdbusters.eu\/?post_type=product&#038;p=4262"},"modified":"2023-10-23T15:56:19","modified_gmt":"2023-10-23T13:56:19","slug":"lintutarrat-ikkunoihin-valkoinen","status":"publish","type":"product","link":"https:\/\/birdbusters.eu\/fi\/tuote\/lintutarrat-ikkunoihin-valkoinen\/","title":{"rendered":"Lintutarrat ikkunoihin, valkoinen"},"content":{"rendered":"<h1 style=\"text-align: justify;\"><span style=\"font-size: 12pt;\">Lent\u00e4v\u00e4 lintu -silhuetti<\/span><\/h1>\n<p style=\"text-align: justify;\"><strong>Linnuille lasi-ikkunat ovat vaarallisimpia kuin l\u00e4pin\u00e4kym\u00e4tt\u00f6m\u00e4t lasit<\/strong>. Heijastaessaan lehvist\u00f6\u00e4 tai taivasta, ne n\u00e4ytt\u00e4v\u00e4t kutsuvilta paikoilta lent\u00e4\u00e4. Ja koska ikkunoita on paljon, ne verottavat lintuja merkitt\u00e4v\u00e4sti.<\/p>\n<p style=\"text-align: justify;\">Tarran mitat 1112 x 479 mm<\/p>\n<p style=\"text-align: justify;\">Sis\u00e4lt\u00e4\u00e4 kolme eri lintusilhuettia \u2013 <strong>haukkasilhuetit<\/strong> ja <strong>kotkasilhuetti.<\/strong><\/p>\n<p>Lis\u00e4tiedot: jos ikkuna n\u00e4ytt\u00e4\u00e4 kaukaa katsottuna tummalta, on suositeltavaa k\u00e4ytt\u00e4\u00e4 valkoisia siluetteja, lasikaiteissa mustia siluetteja.<\/p>\n","protected":false},"excerpt":{"rendered":"<p>Lent\u00e4v\u00e4 lintu -silhuetti.\u00a0<strong>Linnuille lasi-ikkunat ovat vaarallisimpia kuin l\u00e4pin\u00e4kym\u00e4tt\u00f6m\u00e4t lasit<\/strong>.\u00a0Suojaa lintuja ja ikkunoita.<\/p>\n<p>&nbsp;<\/p>\n","protected":false},"featured_media":4273,"template":"","meta":{"_themeisle_gutenberg_block_has_review":false},"product_brand":[],"product_cat":[50,51],"product_tag":[],"class_list":{"0":"post-4262","1":"product","2":"type-product","3":"status-publish","4":"has-post-thumbnail","6":"product_cat-linnunpelattimet","7":"product_cat-visuaaliset-linnunpelattimet","9":"first","10":"instock","11":"taxable","12":"shipping-taxable","13":"purchasable","14":"product-type-simple"},"_links":{"self":[{"href":"https:\/\/birdbusters.eu\/fi\/wp-json\/wp\/v2\/product\/4262","targetHints":{"allow":["GET"]}}],"collection":[{"href":"https:\/\/birdbusters.eu\/fi\/wp-json\/wp\/v2\/product"}],"about":[{"href":"https:\/\/birdbusters.eu\/fi\/wp-json\/wp\/v2\/types\/product"}],"wp:featuredmedia":[{"embeddable":true,"href":"https:\/\/birdbusters.eu\/fi\/wp-json\/wp\/v2\/media\/4273"}],"wp:attachment":[{"href":"https:\/\/birdbusters.eu\/fi\/wp-json\/wp\/v2\/media?parent=4262"}],"wp:term":[{"taxonomy":"product_brand","embeddable":true,"href":"https:\/\/birdbusters.eu\/fi\/wp-json\/wp\/v2\/product_brand?post=4262"},{"taxonomy":"product_cat","embeddable":true,"href":"https:\/\/birdbusters.eu\/fi\/wp-json\/wp\/v2\/product_cat?post=4262"},{"taxonomy":"product_tag","embeddable":true,"href":"https:\/\/birdbusters.eu\/fi\/wp-json\/wp\/v2\/product_tag?post=4262"}],"curies":[{"name":"wp","href":"https:\/\/api.w.org\/{rel}","templated":true}]}}