{"id":4910,"date":"2021-01-05T15:41:58","date_gmt":"2021-01-05T14:41:58","guid":{"rendered":"https:\/\/birdbusters.eu\/?post_type=product&#038;p=4910"},"modified":"2026-04-05T00:39:52","modified_gmt":"2026-04-04T22:39:52","slug":"lintukarkotin-laser","status":"publish","type":"product","link":"https:\/\/birdbusters.eu\/fi\/tuote\/lintukarkotin-laser\/","title":{"rendered":"Lintukarkotin laser \u2013 Tehokas ja hiljainen ratkaisu lintujen karkottamiseen laserilla"},"content":{"rendered":"<h2 data-start=\"1162\" data-end=\"1200\">Kuinka lintukarkotin laser toimii<\/h2>\n<p data-start=\"1202\" data-end=\"1516\">Lintujen n\u00e4k\u00f6kyky on herkk\u00e4 ja ne reagoivat vahvasti liikkeeseen ja valoon. <strong data-start=\"1278\" data-end=\"1309\">Lintujen karkotus laserilla<\/strong> hy\u00f6dynt\u00e4\u00e4 t\u00e4t\u00e4 luonnollista vaistoa.<br data-start=\"1346\" data-end=\"1349\" \/>Vihre\u00e4 lasers\u00e4de liikkuu ep\u00e4s\u00e4\u00e4nn\u00f6llisesti eri pinnoilla, mik\u00e4 luo jatkuvan liikkeen vaikutelman. T\u00e4m\u00e4 saa linnut kokemaan alueen vaaralliseksi ja ne siirtyv\u00e4t pois.<\/p>\n<p data-start=\"1518\" data-end=\"1665\">Laser toimii tehokkaasti aamulla, illalla ja h\u00e4m\u00e4r\u00e4ss\u00e4, jolloin linnut ovat aktiivisimmillaan. S\u00e4de on selv\u00e4sti n\u00e4kyviss\u00e4 my\u00f6s pilvisell\u00e4 s\u00e4\u00e4ll\u00e4.<\/p>\n<p data-start=\"1667\" data-end=\"1882\">Mukana tulevan kaukos\u00e4\u00e4timen avulla voit s\u00e4\u00e4t\u00e4\u00e4 lasers\u00e4teen kulmaa, liikett\u00e4 ja nopeutta. N\u00e4in voit kohdistaa karkotuksen tarkasti esimerkiksi katon reunoille, silloille, varastojen sis\u00e4\u00e4nk\u00e4ynteihin tai pelloille.<\/p>\n<h2 data-start=\"1889\" data-end=\"1926\">Tuotteen t\u00e4rkeimm\u00e4t ominaisuudet<\/h2>\n<ul data-start=\"1928\" data-end=\"2386\">\n<li data-start=\"1928\" data-end=\"1990\">\n<p data-start=\"1930\" data-end=\"1990\"><strong data-start=\"1930\" data-end=\"1944\">Tekniikka:<\/strong> Liikkuva vihre\u00e4 lasers\u00e4de, laaja peittoalue<\/p>\n<\/li>\n<li data-start=\"1991\" data-end=\"2045\">\n<p data-start=\"1993\" data-end=\"2045\"><strong data-start=\"1993\" data-end=\"2004\">Ohjaus:<\/strong> Langaton kaukos\u00e4\u00e4din helppoon k\u00e4ytt\u00f6\u00f6n<\/p>\n<\/li>\n<li data-start=\"2046\" data-end=\"2100\">\n<p data-start=\"2048\" data-end=\"2100\"><strong data-start=\"2048\" data-end=\"2063\">Peittoalue:<\/strong> Jopa 3000 m\u00b2 olosuhteista riippuen<\/p>\n<\/li>\n<li data-start=\"2101\" data-end=\"2167\">\n<p data-start=\"2103\" data-end=\"2167\"><strong data-start=\"2103\" data-end=\"2125\">Energiaa s\u00e4\u00e4st\u00e4v\u00e4:<\/strong> Alhainen virrankulutus, pitk\u00e4 k\u00e4ytt\u00f6ik\u00e4<\/p>\n<\/li>\n<li data-start=\"2168\" data-end=\"2220\">\n<p data-start=\"2170\" data-end=\"2220\"><strong data-start=\"2170\" data-end=\"2184\">Hiljainen:<\/strong> Ei \u00e4\u00e4nt\u00e4, ei h\u00e4iri\u00f6t\u00e4 ymp\u00e4rist\u00f6\u00f6n<\/p>\n<\/li>\n<li data-start=\"2221\" data-end=\"2268\">\n<p data-start=\"2223\" data-end=\"2268\"><strong data-start=\"2223\" data-end=\"2239\">S\u00e4\u00e4nkest\u00e4v\u00e4:<\/strong> IPX5-luokitus ulkok\u00e4ytt\u00f6\u00f6n<\/p>\n<\/li>\n<li data-start=\"2269\" data-end=\"2326\">\n<p data-start=\"2271\" data-end=\"2326\"><strong data-start=\"2271\" data-end=\"2290\">Helppo asennus:<\/strong> Sein\u00e4lle, jalustalle tai tolppaan<\/p>\n<\/li>\n<li data-start=\"2327\" data-end=\"2386\">\n<p data-start=\"2329\" data-end=\"2386\"><strong data-start=\"2329\" data-end=\"2345\">Huoltovapaa:<\/strong> Ei tarvetta varaosille tai yll\u00e4pidolle<\/p>\n<\/li>\n<\/ul>\n<p data-start=\"2388\" data-end=\"2578\">T\u00e4m\u00e4 <strong data-start=\"2393\" data-end=\"2416\">lintukarkotin laser<\/strong> on suunniteltu ammattik\u00e4ytt\u00f6\u00f6n, mutta se sopii erinomaisesti my\u00f6s yksityisille k\u00e4ytt\u00e4jille, jotka haluavat pit\u00e4\u00e4 alueensa lintuvapaana helposti ja tehokkaasti.<\/p>\n<h2 data-start=\"2585\" data-end=\"2603\">K\u00e4ytt\u00f6kohteet<\/h2>\n<p data-start=\"2605\" data-end=\"2680\"><strong data-start=\"2605\" data-end=\"2636\">Lintujen karkotus laserilla<\/strong> toimii monissa erilaisissa ymp\u00e4rist\u00f6iss\u00e4:<\/p>\n<ul data-start=\"2682\" data-end=\"3130\">\n<li data-start=\"2682\" data-end=\"2759\">\n<p data-start=\"2684\" data-end=\"2759\"><strong data-start=\"2684\" data-end=\"2717\">Varastot ja teollisuushallit:<\/strong> Est\u00e4\u00e4 kyyhkysten ja varpusten pesimisen<\/p>\n<\/li>\n<li data-start=\"2760\" data-end=\"2831\">\n<p data-start=\"2762\" data-end=\"2831\"><strong data-start=\"2762\" data-end=\"2797\">Kattopinnat ja aurinkopaneelit:<\/strong> Pit\u00e4\u00e4 lokit ja harakat loitolla<\/p>\n<\/li>\n<li data-start=\"2832\" data-end=\"2895\">\n<p data-start=\"2834\" data-end=\"2895\"><strong data-start=\"2834\" data-end=\"2854\">Maatalousalueet:<\/strong> Suojaa viljas\u00e4ili\u00f6t, navetat ja pellot<\/p>\n<\/li>\n<li data-start=\"2896\" data-end=\"2975\">\n<p data-start=\"2898\" data-end=\"2975\"><strong data-start=\"2898\" data-end=\"2934\">Viinitarhat ja hedelm\u00e4viljelm\u00e4t:<\/strong> Karkottaa rastaiden ja varisten parvet<\/p>\n<\/li>\n<li data-start=\"2976\" data-end=\"3056\">\n<p data-start=\"2978\" data-end=\"3056\"><strong data-start=\"2978\" data-end=\"3004\">Lentokent\u00e4t ja hallit:<\/strong> V\u00e4hent\u00e4\u00e4 lintujen aiheuttamia turvallisuusriskej\u00e4<\/p>\n<\/li>\n<li data-start=\"3057\" data-end=\"3130\">\n<p data-start=\"3059\" data-end=\"3130\"><strong data-start=\"3059\" data-end=\"3083\">Satamat ja laiturit:<\/strong> Est\u00e4\u00e4 lokkien laskeutumisen ja likaantumisen<\/p>\n<\/li>\n<\/ul>\n<p data-start=\"3132\" data-end=\"3346\">Jos tarvitset lis\u00e4tehoa avoimille alueille, voit yhdist\u00e4\u00e4 t\u00e4m\u00e4n tuotteen <a class=\"decorated-link cursor-pointer\" target=\"_new\" rel=\"noopener\" data-start=\"3205\" data-end=\"3282\">7 metrin haukkaleijaan<\/a>, joka liikkuu tuulessa ja luo luonnollisen pelotevaikutelman.<\/p>\n<h2 data-start=\"3353\" data-end=\"3404\">Edut perinteisiin lintukarkottimiin verrattuna<\/h2>\n<div class=\"TyagGW_tableContainer\">\n<div class=\"group TyagGW_tableWrapper flex w-fit flex-col-reverse\" tabindex=\"-1\">\n<table class=\"w-fit min-w-(--thread-content-width)\" data-start=\"3406\" data-end=\"3884\">\n<thead data-start=\"3406\" data-end=\"3476\">\n<tr data-start=\"3406\" data-end=\"3476\">\n<th data-start=\"3406\" data-end=\"3419\" data-col-size=\"sm\">Ominaisuus<\/th>\n<th data-start=\"3419\" data-end=\"3441\" data-col-size=\"sm\">Lintukarkotin laser<\/th>\n<th data-start=\"3441\" data-end=\"3456\" data-col-size=\"sm\">\u00c4\u00e4nikarkotin<\/th>\n<th data-start=\"3456\" data-end=\"3476\" data-col-size=\"sm\">Verkot ja piikit<\/th>\n<\/tr>\n<\/thead>\n<tbody data-start=\"3549\" data-end=\"3884\">\n<tr data-start=\"3549\" data-end=\"3601\">\n<td data-start=\"3549\" data-end=\"3560\" data-col-size=\"sm\">\u00c4\u00e4nitaso<\/td>\n<td data-start=\"3560\" data-end=\"3579\" data-col-size=\"sm\">T\u00e4ysin hiljainen<\/td>\n<td data-start=\"3579\" data-end=\"3588\" data-col-size=\"sm\">Korkea<\/td>\n<td data-start=\"3588\" data-end=\"3601\" data-col-size=\"sm\">Hiljainen<\/td>\n<\/tr>\n<tr data-start=\"3602\" data-end=\"3658\">\n<td data-start=\"3602\" data-end=\"3616\" data-col-size=\"sm\">Huoltotarve<\/td>\n<td data-start=\"3616\" data-end=\"3636\" data-col-size=\"sm\">Eritt\u00e4in v\u00e4h\u00e4inen<\/td>\n<td data-start=\"3636\" data-end=\"3648\" data-col-size=\"sm\">Keskitaso<\/td>\n<td data-start=\"3648\" data-end=\"3658\" data-col-size=\"sm\">Korkea<\/td>\n<\/tr>\n<tr data-start=\"3659\" data-end=\"3711\">\n<td data-start=\"3659\" data-end=\"3683\" data-col-size=\"sm\">Ymp\u00e4rist\u00f6yst\u00e4v\u00e4llinen<\/td>\n<td data-start=\"3683\" data-end=\"3691\" data-col-size=\"sm\">Kyll\u00e4<\/td>\n<td data-start=\"3691\" data-end=\"3702\" data-col-size=\"sm\">Osittain<\/td>\n<td data-start=\"3702\" data-end=\"3711\" data-col-size=\"sm\">Kyll\u00e4<\/td>\n<\/tr>\n<tr data-start=\"3712\" data-end=\"3768\">\n<td data-start=\"3712\" data-end=\"3725\" data-col-size=\"sm\">Peittoalue<\/td>\n<td data-start=\"3725\" data-end=\"3740\" data-col-size=\"sm\">Jopa 3000 m\u00b2<\/td>\n<td data-start=\"3740\" data-end=\"3753\" data-col-size=\"sm\">Rajoitettu<\/td>\n<td data-start=\"3753\" data-end=\"3768\" data-col-size=\"sm\">Paikallinen<\/td>\n<\/tr>\n<tr data-start=\"3769\" data-end=\"3835\">\n<td data-start=\"3769\" data-end=\"3789\" data-col-size=\"sm\">Totutteluvaikutus<\/td>\n<td data-start=\"3789\" data-end=\"3809\" data-col-size=\"sm\">Eritt\u00e4in v\u00e4h\u00e4inen<\/td>\n<td data-start=\"3809\" data-end=\"3823\" data-col-size=\"sm\">Mahdollinen<\/td>\n<td data-start=\"3823\" data-end=\"3835\" data-col-size=\"sm\">V\u00e4h\u00e4inen<\/td>\n<\/tr>\n<tr data-start=\"3836\" data-end=\"3884\">\n<td data-start=\"3836\" data-end=\"3846\" data-col-size=\"sm\">Asennus<\/td>\n<td data-start=\"3846\" data-end=\"3855\" data-col-size=\"sm\">Helppo<\/td>\n<td data-start=\"3855\" data-end=\"3871\" data-col-size=\"sm\">Monimutkainen<\/td>\n<td data-start=\"3871\" data-end=\"3884\" data-col-size=\"sm\">Keskitaso<\/td>\n<\/tr>\n<\/tbody>\n<\/table>\n<\/div>\n<\/div>\n<p data-start=\"3886\" data-end=\"4024\">Toisin kuin \u00e4\u00e4nipohjaiset laitteet, <strong data-start=\"3922\" data-end=\"3945\">lintukarkotin laser<\/strong> toimii t\u00e4ysin \u00e4\u00e4nett\u00f6m\u00e4sti eik\u00e4 h\u00e4iritse ihmisi\u00e4, lemmikkej\u00e4 tai naapureita.<\/p>\n<h2 data-start=\"4031\" data-end=\"4077\">Turvallinen ja el\u00e4inyst\u00e4v\u00e4llinen ratkaisu<\/h2>\n<p data-start=\"4079\" data-end=\"4251\"><strong data-start=\"4079\" data-end=\"4110\">Lintujen karkotus laserilla<\/strong> on t\u00e4ysin turvallinen linnuille ja ymp\u00e4rist\u00f6lle. Laite ei vahingoita el\u00e4imi\u00e4 \u2013 se ainoastaan pelottaa ne pois luonnollisen vaiston avulla.<\/p>\n<p data-start=\"4253\" data-end=\"4411\">Laserin teho ja aallonpituus t\u00e4ytt\u00e4v\u00e4t EU:n turvallisuusstandardit, ja laite soveltuu k\u00e4ytett\u00e4v\u00e4ksi my\u00f6s elintarviketuotannossa ja julkisissa ymp\u00e4rist\u00f6iss\u00e4.<\/p>\n<h2 data-start=\"4418\" data-end=\"4437\">K\u00e4ytt\u00f6vinkkej\u00e4<\/h2>\n<ul data-start=\"4439\" data-end=\"4723\">\n<li data-start=\"4439\" data-end=\"4503\">\n<p data-start=\"4441\" data-end=\"4503\">K\u00e4yt\u00e4 laseria aamulla ja illalla, kun linnut ovat aktiivisia<\/p>\n<\/li>\n<li data-start=\"4504\" data-end=\"4577\">\n<p data-start=\"4506\" data-end=\"4577\">Vaihda laitteen kulmaa s\u00e4\u00e4nn\u00f6llisesti, jotta linnut eiv\u00e4t totu siihen<\/p>\n<\/li>\n<li data-start=\"4578\" data-end=\"4635\">\n<p data-start=\"4580\" data-end=\"4635\">Puhdista linssi ajoittain, jotta s\u00e4de pysyy kirkkaana<\/p>\n<\/li>\n<li data-start=\"4636\" data-end=\"4723\">\n<p data-start=\"4638\" data-end=\"4723\">Yhdist\u00e4 visuaalisiin pelotteisiin, kuten haukkaleijaan, parhaan tuloksen saamiseksi<\/p>\n<\/li>\n<\/ul>\n<p data-start=\"4725\" data-end=\"4854\">S\u00e4\u00e4nn\u00f6llisesti k\u00e4ytettyn\u00e4 <strong data-start=\"4751\" data-end=\"4774\">lintukarkotin laser<\/strong> tarjoaa pitk\u00e4aikaista ja tehokasta suojaa lintujen aiheuttamilta vahingoilta.<\/p>\n<h2 data-start=\"4861\" data-end=\"4883\">Asiakaskokemuksia<\/h2>\n<blockquote data-start=\"4885\" data-end=\"5016\">\n<p data-start=\"4887\" data-end=\"5016\">\u201cMeill\u00e4 oli lokkiongelma varaston katolla. Laser ratkaisi sen viikossa \u2013 t\u00e4ysin hiljainen ja helppo k\u00e4ytt\u00e4\u00e4.\u201d<br data-start=\"4996\" data-end=\"4999\" \/>\u2014 Jari, Turku<\/p>\n<\/blockquote>\n<blockquote data-start=\"5018\" data-end=\"5109\">\n<p data-start=\"5020\" data-end=\"5109\">\u201cAurinkopaneelimme pysyv\u00e4t nyt puhtaina. Ei en\u00e4\u00e4 lintujen j\u00e4t\u00f6ksi\u00e4.\u201d<br data-start=\"5088\" data-end=\"5091\" \/>\u2014 Laura, Espoo<\/p>\n<\/blockquote>\n<blockquote data-start=\"5111\" data-end=\"5207\">\n<p data-start=\"5113\" data-end=\"5207\">\u201cKaukos\u00e4\u00e4din on todella k\u00e4tev\u00e4. Voin s\u00e4\u00e4t\u00e4\u00e4 laitetta suoraan pihalta.\u201d<br data-start=\"5183\" data-end=\"5186\" \/>\u2014 Pekka, Helsinki<\/p>\n<\/blockquote>\n<h2 data-start=\"5214\" data-end=\"5243\">Miksi valita Birdbusters<\/h2>\n<p data-start=\"5245\" data-end=\"5459\">Birdbusters tarjoaa ammattimaisia ja el\u00e4inyst\u00e4v\u00e4llisi\u00e4 ratkaisuja lintujen torjuntaan.<br data-start=\"5331\" data-end=\"5334\" \/><strong data-start=\"5334\" data-end=\"5357\">Lintukarkotin laser<\/strong> on luotettava, tehokas ja helppo tapa suojata rakennuksesi ja sadosi ilman haitallisia kemikaaleja.<\/p>\n<p>Englanninkielinen <a href=\"https:\/\/birdbusters.eu\/wp-content\/uploads\/2021\/01\/outdoor.pdf\">k\u00e4ytt\u00f6opas<\/a>.<\/p>\n","protected":false},"excerpt":{"rendered":"<p>&nbsp;<\/p>\n<p data-start=\"394\" data-end=\"694\">Linnut voivat aiheuttaa merkitt\u00e4vi\u00e4 ongelmia katoilla, varastoissa ja maatalousalueilla. Ne likaavat rakennuksia, vahingoittavat laitteita ja pilaavat satoa.<br data-start=\"551\" data-end=\"554\" \/><strong data-start=\"554\" data-end=\"577\">Lintukarkotin laser<\/strong> on moderni, hiljainen ja ymp\u00e4rist\u00f6yst\u00e4v\u00e4llinen tapa pit\u00e4\u00e4 linnut loitolla \u2013 ilman \u00e4\u00e4nt\u00e4, kemikaaleja tai verkkoja.<\/p>\n<p data-start=\"696\" data-end=\"985\">T\u00e4m\u00e4 <strong data-start=\"701\" data-end=\"732\">lintujen karkotus laserilla<\/strong> perustuu voimakkaaseen vihre\u00e4\u00e4n lasers\u00e4teeseen, joka liikkuu jatkuvasti ja luo liikett\u00e4 muistuttavan vaikutelman. Linnut kokevat s\u00e4teen uhkana ja poistuvat alueelta nopeasti. Koska s\u00e4de liikkuu ja muuttaa suuntaa jatkuvasti, linnut eiv\u00e4t totu siihen.<\/p>\n<p data-start=\"987\" data-end=\"1155\">Laite sopii erinomaisesti katoille, varastoihin, navetoihin, maatalousrakennuksiin, satamiin ja aurinkopaneelikentille \u2013 kaikkialle, miss\u00e4 linnut aiheuttavat haittaa.<\/p>\n[video width=\"720\" height=\"720\" mp4=\"https:\/\/birdbusters.eu\/wp-content\/uploads\/2021\/01\/384414405855-1-1.mp4\"][\/video]\n","protected":false},"featured_media":4198,"template":"","meta":{"_themeisle_gutenberg_block_has_review":false},"product_brand":[],"product_cat":[55,56],"product_tag":[],"class_list":{"0":"post-4910","1":"product","2":"type-product","3":"status-publish","4":"has-post-thumbnail","6":"product_cat-lintujen-laserkarkottimet","7":"product_cat-lintukarkottimet","9":"first","10":"instock","11":"taxable","12":"shipping-taxable","13":"purchasable","14":"product-type-simple"},"_links":{"self":[{"href":"https:\/\/birdbusters.eu\/fi\/wp-json\/wp\/v2\/product\/4910","targetHints":{"allow":["GET"]}}],"collection":[{"href":"https:\/\/birdbusters.eu\/fi\/wp-json\/wp\/v2\/product"}],"about":[{"href":"https:\/\/birdbusters.eu\/fi\/wp-json\/wp\/v2\/types\/product"}],"wp:featuredmedia":[{"embeddable":true,"href":"https:\/\/birdbusters.eu\/fi\/wp-json\/wp\/v2\/media\/4198"}],"wp:attachment":[{"href":"https:\/\/birdbusters.eu\/fi\/wp-json\/wp\/v2\/media?parent=4910"}],"wp:term":[{"taxonomy":"product_brand","embeddable":true,"href":"https:\/\/birdbusters.eu\/fi\/wp-json\/wp\/v2\/product_brand?post=4910"},{"taxonomy":"product_cat","embeddable":true,"href":"https:\/\/birdbusters.eu\/fi\/wp-json\/wp\/v2\/product_cat?post=4910"},{"taxonomy":"product_tag","embeddable":true,"href":"https:\/\/birdbusters.eu\/fi\/wp-json\/wp\/v2\/product_tag?post=4910"}],"curies":[{"name":"wp","href":"https:\/\/api.w.org\/{rel}","templated":true}]}}