{"id":5203,"date":"2021-02-01T11:37:17","date_gmt":"2021-02-01T10:37:17","guid":{"rendered":"https:\/\/birdbusters.eu\/?post_type=product&#038;p=5203"},"modified":"2026-04-29T17:43:19","modified_gmt":"2026-04-29T15:43:19","slug":"kolmijalka-mekaanisein-kaasutykkeihin","status":"publish","type":"product","link":"https:\/\/birdbusters.eu\/fi\/tuote\/kolmijalka-mekaanisein-kaasutykkeihin\/","title":{"rendered":"Kolmijalka mekaanisein kaasutykkeihin"},"content":{"rendered":"<p>Jokaisen pamauksen j\u00e4lkeen paineaalto k\u00e4\u00e4nt\u00e4\u00e4 tykin toiseen suuntaan.<\/p>\n<p><span style=\"font-size: 14pt;\">Toimitusaika 3-4 ty\u00f6p\u00e4iv\u00e4\u00e4<\/span><\/p>\n","protected":false},"excerpt":{"rendered":"<p>360 astetta py\u00f6riv\u00e4 kolmijalka lis\u00e4\u00e4 kaasutykin toimintas\u00e4dett\u00e4 korkeutensa ja py\u00f6riv\u00e4n akselinsa avulla.<\/p>\n<p><strong><span style=\"color: #ff0000;\">HUOM! Tuote ei mahdu pakettiautomaattiin (Pickup Point). Valitse toimitustavaksi kuriiri (Courier Standard).<\/span><\/strong><\/p>\n<p>&nbsp;<\/p>\n","protected":false},"featured_media":5214,"template":"","meta":{"_themeisle_gutenberg_block_has_review":false,"rank_math_focus_keyword":"kolmijalka mekaaniseen kaasutykkiin","rank_math_title":"Py\u00f6riv\u00e4 Kolmijalka Mekaaniseen Kaasutykkiin | Bird Busters","rank_math_description":"T\u00e4m\u00e4 py\u00f6riv\u00e4 kolmijalka mekaaniseen kaasutykkiin laajentaa propaanitykist\u00f6n toiminta-aluetta. Lue lis\u00e4\u00e4 ja tilaa!","rank_math_canonical_url":"","rank_math_facebook_title":"","rank_math_facebook_description":"","rank_math_facebook_image":"","rank_math_twitter_title":"","rank_math_twitter_description":"","rank_math_twitter_image":"","rank_math_schema_FAQPage":[]},"product_brand":[],"product_cat":[165,282,71,276,231,56,256,272,246,251],"product_tag":[],"class_list":{"0":"post-5203","1":"product","2":"type-product","3":"status-publish","4":"has-post-thumbnail","6":"product_cat-elainkarkottimet","7":"product_cat-haikaroiden-karkotus-2","8":"product_cat-lintu-tykit","9":"product_cat-kottaraisten-torjunta","10":"product_cat-lintujen-torjunta-teollisuusalueilla-ja-varastoissa","11":"product_cat-lintukarkottimet","12":"product_cat-muuttolintujen-karkotus-ja-torjunta","13":"product_cat-varisten-torjunta","14":"product_cat-viljelmien-ja-hedelmatarhojen-lintusuojaus","15":"product_cat-villielainten-karkotus-ja-kulkukoirien-ja-kissojen-kontrolli","16":"product_shipping_class-kuller-pick-up-point-fi","18":"first","19":"instock","20":"taxable","21":"shipping-taxable","22":"purchasable","23":"product-type-simple"},"_links":{"self":[{"href":"https:\/\/birdbusters.eu\/fi\/wp-json\/wp\/v2\/product\/5203","targetHints":{"allow":["GET"]}}],"collection":[{"href":"https:\/\/birdbusters.eu\/fi\/wp-json\/wp\/v2\/product"}],"about":[{"href":"https:\/\/birdbusters.eu\/fi\/wp-json\/wp\/v2\/types\/product"}],"wp:featuredmedia":[{"embeddable":true,"href":"https:\/\/birdbusters.eu\/fi\/wp-json\/wp\/v2\/media\/5214"}],"wp:attachment":[{"href":"https:\/\/birdbusters.eu\/fi\/wp-json\/wp\/v2\/media?parent=5203"}],"wp:term":[{"taxonomy":"product_brand","embeddable":true,"href":"https:\/\/birdbusters.eu\/fi\/wp-json\/wp\/v2\/product_brand?post=5203"},{"taxonomy":"product_cat","embeddable":true,"href":"https:\/\/birdbusters.eu\/fi\/wp-json\/wp\/v2\/product_cat?post=5203"},{"taxonomy":"product_tag","embeddable":true,"href":"https:\/\/birdbusters.eu\/fi\/wp-json\/wp\/v2\/product_tag?post=5203"}],"curies":[{"name":"wp","href":"https:\/\/api.w.org\/{rel}","templated":true}]}}