{"id":6720,"date":"2021-06-03T07:59:44","date_gmt":"2021-06-03T05:59:44","guid":{"rendered":"https:\/\/birdbusters.eu\/?post_type=product&#038;p=6720"},"modified":"2025-11-02T14:12:18","modified_gmt":"2025-11-02T13:12:18","slug":"7-metrinen-kotkaleija","status":"publish","type":"product","link":"https:\/\/birdbusters.eu\/fi\/tuote\/7-metrinen-kotkaleija\/","title":{"rendered":"7-metrinen kotkaleija"},"content":{"rendered":"<div>\n<div class=\"grid-cols-1 grid gap-2.5 [&amp;_&gt;_*]:min-w-0\">\n<h2 class=\"text-xl font-bold text-text-100 mt-1 -mb-0.5\">Kotka-leija Lintukarkotteeksi<\/h2>\n<\/div>\n<\/div>\n<div>\n<div class=\"grid-cols-1 grid gap-2.5 [&amp;_&gt;_*]:min-w-0\">\n<p class=\"whitespace-normal break-words\">Kotka-leija on tehokas ja kest\u00e4v\u00e4 menetelm\u00e4 pit\u00e4\u00e4 haittakyyhkyset poissa puutarhastasi. Se on yksi suosituimmista lintukarkotusratkaisuista, ja syyst\u00e4 \u2013 se ajaa ei-toivotut vierailijat pois hedelm\u00e4tarhastasi tai pelloiltasi.<\/p>\n<\/div>\n<\/div>\n<div>\n<div class=\"grid-cols-1 grid gap-2.5 [&amp;_&gt;_*]:min-w-0\">\n<p class=\"whitespace-normal break-words\">\u00c4\u00e4net\u00f6n ja tehokas leija toimii jopa pienimm\u00e4ss\u00e4 tuulenhenk\u00e4yksess\u00e4 (alle 2 km\/h). 7-metriinen teleskooppitanko varmistaa leijan jatkuvasti vaihtuvan liikkeen. Se nousee ja sy\u00f6ksyy alas kuin todellinen kotka, ja sen l\u00e4sn\u00e4olo riitt\u00e4\u00e4 pit\u00e4m\u00e4\u00e4n haittakyyhkyi\u00e4 loitolla. Petolintujen pelko on juurtunut lintujen k\u00e4ytt\u00e4ytymiseen, ja siksi kotka-leija est\u00e4\u00e4 niit\u00e4 p\u00e4\u00e4sem\u00e4st\u00e4 suojattuihin alueisiin.<\/p>\n<\/div>\n<\/div>\n<div>\n<div class=\"grid-cols-1 grid gap-2.5 [&amp;_&gt;_*]:min-w-0\">\n<p class=\"whitespace-normal break-words\">Leijan heijastavat silm\u00e4t ja silmiinpist\u00e4v\u00e4 v\u00e4ri ovat lis\u00e4syit\u00e4 siihen, miksi linnut tuntevat olonsa h\u00e4irityksi sen vuoksi.<\/p>\n<\/div>\n<\/div>\n<div>\n<div class=\"grid-cols-1 grid gap-2.5 [&amp;_&gt;_*]:min-w-0\">\n<p class=\"whitespace-normal break-words\">Kotka-leijan tehokas kantama riippuu sen lentokoreudesta. 7-metrinen teleskooppitanko, jonka varren pituus on noin 5 m, tuo linnunpel\u00e4tin enint\u00e4\u00e4n 12 m:n lentokorkeuteen. Tehokas alue on noin 0,75 hehtaaria.<\/p>\n<\/div>\n<\/div>\n<div>\n<div class=\"grid-cols-1 grid gap-2.5 [&amp;_&gt;_*]:min-w-0\">\n<p class=\"whitespace-normal break-words\">T\u00e4m\u00e4n leijaj\u00e4rjestelm\u00e4n lis\u00e4ksi tarjoamme eri k\u00e4ytt\u00f6alueisiin r\u00e4\u00e4t\u00e4l\u00f6ityj\u00e4 j\u00e4rjestelmi\u00e4, joissa on 5-metrinen tai 9-metrinen teleskooppitanko.<\/p>\n<\/div>\n<\/div>\n<div>\n<div class=\"grid-cols-1 grid gap-2.5 [&amp;_&gt;_*]:min-w-0\">\n<p class=\"whitespace-normal break-words\">Kotka-leija on el\u00e4inyst\u00e4v\u00e4llinen lintukarkote, joka ajaa linnut pois luonnollisella tavalla. T\u00e4m\u00e4n karkotteen \u00e4\u00e4nett\u00f6myys varmistaa, ett\u00e4 t\u00e4m\u00e4 linnunpel\u00e4tin sopii hyvin my\u00f6s puutarhoihin ja parvekkeille.<\/p>\n<\/div>\n<\/div>\n<div>\n<div class=\"grid-cols-1 grid gap-2.5 [&amp;_&gt;_*]:min-w-0\">\n<h2 class=\"text-xl font-bold text-text-100 mt-1 -mb-0.5\">K\u00e4ytt\u00f6alueet<\/h2>\n<\/div>\n<\/div>\n<div>\n<div class=\"grid-cols-1 grid gap-2.5 [&amp;_&gt;_*]:min-w-0\">\n<p class=\"whitespace-normal break-words\">Leijaj\u00e4rjestelm\u00e4n voi koota kuka tahansa, ja se voidaan asentaa minne tahansa, miss\u00e4 suojaa tarvitaan. K\u00e4ytt\u00f6mahdollisuudet vaihtelevat vihannesviljelyst\u00e4, viininviljelyst\u00e4 ja kalankasvatuksesta korkeisiin rakennuksiin, teollisuushalleihin, satamalaitoksiin ja kaatopaikoihin.<\/p>\n<\/div>\n<\/div>\n<div>\n<div class=\"grid-cols-1 grid gap-2.5 [&amp;_&gt;_*]:min-w-0\">\n<p class=\"whitespace-normal break-words\">Leijan lentokorkeus mahdollistaa my\u00f6s k\u00e4yt\u00f6n korkeissa viljelykasveissa, kuten hedelm\u00e4tarhoissa tai taimitarhoissa.<\/p>\n<\/div>\n<\/div>\n<div>\n<div class=\"grid-cols-1 grid gap-2.5 [&amp;_&gt;_*]:min-w-0\">\n<h2 class=\"text-xl font-bold text-text-100 mt-1 -mb-0.5\">Asennus<\/h2>\n<\/div>\n<\/div>\n<div>\n<div class=\"grid-cols-1 grid gap-2.5 [&amp;_&gt;_*]:min-w-0\">\n<p class=\"whitespace-normal break-words\">Yleisesti ottaen on huolehdittu siit\u00e4, ett\u00e4 t\u00e4m\u00e4n karkotteen asennus on eritt\u00e4in yksinkertaista eik\u00e4 kest\u00e4 yli 10 minuuttia. Kokoonpano koostuu nelj\u00e4st\u00e4 yksinkertaisesta vaiheesta:<\/p>\n<\/div>\n<\/div>\n<div>\n<div class=\"grid-cols-1 grid gap-2.5 [&amp;_&gt;_*]:min-w-0\">\n<ul class=\"[&amp;:not(:last-child)_ul]:pb-1 [&amp;:not(:last-child)_ol]:pb-1 list-disc space-y-2.5 pl-7\">\n<li class=\"whitespace-normal break-words\">Ly\u00f6 maankkuri puoleen syvyyteen maahan<\/li>\n<li class=\"whitespace-normal break-words\">Jatka tanko t\u00e4yteen pituuteensa<\/li>\n<li class=\"whitespace-normal break-words\">Kokoa kotka ja sido se tangon k\u00e4rkeen<\/li>\n<li class=\"whitespace-normal break-words\">Liu&#8217;uta teleskooppitanko maankkurin p\u00e4\u00e4lle<\/li>\n<\/ul>\n<\/div>\n<\/div>\n<div>\n<div class=\"grid-cols-1 grid gap-2.5 [&amp;_&gt;_*]:min-w-0\">\n<p class=\"whitespace-normal break-words\">Kun asennat katolle, k\u00e4yt\u00e4 mukana toimitettua maapiikki\u00e4 tangon kanssa.<\/p>\n<\/div>\n<\/div>\n<div>\n<div class=\"grid-cols-1 grid gap-2.5 [&amp;_&gt;_*]:min-w-0\">\n<h2 class=\"text-xl font-bold text-text-100 mt-1 -mb-0.5\">Usein Kysytyt Kysymykset<\/h2>\n<\/div>\n<\/div>\n<div>\n<div class=\"grid-cols-1 grid gap-2.5 [&amp;_&gt;_*]:min-w-0\">\n<h3 class=\"text-lg font-bold text-text-100 mt-1 -mb-1.5\">Mitk\u00e4 Linnut Vaikuttuvat Kotka-leijasta?<\/h3>\n<\/div>\n<\/div>\n<div>\n<div class=\"grid-cols-1 grid gap-2.5 [&amp;_&gt;_*]:min-w-0\">\n<p class=\"whitespace-normal break-words\">Lintulajit, jotka vaikuttuvat kotka-leijasta, ovat kyyhkyset, varpuset, mustarastaat, varikset, p\u00e4\u00e4skyset, hanhet, lokit ja kottaraiset.<\/p>\n<\/div>\n<\/div>\n<div>\n<div class=\"grid-cols-1 grid gap-2.5 [&amp;_&gt;_*]:min-w-0\">\n<h3 class=\"text-lg font-bold text-text-100 mt-1 -mb-1.5\">Miten Voin Ajaa Ei-toivotut Linnut Pois Puutarhastani?<\/h3>\n<\/div>\n<\/div>\n<div>\n<div class=\"grid-cols-1 grid gap-2.5 [&amp;_&gt;_*]:min-w-0\">\n<p class=\"whitespace-normal break-words\">Jos sinulla on ongelma puutarhasi lintujen kanssa, on olemassa useita ratkaisuja niiden karkottamiseksi.<\/p>\n<\/div>\n<\/div>\n<div>\n<div class=\"grid-cols-1 grid gap-2.5 [&amp;_&gt;_*]:min-w-0\">\n<p class=\"whitespace-normal break-words\">Voit esimerkiksi k\u00e4ytt\u00e4\u00e4 akustisia karkotteita, kuten variksenpel\u00e4ttimi\u00e4 Bird Guardilta. Tai valitse jotain heijastavaa, kuten vanhoja CD-levyj\u00e4, autokalvon paloja tai lintukarkotenauhaa.<\/p>\n<\/div>\n<\/div>\n<div>\n<div class=\"grid-cols-1 grid gap-2.5 [&amp;_&gt;_*]:min-w-0\">\n<h3 class=\"text-lg font-bold text-text-100 mt-1 -mb-1.5\">Onko Linnunpel\u00e4tin-leija Tehokas?<\/h3>\n<\/div>\n<\/div>\n<div>\n<div class=\"grid-cols-1 grid gap-2.5 [&amp;_&gt;_*]:min-w-0\">\n<p class=\"whitespace-normal break-words\">Kyll\u00e4, ep\u00e4ilem\u00e4tt\u00e4! On kiistaton tosiasia, ett\u00e4 linnunpel\u00e4tin-leija est\u00e4\u00e4 tehokkaasti mustarastaita ja muita lintuja vierailemasta tietyill\u00e4 alueilla. Useimmilla linnuilla on vaistossa petolinnuista pelkoa muistuttavan leijan vuoksi, ja ne v\u00e4ltt\u00e4v\u00e4t oleskelua leijan alla.<\/p>\n<\/div>\n<\/div>\n<div>\n<div class=\"grid-cols-1 grid gap-2.5 [&amp;_&gt;_*]:min-w-0\">\n<h3 class=\"text-lg font-bold text-text-100 mt-1 -mb-1.5\">Voivatko Linnut Tottua Linnunpel\u00e4tin-leijaan?<\/h3>\n<\/div>\n<\/div>\n<div>\n<div class=\"grid-cols-1 grid gap-2.5 [&amp;_&gt;_*]:min-w-0\">\n<p class=\"whitespace-normal break-words\">Koska vaistossa petolintujen pelko on juurtunut lintujen k\u00e4ytt\u00e4ytymiseen, ne voivat tottua leijoihin vain eritt\u00e4in vaikeasti. Joitakin lievi\u00e4 tottumisen vaikutuksia voi kuitenkin ilmet\u00e4 tietyiss\u00e4 olosuhteissa. T\u00e4ss\u00e4 tapauksessa vaihda leijan sijaintia tai lentokorkeutta.<\/p>\n<\/div>\n<\/div>\n<div>\n<div class=\"grid-cols-1 grid gap-2.5 [&amp;_&gt;_*]:min-w-0\">\n<h3 class=\"text-lg font-bold text-text-100 mt-1 -mb-1.5\">Toimiiko Leija My\u00f6s Tyyness\u00e4 Tuulessa?<\/h3>\n<\/div>\n<\/div>\n<div>\n<div class=\"grid-cols-1 grid gap-2.5 [&amp;_&gt;_*]:min-w-0\">\n<p class=\"whitespace-normal break-words\">Leija nousee ja lent\u00e4\u00e4 ymp\u00e4riins\u00e4 jopa kevyess\u00e4 tuulenhenk\u00e4yksess\u00e4 (alle 2 km\/h), mutta valitettavasti se ei toimi t\u00e4ydellisess\u00e4 tyyness\u00e4.<\/p>\n<\/div>\n<\/div>\n<p style=\"text-align: justify;\"><u>Lintuleijan k\u00e4ytt\u00f6opas englanniksi\u00a0<a href=\"https:\/\/birdbusters.eu\/wp-content\/uploads\/2019\/03\/BB-Manual-DEMO.pdf\">Bird kite manual<\/a><\/u><\/p>\n<p>HUOMAA! Ennen voimakkaita myrskyj\u00e4 tuote on suositeltavaa ottaa pois, ettei se vahingoittuisi.<\/p>\n<p><span style=\"font-size: 14pt;\">Toimitusaika 3-4 ty\u00f6p\u00e4iv\u00e4\u00e4<\/span><\/p>\n","protected":false},"excerpt":{"rendered":"<p>Lokit ja kyyhkyset voivat olla kaupunkitilassa suuri vitsaus. Lintujen pesint\u00e4- ja ruokailuj\u00e4\u00e4nteet tukkivat katoilla sadeveden poistokanavat, poikasiaan puolustavat linnut ovat ihmisille vaarallisia ja saaste vahingoittaa terveytt\u00e4 ja kiinteist\u00f6j\u00e4.<\/p>\n<p>https:\/\/youtu.be\/p6I04j4kwmo<\/p>\n<p>&nbsp;<\/p>\n<p>&nbsp;<\/p>\n","protected":false},"featured_media":13430,"template":"","meta":{"_themeisle_gutenberg_block_has_review":false},"product_brand":[],"product_cat":[53,50],"product_tag":[],"class_list":{"0":"post-6720","1":"product","2":"type-product","3":"status-publish","4":"has-post-thumbnail","6":"product_cat-leijapelattimet","7":"product_cat-linnunpelattimet","8":"product_shipping_class-kuller-pick-up-point-fi","10":"first","11":"instock","12":"sale","13":"taxable","14":"shipping-taxable","15":"purchasable","16":"product-type-simple"},"_links":{"self":[{"href":"https:\/\/birdbusters.eu\/fi\/wp-json\/wp\/v2\/product\/6720","targetHints":{"allow":["GET"]}}],"collection":[{"href":"https:\/\/birdbusters.eu\/fi\/wp-json\/wp\/v2\/product"}],"about":[{"href":"https:\/\/birdbusters.eu\/fi\/wp-json\/wp\/v2\/types\/product"}],"wp:featuredmedia":[{"embeddable":true,"href":"https:\/\/birdbusters.eu\/fi\/wp-json\/wp\/v2\/media\/13430"}],"wp:attachment":[{"href":"https:\/\/birdbusters.eu\/fi\/wp-json\/wp\/v2\/media?parent=6720"}],"wp:term":[{"taxonomy":"product_brand","embeddable":true,"href":"https:\/\/birdbusters.eu\/fi\/wp-json\/wp\/v2\/product_brand?post=6720"},{"taxonomy":"product_cat","embeddable":true,"href":"https:\/\/birdbusters.eu\/fi\/wp-json\/wp\/v2\/product_cat?post=6720"},{"taxonomy":"product_tag","embeddable":true,"href":"https:\/\/birdbusters.eu\/fi\/wp-json\/wp\/v2\/product_tag?post=6720"}],"curies":[{"name":"wp","href":"https:\/\/api.w.org\/{rel}","templated":true}]}}