{"id":7422,"date":"2021-05-14T11:18:36","date_gmt":"2021-05-14T09:18:36","guid":{"rendered":"https:\/\/birdbusters.eu\/product\/strap-on-boat-base\/"},"modified":"2025-10-31T11:35:09","modified_gmt":"2025-10-31T10:35:09","slug":"kiinnitysalusta-linnunpelotushamahakille","status":"publish","type":"product","link":"https:\/\/birdbusters.eu\/fi\/tuote\/kiinnitysalusta-linnunpelotushamahakille\/","title":{"rendered":"Kiinnitysalusta linnunpelotush\u00e4m\u00e4h\u00e4kille"},"content":{"rendered":"<p>Lujasta muovista valmistettu ja kiinnityslenkein varustettu alusta mahdollistaa <a href=\"https:\/\/birdbusters.eu\/fi\/tuote\/bird-spider-1-80m\/\">linnunpelotush\u00e4m\u00e4h\u00e4kin<\/a> kiinnitt\u00e4misen purjeveneen puomiin tai my\u00f6s hiekkatyynyyn. Se mahdollistaa veneen suojaamisen silloin, kun itse et ole paikalla.<\/p>\n","protected":false},"excerpt":{"rendered":"<p>Lujasta muovista valmistettu ja kiinnityslenkein varustettu alusta mahdollistaa linnunpelotush\u00e4m\u00e4h\u00e4kin kiinnitt\u00e4misen purjeveneen puomiin tai my\u00f6s hiekkatyynyyn. Se mahdollistaa veneen suojaamisen silloin, kun itse et ole paikalla.<\/p>\n","protected":false},"featured_media":7425,"template":"","meta":{"_themeisle_gutenberg_block_has_review":false},"product_brand":[],"product_cat":[56,106],"product_tag":[],"class_list":{"0":"post-7422","1":"product","2":"type-product","3":"status-publish","4":"has-post-thumbnail","6":"product_cat-lintukarkottimet","7":"product_cat-lintupiikit","9":"first","10":"instock","11":"sale","12":"taxable","13":"shipping-taxable","14":"purchasable","15":"product-type-simple"},"_links":{"self":[{"href":"https:\/\/birdbusters.eu\/fi\/wp-json\/wp\/v2\/product\/7422","targetHints":{"allow":["GET"]}}],"collection":[{"href":"https:\/\/birdbusters.eu\/fi\/wp-json\/wp\/v2\/product"}],"about":[{"href":"https:\/\/birdbusters.eu\/fi\/wp-json\/wp\/v2\/types\/product"}],"wp:featuredmedia":[{"embeddable":true,"href":"https:\/\/birdbusters.eu\/fi\/wp-json\/wp\/v2\/media\/7425"}],"wp:attachment":[{"href":"https:\/\/birdbusters.eu\/fi\/wp-json\/wp\/v2\/media?parent=7422"}],"wp:term":[{"taxonomy":"product_brand","embeddable":true,"href":"https:\/\/birdbusters.eu\/fi\/wp-json\/wp\/v2\/product_brand?post=7422"},{"taxonomy":"product_cat","embeddable":true,"href":"https:\/\/birdbusters.eu\/fi\/wp-json\/wp\/v2\/product_cat?post=7422"},{"taxonomy":"product_tag","embeddable":true,"href":"https:\/\/birdbusters.eu\/fi\/wp-json\/wp\/v2\/product_tag?post=7422"}],"curies":[{"name":"wp","href":"https:\/\/api.w.org\/{rel}","templated":true}]}}